{"id":38010,"date":"2025-02-20T22:34:25","date_gmt":"2025-02-20T22:34:25","guid":{"rendered":"https:\/\/olemosaic.orbitalia.org\/producto\/salvamanteles-de-ceramica-flamencos-mallorca\/"},"modified":"2025-07-25T18:46:13","modified_gmt":"2025-07-25T16:46:13","slug":"descanso-de-pratos-em-ceramica-flamingos-maiorca","status":"publish","type":"product","link":"https:\/\/olemosaic.orbitalia.org\/pt-pt\/produto\/descanso-de-pratos-em-ceramica-flamingos-maiorca\/","title":{"rendered":"Descanso de pratos em cer\u00e2mica. Flamingos. Maiorca."},"content":{"rendered":"<p>Este descanso de pratos em cer\u00e2mica, inspirado na fauna de Maiorca, \u00e9 uma pe\u00e7a decorativa que confere um vibrante toque mediterr\u00e2nico a qualquer mesa. Com um design alegre, composto por flamingos em tons de rosa e vermelho, o descanso de pratos apresenta um fundo azul que real\u00e7a cada silhueta com um acabamento brilhante e atraente. Os flamingos, s\u00edmbolos da beleza natural das Ilhas Baleares, surgem rodeados por um colorido mosaico que evoca as paisagens costeiras de Maiorca. Elaborado com cer\u00e2mica de alta qualidade, este artigo conta com uma borda de corda vermelha que, al\u00e9m de o embelezar, facilita o seu transporte ou suspens\u00e3o. Este descanso de pratos n\u00e3o s\u00f3 \u00e9 ideal para proteger a superf\u00edcie da mesa, como se torna uma aut\u00eantica recorda\u00e7\u00e3o de Maiorca, perfeito para quem deseja levar consigo um peda\u00e7o da cultura balear.<\/p>\n<p>\u00c9 um presente ideal para quem valoriza o artesanato local e a liga\u00e7\u00e3o com a natureza. Atrav\u00e9s dos seus designs, representa a vibrante fauna de Maiorca, transformando cada refei\u00e7\u00e3o numa experi\u00eancia \u00fanica. Na Ol\u00e9 Mosaic, como distribuidores de artigos de cer\u00e2mica por grosso, oferecemos produtos que se destacam pela sua autenticidade e relev\u00e2ncia cultural, ideais para turistas e lojas de recorda\u00e7\u00f5es que procuram souvenirs memor\u00e1veis.<\/p>\n","protected":false},"excerpt":{"rendered":"<p>Descanso de pratos em cer\u00e2mica inspirado na fauna de Maiorca, com vibrantes flamingos que se destacam sobre um colorido mosaico. Este atraente artigo apresenta um design alegre, com um fundo azul que real\u00e7a as silhuetas dos flamingos em tons de rosa e vermelho, rodeados de detalhes em azul intenso. Elaborado em cer\u00e2mica e com uma borda de corda vermelha, \u00e9 ideal para adicionar um toque mediterr\u00e2nico a qualquer mesa. Perfeito para os amantes da natureza e da cultura balear.<\/p>\n","protected":false},"featured_media":8976,"template":"","meta":{"_acf_changed":false},"product_brand":[],"product_cat":[830],"product_tag":[516,515],"class_list":{"0":"post-38010","1":"product","2":"type-product","3":"status-publish","4":"has-post-thumbnail","6":"product_cat-bases-para-pratos","7":"product_tag-animais","8":"product_tag-ceramica","9":"pa_ciudad-mallorca","10":"pa_motivo-flamingos","11":"pa_pais-espana","13":"first","14":"instock","15":"shipping-taxable","16":"product-type-simple"},"acf":[],"_links":{"self":[{"href":"https:\/\/olemosaic.orbitalia.org\/pt-pt\/wp-json\/wp\/v2\/product\/38010","targetHints":{"allow":["GET"]}}],"collection":[{"href":"https:\/\/olemosaic.orbitalia.org\/pt-pt\/wp-json\/wp\/v2\/product"}],"about":[{"href":"https:\/\/olemosaic.orbitalia.org\/pt-pt\/wp-json\/wp\/v2\/types\/product"}],"wp:featuredmedia":[{"embeddable":true,"href":"https:\/\/olemosaic.orbitalia.org\/pt-pt\/wp-json\/wp\/v2\/media\/8976"}],"wp:attachment":[{"href":"https:\/\/olemosaic.orbitalia.org\/pt-pt\/wp-json\/wp\/v2\/media?parent=38010"}],"wp:term":[{"taxonomy":"product_brand","embeddable":true,"href":"https:\/\/olemosaic.orbitalia.org\/pt-pt\/wp-json\/wp\/v2\/product_brand?post=38010"},{"taxonomy":"product_cat","embeddable":true,"href":"https:\/\/olemosaic.orbitalia.org\/pt-pt\/wp-json\/wp\/v2\/product_cat?post=38010"},{"taxonomy":"product_tag","embeddable":true,"href":"https:\/\/olemosaic.orbitalia.org\/pt-pt\/wp-json\/wp\/v2\/product_tag?post=38010"}],"curies":[{"name":"wp","href":"https:\/\/api.w.org\/{rel}","templated":true}]}}