{"id":38001,"date":"2025-02-20T23:34:19","date_gmt":"2025-02-20T22:34:19","guid":{"rendered":"https:\/\/olemosaic.orbitalia.org\/producto\/taza-de-ceramica-panoramica-barcelona-beige-4\/"},"modified":"2025-07-25T20:23:18","modified_gmt":"2025-07-25T18:23:18","slug":"caneca-de-ceramica-panoramica-barcelona-bege-4","status":"publish","type":"product","link":"https:\/\/olemosaic.orbitalia.org\/pt-pt\/produto\/caneca-de-ceramica-panoramica-barcelona-bege-4\/","title":{"rendered":"Caneca de cer\u00e2mica. Panor\u00e2mica. Sagrada Fam\u00edlia. Barcelona. Bege."},"content":{"rendered":"<p>Esta encantadora caneca de cer\u00e2mica apresenta uma colorida panor\u00e2mica de Barcelona, captando a vibrante ess\u00eancia desta ic\u00f3nica cidade. Decorada em tons de bege, a caneca emana eleg\u00e2ncia e sofistica\u00e7\u00e3o. A ilustra\u00e7\u00e3o, com efeito pintado \u00e0 m\u00e3o, destaca a majestosa Sagrada Fam\u00edlia e o emblem\u00e1tico Parque G\u00fcell, s\u00edmbolos ic\u00f3nicos da arquitetura modernista catal\u00e3. Os mosaicos tradicionais que adornam a caneca evocam a obra do famoso arquiteto Antoni Gaud\u00ed, conhecido pelo seu estilo \u00fanico que funde natureza e arte de forma extraordin\u00e1ria.<\/p>\n<p>Acompanhada por uma colher a condizer, esta caneca n\u00e3o \u00e9 apenas perfeita para desfrutar das suas bebidas favoritas, mas tamb\u00e9m evoca a rica cultura e a arte de Barcelona, tornando-a um presente inesquec\u00edvel ou uma recorda\u00e7\u00e3o excecional. \u00c9 um souvenir aut\u00eantico, ideal para turistas que desejam levar um peda\u00e7o da hist\u00f3ria e do estilo de vida desta magn\u00edfica cidade.<\/p>\n<p>Na Ol\u00e9 Mosaic, oferecemos esta caneca de cer\u00e2mica como parte da nossa sele\u00e7\u00e3o de souvenirs de Barcelona, garantindo qualidade e um design representativo que encantar\u00e1 os seus clientes. Como grossistas de souvenirs, a nossa proposta \u00e9 ideal para lojas de presentes tur\u00edsticos que procuram produtos aut\u00eanticos e culturalmente relevantes.<\/p>\n","protected":false},"excerpt":{"rendered":"<p>Caneca de cer\u00e2mica com uma colorida panor\u00e2mica de Barcelona, onde se destacam a majestosa Sagrada Fam\u00edlia e o emblem\u00e1tico Parque G\u00fcell. Desenhada em tons bege e adornada com mosaicos tradicionais, esta caneca apresenta uma ilustra\u00e7\u00e3o de design artesanal, pintada \u00e0 m\u00e3o, que capta a ess\u00eancia art\u00edstica da cidade. Inclui uma colher a condizer, perfeita para desfrutar das suas bebidas favoritas enquanto evoca a vibrante cultura barcelonesa. Ideal como recorda\u00e7\u00e3o ou presente.<\/p>\n","protected":false},"featured_media":6930,"template":"","meta":{"_acf_changed":false},"product_brand":[],"product_cat":[833],"product_tag":[515],"class_list":{"0":"post-38001","1":"product","2":"type-product","3":"status-publish","4":"has-post-thumbnail","6":"product_cat-canecas","7":"product_tag-ceramica","8":"pa_ciudad-barcelona","9":"pa_motivo-panoramas","10":"pa_pais-espana","12":"first","13":"instock","14":"shipping-taxable","15":"product-type-simple"},"acf":[],"_links":{"self":[{"href":"https:\/\/olemosaic.orbitalia.org\/pt-pt\/wp-json\/wp\/v2\/product\/38001","targetHints":{"allow":["GET"]}}],"collection":[{"href":"https:\/\/olemosaic.orbitalia.org\/pt-pt\/wp-json\/wp\/v2\/product"}],"about":[{"href":"https:\/\/olemosaic.orbitalia.org\/pt-pt\/wp-json\/wp\/v2\/types\/product"}],"wp:featuredmedia":[{"embeddable":true,"href":"https:\/\/olemosaic.orbitalia.org\/pt-pt\/wp-json\/wp\/v2\/media\/6930"}],"wp:attachment":[{"href":"https:\/\/olemosaic.orbitalia.org\/pt-pt\/wp-json\/wp\/v2\/media?parent=38001"}],"wp:term":[{"taxonomy":"product_brand","embeddable":true,"href":"https:\/\/olemosaic.orbitalia.org\/pt-pt\/wp-json\/wp\/v2\/product_brand?post=38001"},{"taxonomy":"product_cat","embeddable":true,"href":"https:\/\/olemosaic.orbitalia.org\/pt-pt\/wp-json\/wp\/v2\/product_cat?post=38001"},{"taxonomy":"product_tag","embeddable":true,"href":"https:\/\/olemosaic.orbitalia.org\/pt-pt\/wp-json\/wp\/v2\/product_tag?post=38001"}],"curies":[{"name":"wp","href":"https:\/\/api.w.org\/{rel}","templated":true}]}}