{"id":37996,"date":"2025-02-20T22:34:11","date_gmt":"2025-02-20T22:34:11","guid":{"rendered":"https:\/\/olemosaic.orbitalia.org\/producto\/posavasos-de-ceramica-bailaora\/"},"modified":"2025-07-25T18:48:43","modified_gmt":"2025-07-25T16:48:43","slug":"base-de-copos-de-ceramica-bailarina-de-flamenco-pt-pt","status":"publish","type":"product","link":"https:\/\/olemosaic.orbitalia.org\/pt-pt\/produto\/base-de-copos-de-ceramica-bailarina-de-flamenco-pt-pt\/","title":{"rendered":"Base de copos de cer\u00e2mica. Bailarina de Flamenco."},"content":{"rendered":"<p>Esta base de copos de cer\u00e2mica, decorada com a vibrante imagem de uma bailarina de flamenco, \u00e9 uma aut\u00eantica homenagem ao folclore andaluz. Com um design colorido e festivo, a elegante base de copos apresenta um fundo branco adornado com delicadas flores vermelhas que real\u00e7am o seu apelo visual. No centro, a bailarina \u00e9 mostrada numa pose din\u00e2mica, vestida com um espl\u00eandido traje de folhos numa mistura de tons azuis e vermelhos, capturando com gra\u00e7a o movimento e a paix\u00e3o da arte flamenca.<\/p>\n<p>A colorida figura da bailarina, emoldurada por uma borda vermelha, evoca a vibrante cultura da Andaluzia, transformando esta base de copos num objeto ideal para adicionar um toque especial a qualquer mesa. Este souvenir n\u00e3o \u00e9 apenas um elemento decorativo, mas tamb\u00e9m representa a ess\u00eancia de tradi\u00e7\u00f5es que fazem parte do cora\u00e7\u00e3o de Espanha. A cer\u00e2mica utilizada no seu fabrico assegura durabilidade e qualidade, tornando-a uma recorda\u00e7\u00e3o perfeita para aqueles que visitam a regi\u00e3o e desejam levar um peda\u00e7o da sua rica heran\u00e7a cultural.<\/p>\n<p>Na Ol\u00e9 Mosaic, orgulhamo-nos de oferecer souvenirs aut\u00eanticos e de qualidade como esta base de copos de flamenco, ideal para lojas de presentes tur\u00edsticos que procuram produtos que reflitam a cultura local. Como distribuidores de souvenirs por grosso, garantimos que cada artigo da nossa cole\u00e7\u00e3o possui um design \u00fanico e uma forte liga\u00e7\u00e3o com a tradi\u00e7\u00e3o andaluza, o que torna esta base de copos uma excelente op\u00e7\u00e3o para os seus clientes.<\/p>\n","protected":false},"excerpt":{"rendered":"<p>Base de copos de cer\u00e2mica decorada com uma vibrante imagem de uma bailarina de flamenco, que representa o folclore andaluz. Esta elegante base de copos apresenta um design colorido com um fundo branco adornado com flores vermelhas e uma borda vermelha festiva. A bailarina, vestida com um espl\u00eandido traje de folhos em tons de azul e vermelho, aparece numa pose din\u00e2mica e cativante, que encapsula a ess\u00eancia da arte flamenca. Perfeito para adicionar um toque cultural a qualquer mesa.<\/p>\n","protected":false},"featured_media":8670,"template":"","meta":{"_acf_changed":false},"product_brand":[],"product_cat":[818],"product_tag":[515],"class_list":{"0":"post-37996","1":"product","2":"type-product","3":"status-publish","4":"has-post-thumbnail","6":"product_cat-bases-de-copos","7":"product_tag-ceramica","8":"pa_motivo-dancarinos","10":"first","11":"instock","12":"shipping-taxable","13":"product-type-simple"},"acf":[],"_links":{"self":[{"href":"https:\/\/olemosaic.orbitalia.org\/pt-pt\/wp-json\/wp\/v2\/product\/37996","targetHints":{"allow":["GET"]}}],"collection":[{"href":"https:\/\/olemosaic.orbitalia.org\/pt-pt\/wp-json\/wp\/v2\/product"}],"about":[{"href":"https:\/\/olemosaic.orbitalia.org\/pt-pt\/wp-json\/wp\/v2\/types\/product"}],"wp:featuredmedia":[{"embeddable":true,"href":"https:\/\/olemosaic.orbitalia.org\/pt-pt\/wp-json\/wp\/v2\/media\/8670"}],"wp:attachment":[{"href":"https:\/\/olemosaic.orbitalia.org\/pt-pt\/wp-json\/wp\/v2\/media?parent=37996"}],"wp:term":[{"taxonomy":"product_brand","embeddable":true,"href":"https:\/\/olemosaic.orbitalia.org\/pt-pt\/wp-json\/wp\/v2\/product_brand?post=37996"},{"taxonomy":"product_cat","embeddable":true,"href":"https:\/\/olemosaic.orbitalia.org\/pt-pt\/wp-json\/wp\/v2\/product_cat?post=37996"},{"taxonomy":"product_tag","embeddable":true,"href":"https:\/\/olemosaic.orbitalia.org\/pt-pt\/wp-json\/wp\/v2\/product_tag?post=37996"}],"curies":[{"name":"wp","href":"https:\/\/api.w.org\/{rel}","templated":true}]}}