{"id":37994,"date":"2025-02-20T22:34:11","date_gmt":"2025-02-20T22:34:11","guid":{"rendered":"https:\/\/olemosaic.orbitalia.org\/producto\/posavasos-de-ceramica-gato\/"},"modified":"2025-07-25T19:51:02","modified_gmt":"2025-07-25T17:51:02","slug":"base-de-copos-de-ceramica-gato-pt-pt","status":"publish","type":"product","link":"https:\/\/olemosaic.orbitalia.org\/pt-pt\/produto\/base-de-copos-de-ceramica-gato-pt-pt\/","title":{"rendered":"Base de copos de cer\u00e2mica. Gato."},"content":{"rendered":"<p>Esta base de copos de cer\u00e2mica, com um design vibrante de gatos, \u00e9 a escolha perfeita para dar um toque alegre e colorido a qualquer mesa. Com um di\u00e2metro ideal para se adaptar a diferentes tipos de copos e ch\u00e1venas, o seu design apresenta um mosaico colorido que combina tonalidades azuis, vermelhas, verdes e amarelas. No centro, encontram-se tr\u00eas gatos estilizados, cada um mostrando a sua pr\u00f3pria personalidade, rodeados de delicadas borboletas que conferem movimento e frescura \u00e0 pe\u00e7a. A t\u00e9cnica de pintura utilizada real\u00e7a cada detalhe da arte, transformando este produto numa obra decorativa e funcional. Inspirada na cultura e no folclore andaluz, esta base de copos reflete a rica tradi\u00e7\u00e3o art\u00edstica da zona, onde os mosaicos s\u00e3o uma forma de express\u00e3o popular. N\u00e3o \u00e9 apenas um acess\u00f3rio ideal para a casa, mas tamb\u00e9m uma excelente recorda\u00e7\u00e3o representativa, que permite aos turistas levar um peda\u00e7o da ess\u00eancia andaluza. Na Ol\u00e9 Mosaic, distribu\u00edmos estas bases de copos de cer\u00e2mica por grosso, oferecendo produtos aut\u00eanticos e de qualidade que capturam a beleza da arte espanhola. Uma maravilhosa op\u00e7\u00e3o para lojas de presentes tur\u00edsticos que procuram souvenirs \u00fanicos e significativos.<\/p>\n","protected":false},"excerpt":{"rendered":"<p>Base de copos de cer\u00e2mica com um design vibrante de gatos, ideal para dar um toque alegre a qualquer mesa. Apresenta um colorido mosaico que combina tons azuis, vermelhos, verdes e amarelos, com tr\u00eas gatos estilizados rodeados de borboletas, evocando a arte e o folclore andaluz. A t\u00e9cnica de pintura utilizada real\u00e7a cada detalhe, tornando-a uma pe\u00e7a decorativa e funcional para a casa.<\/p>\n","protected":false},"featured_media":8667,"template":"","meta":{"_acf_changed":false},"product_brand":[],"product_cat":[818],"product_tag":[516,515],"class_list":{"0":"post-37994","1":"product","2":"type-product","3":"status-publish","4":"has-post-thumbnail","6":"product_cat-bases-de-copos","7":"product_tag-animais","8":"product_tag-ceramica","9":"pa_motivo-gatos","11":"first","12":"instock","13":"shipping-taxable","14":"product-type-simple"},"acf":[],"_links":{"self":[{"href":"https:\/\/olemosaic.orbitalia.org\/pt-pt\/wp-json\/wp\/v2\/product\/37994","targetHints":{"allow":["GET"]}}],"collection":[{"href":"https:\/\/olemosaic.orbitalia.org\/pt-pt\/wp-json\/wp\/v2\/product"}],"about":[{"href":"https:\/\/olemosaic.orbitalia.org\/pt-pt\/wp-json\/wp\/v2\/types\/product"}],"wp:featuredmedia":[{"embeddable":true,"href":"https:\/\/olemosaic.orbitalia.org\/pt-pt\/wp-json\/wp\/v2\/media\/8667"}],"wp:attachment":[{"href":"https:\/\/olemosaic.orbitalia.org\/pt-pt\/wp-json\/wp\/v2\/media?parent=37994"}],"wp:term":[{"taxonomy":"product_brand","embeddable":true,"href":"https:\/\/olemosaic.orbitalia.org\/pt-pt\/wp-json\/wp\/v2\/product_brand?post=37994"},{"taxonomy":"product_cat","embeddable":true,"href":"https:\/\/olemosaic.orbitalia.org\/pt-pt\/wp-json\/wp\/v2\/product_cat?post=37994"},{"taxonomy":"product_tag","embeddable":true,"href":"https:\/\/olemosaic.orbitalia.org\/pt-pt\/wp-json\/wp\/v2\/product_tag?post=37994"}],"curies":[{"name":"wp","href":"https:\/\/api.w.org\/{rel}","templated":true}]}}