{"id":37990,"date":"2025-02-20T23:33:59","date_gmt":"2025-02-20T22:33:59","guid":{"rendered":"https:\/\/olemosaic.orbitalia.org\/producto\/mug-xl-de-ceramica-panoramica-barcelona-beige-2\/"},"modified":"2025-07-25T20:15:23","modified_gmt":"2025-07-25T18:15:23","slug":"caneca-xl-de-ceramica-panoramica-barcelona-bege-2-pt-pt","status":"publish","type":"product","link":"https:\/\/olemosaic.orbitalia.org\/pt-pt\/produto\/caneca-xl-de-ceramica-panoramica-barcelona-bege-2-pt-pt\/","title":{"rendered":"Caneca XL de cer\u00e2mica. Panor\u00e2mica. Sagrada Fam\u00edlia. Barcelona. Bege."},"content":{"rendered":"<p>Esta caneca XL de cer\u00e2mica apresenta uma panor\u00e2mica vibrante de Barcelona, tornando-se um objeto imprescind\u00edvel para os amantes da cidade condal. Com um elegante design em tons bege, esta caneca destaca-se pelos seus complexos e detalhados motivos de mosaico que representam \u00edcones arquitet\u00f3nicos como a emblem\u00e1tica Sagrada Fam\u00edlia e o famoso Park G\u00fcell, encapsulando a ess\u00eancia est\u00e9tica da arquitetura de Antoni Gaud\u00ed. Cada pe\u00e7a parece ser pintada \u00e0 m\u00e3o, garantindo a sua singularidade e a meticulosa aten\u00e7\u00e3o aos detalhes; as letras &#8220;Barcelona&#8221; resplandecem em matizes coloridos, complementando a rica paleta de cores do design.<\/p>\n<p>Esta caneca n\u00e3o s\u00f3 \u00e9 perfeita para desfrutar de caf\u00e9, ch\u00e1 ou qualquer bebida que prefira, como tamb\u00e9m \u00e9 uma excelente recorda\u00e7\u00e3o da rica cultura e da arte da capital catal\u00e3. \u00c9 um souvenir ideal que simboliza a vitalidade e a criatividade de Barcelona, o que a torna uma op\u00e7\u00e3o atrativa para os turistas que desejam levar um pedacinho da cidade para casa. Na Ol\u00e9 Mosaic, somos especialistas na distribui\u00e7\u00e3o de souvenirs por grosso, e esta caneca XL de cer\u00e2mica \u00e9 uma op\u00e7\u00e3o perfeita para lojas de presentes tur\u00edsticos que procuram artigos aut\u00eanticos e significativos. Com a sua qualidade e relev\u00e2ncia cultural, potencia o encanto dos nossos souvenirs de Barcelona.<\/p>\n","protected":false},"excerpt":{"rendered":"<p>Caneca XL de cer\u00e2mica com uma panor\u00e2mica vibrante de Barcelona em tons bege. Esta caneca destaca-se pelos seus detalhados motivos de mosaico que representam a famosa Sagrada Fam\u00edlia e o ic\u00f3nico Park G\u00fcell, capturando a ess\u00eancia arquitet\u00f3nica da cidade. Com um design artesanal, pintado \u00e0 m\u00e3o, as letras &#8220;Barcelona&#8221; resplandecem a cores sobre a superf\u00edcie, oferecendo uma recorda\u00e7\u00e3o perfeita da rica cultura e da arte da capital catal\u00e3. Ideal para desfrutar de qualquer bebida com um estilo \u00fanico.<\/p>\n","protected":false},"featured_media":7678,"template":"","meta":{"_acf_changed":false},"product_brand":[],"product_cat":[726],"product_tag":[515],"class_list":{"0":"post-37990","1":"product","2":"type-product","3":"status-publish","4":"has-post-thumbnail","6":"product_cat-mugs","7":"product_tag-ceramica","8":"pa_ciudad-barcelona","9":"pa_motivo-panoramas","10":"pa_pais-espana","12":"first","13":"instock","14":"shipping-taxable","15":"product-type-simple"},"acf":[],"_links":{"self":[{"href":"https:\/\/olemosaic.orbitalia.org\/pt-pt\/wp-json\/wp\/v2\/product\/37990","targetHints":{"allow":["GET"]}}],"collection":[{"href":"https:\/\/olemosaic.orbitalia.org\/pt-pt\/wp-json\/wp\/v2\/product"}],"about":[{"href":"https:\/\/olemosaic.orbitalia.org\/pt-pt\/wp-json\/wp\/v2\/types\/product"}],"wp:featuredmedia":[{"embeddable":true,"href":"https:\/\/olemosaic.orbitalia.org\/pt-pt\/wp-json\/wp\/v2\/media\/7678"}],"wp:attachment":[{"href":"https:\/\/olemosaic.orbitalia.org\/pt-pt\/wp-json\/wp\/v2\/media?parent=37990"}],"wp:term":[{"taxonomy":"product_brand","embeddable":true,"href":"https:\/\/olemosaic.orbitalia.org\/pt-pt\/wp-json\/wp\/v2\/product_brand?post=37990"},{"taxonomy":"product_cat","embeddable":true,"href":"https:\/\/olemosaic.orbitalia.org\/pt-pt\/wp-json\/wp\/v2\/product_cat?post=37990"},{"taxonomy":"product_tag","embeddable":true,"href":"https:\/\/olemosaic.orbitalia.org\/pt-pt\/wp-json\/wp\/v2\/product_tag?post=37990"}],"curies":[{"name":"wp","href":"https:\/\/api.w.org\/{rel}","templated":true}]}}