{"id":37989,"date":"2025-02-20T22:33:59","date_gmt":"2025-02-20T22:33:59","guid":{"rendered":"https:\/\/olemosaic.orbitalia.org\/producto\/mug-xl-de-ceramica-mosaico-barcelona-blanco-13-cm\/"},"modified":"2025-07-25T20:16:16","modified_gmt":"2025-07-25T18:16:16","slug":"caneca-xl-de-ceramica-mosaico-barcelona-branco-13-cm-pt-pt","status":"publish","type":"product","link":"https:\/\/olemosaic.orbitalia.org\/pt-pt\/produto\/caneca-xl-de-ceramica-mosaico-barcelona-branco-13-cm-pt-pt\/","title":{"rendered":"Caneca XL de cer\u00e2mica. Mosaico. Barcelona. Branco. 13 cm."},"content":{"rendered":"<p>Esta caneca XL de cer\u00e2mica \u00e9 uma pe\u00e7a \u00fanica que presta homenagem \u00e0 espetacular arquitetura e aos vibrantes mosaicos de Barcelona. Com um di\u00e2metro de 13 cm, o seu design apresenta uma espl\u00eandida variedade de padr\u00f5es geom\u00e9tricos numa paleta de cores que inclui azuis, laranjas, vermelhos e brancos, evocando os emblem\u00e1ticos azulejos que adornam a cidade. A cer\u00e2mica tem um acabamento brilhante que real\u00e7a as cores, enquanto a linha vermelha no rebordo adiciona um toque contempor\u00e2neo, combinando tradi\u00e7\u00e3o e modernidade num objeto funcional e decorativo.<\/p>\n<p>Esta caneca n\u00e3o s\u00f3 \u00e9 ideal para desfrutar das suas bebidas favoritas, como oferece uma janela para a rica cultura catal\u00e3, sendo uma excelente recorda\u00e7\u00e3o da diversidade art\u00edstica que Barcelona exibe na sua arquitetura. Desde a obra-prima de Antoni Gaud\u00ed, a Sagrada Fam\u00edlia, at\u00e9 ao colorido Park G\u00fcell, os mosaicos s\u00e3o um s\u00edmbolo da identidade barcelonesa.<\/p>\n<p>Na Ol\u00e9 Mosaic, especializamo-nos na distribui\u00e7\u00e3o de souvenirs de qualidade por grosso, e esta caneca de cer\u00e2mica representa uma op\u00e7\u00e3o atrativa para lojas de presentes tur\u00edsticos que procuram oferecer produtos aut\u00eanticos e representativos. Com esta caneca XL, os seus clientes poder\u00e3o levar para casa um fragmento de Barcelona, tornando-a um souvenir imprescind\u00edvel para os amantes da cultura.<\/p>\n","protected":false},"excerpt":{"rendered":"<p>Caneca XL de cer\u00e2mica com um design vibrante de mosaico que presta homenagem \u00e0 colorida arquitetura de Barcelona. Com 13 cm de di\u00e2metro, apresenta uma variedade de padr\u00f5es geom\u00e9tricos em tons azuis, laranjas, vermelhos e brancos, evocando os azulejos tradicionais da cidade. O seu acabamento brilhante e a linha vermelha no rebordo conferem-lhe um toque moderno, tornando-a uma pe\u00e7a funcional e decorativa ideal para qualquer amante da cultura catal\u00e3.<\/p>\n","protected":false},"featured_media":9133,"template":"","meta":{"_acf_changed":false},"product_brand":[],"product_cat":[726],"product_tag":[515],"class_list":{"0":"post-37989","1":"product","2":"type-product","3":"status-publish","4":"has-post-thumbnail","6":"product_cat-mugs","7":"product_tag-ceramica","8":"pa_ciudad-barcelona","9":"pa_motivo-mosaico","10":"pa_pais-espana","12":"first","13":"instock","14":"shipping-taxable","15":"product-type-simple"},"acf":[],"_links":{"self":[{"href":"https:\/\/olemosaic.orbitalia.org\/pt-pt\/wp-json\/wp\/v2\/product\/37989","targetHints":{"allow":["GET"]}}],"collection":[{"href":"https:\/\/olemosaic.orbitalia.org\/pt-pt\/wp-json\/wp\/v2\/product"}],"about":[{"href":"https:\/\/olemosaic.orbitalia.org\/pt-pt\/wp-json\/wp\/v2\/types\/product"}],"wp:featuredmedia":[{"embeddable":true,"href":"https:\/\/olemosaic.orbitalia.org\/pt-pt\/wp-json\/wp\/v2\/media\/9133"}],"wp:attachment":[{"href":"https:\/\/olemosaic.orbitalia.org\/pt-pt\/wp-json\/wp\/v2\/media?parent=37989"}],"wp:term":[{"taxonomy":"product_brand","embeddable":true,"href":"https:\/\/olemosaic.orbitalia.org\/pt-pt\/wp-json\/wp\/v2\/product_brand?post=37989"},{"taxonomy":"product_cat","embeddable":true,"href":"https:\/\/olemosaic.orbitalia.org\/pt-pt\/wp-json\/wp\/v2\/product_cat?post=37989"},{"taxonomy":"product_tag","embeddable":true,"href":"https:\/\/olemosaic.orbitalia.org\/pt-pt\/wp-json\/wp\/v2\/product_tag?post=37989"}],"curies":[{"name":"wp","href":"https:\/\/api.w.org\/{rel}","templated":true}]}}