{"id":37988,"date":"2025-02-20T23:33:58","date_gmt":"2025-02-20T22:33:58","guid":{"rendered":"https:\/\/olemosaic.orbitalia.org\/producto\/mug-xl-de-ceramica-motivos-africanos-beige-2\/"},"modified":"2025-07-25T19:30:38","modified_gmt":"2025-07-25T17:30:38","slug":"caneca-xl-de-ceramica-motivos-africanos-bege-2-pt-pt","status":"publish","type":"product","link":"https:\/\/olemosaic.orbitalia.org\/pt-pt\/produto\/caneca-xl-de-ceramica-motivos-africanos-bege-2-pt-pt\/","title":{"rendered":"Caneca XL de cer\u00e2mica. Motivos africanos. Design ex\u00f3tico. Bege."},"content":{"rendered":"<p>Esta caneca XL de cer\u00e2mica \u00e9 uma pe\u00e7a encantadora que combina arte e funcionalidade, ideal para quem gosta de desfrutar das suas bebidas favoritas com um toque de estilo. Decorada com vibrantes motivos africanos, esta caneca apresenta uma ilustra\u00e7\u00e3o chamativa de uma girafa e de um elefante, realizados num requintado estilo de mosaico que utiliza uma paleta de tons quentes e alegres. O fundo branco real\u00e7a as cores, criando um contraste atraente que tornar\u00e1 especial qualquer momento de utiliza\u00e7\u00e3o. Al\u00e9m disso, o interior da caneca \u00e9 de uma suave cor bege, que complementa na perfei\u00e7\u00e3o o design exterior e confere um toque de eleg\u00e2ncia.<\/p>\n<p>Esta caneca n\u00e3o s\u00f3 \u00e9 ideal para desfrutar de caf\u00e9, ch\u00e1 ou qualquer outra bebida, como tamb\u00e9m \u00e9 uma excelente op\u00e7\u00e3o para quem procura souvenirs aut\u00eanticos que representem a rica cultura africana. O seu design vibrante e a sua liga\u00e7\u00e3o cultural tornam-na uma recorda\u00e7\u00e3o memor\u00e1vel, perfeita para turistas que desejam levar para casa uma pe\u00e7a que encapsule a ess\u00eancia de \u00c1frica.<\/p>\n<p>Na Ol\u00e9 Mosaic, somos distribuidores por grosso de artigos que celebram a diversidade cultural, e esta caneca \u00e9 uma magn\u00edfica adi\u00e7\u00e3o \u00e0 oferta de souvenirs de lojas de presentes tur\u00edsticos que procuram autenticidade e qualidade. Aposte nesta caneca decorativa, uma excelente op\u00e7\u00e3o para quem deseja partilhar e desfrutar da cultura africana no seu dia a dia.<\/p>\n","protected":false},"excerpt":{"rendered":"<p>Caneca XL de cer\u00e2mica decorada com motivos africanos, ideal para desfrutar das suas bebidas favoritas. Apresenta uma vibrante ilustra\u00e7\u00e3o de uma girafa e de um elefante, criados com um estilo de mosaico em tons quentes e alegres sobre um fundo branco. O interior da caneca \u00e9 de cor bege, que complementa o seu design ex\u00f3tico. Perfeita para os amantes da cultura africana e uma excelente adi\u00e7\u00e3o para o seu lar.<\/p>\n","protected":false},"featured_media":7712,"template":"","meta":{"_acf_changed":false},"product_brand":[],"product_cat":[726],"product_tag":[516,515],"class_list":{"0":"post-37988","1":"product","2":"type-product","3":"status-publish","4":"has-post-thumbnail","6":"product_cat-mugs","7":"product_tag-animais","8":"product_tag-ceramica","9":"pa_motivo-africanos","11":"first","12":"instock","13":"shipping-taxable","14":"product-type-simple"},"acf":[],"_links":{"self":[{"href":"https:\/\/olemosaic.orbitalia.org\/pt-pt\/wp-json\/wp\/v2\/product\/37988","targetHints":{"allow":["GET"]}}],"collection":[{"href":"https:\/\/olemosaic.orbitalia.org\/pt-pt\/wp-json\/wp\/v2\/product"}],"about":[{"href":"https:\/\/olemosaic.orbitalia.org\/pt-pt\/wp-json\/wp\/v2\/types\/product"}],"wp:featuredmedia":[{"embeddable":true,"href":"https:\/\/olemosaic.orbitalia.org\/pt-pt\/wp-json\/wp\/v2\/media\/7712"}],"wp:attachment":[{"href":"https:\/\/olemosaic.orbitalia.org\/pt-pt\/wp-json\/wp\/v2\/media?parent=37988"}],"wp:term":[{"taxonomy":"product_brand","embeddable":true,"href":"https:\/\/olemosaic.orbitalia.org\/pt-pt\/wp-json\/wp\/v2\/product_brand?post=37988"},{"taxonomy":"product_cat","embeddable":true,"href":"https:\/\/olemosaic.orbitalia.org\/pt-pt\/wp-json\/wp\/v2\/product_cat?post=37988"},{"taxonomy":"product_tag","embeddable":true,"href":"https:\/\/olemosaic.orbitalia.org\/pt-pt\/wp-json\/wp\/v2\/product_tag?post=37988"}],"curies":[{"name":"wp","href":"https:\/\/api.w.org\/{rel}","templated":true}]}}