{"id":37986,"date":"2025-02-20T22:33:56","date_gmt":"2025-02-20T22:33:56","guid":{"rendered":"https:\/\/olemosaic.orbitalia.org\/producto\/mug-xl-de-ceramica-panoramica-barcelona-beige\/"},"modified":"2025-07-25T18:59:09","modified_gmt":"2025-07-25T16:59:09","slug":"caneca-xl-de-ceramica-panoramica-barcelona-bege-pt-pt","status":"publish","type":"product","link":"https:\/\/olemosaic.orbitalia.org\/pt-pt\/produto\/caneca-xl-de-ceramica-panoramica-barcelona-bege-pt-pt\/","title":{"rendered":"Caneca XL de cer\u00e2mica. Panor\u00e2mica. Barcelona. Bege."},"content":{"rendered":"<p>Esta caneca XL de cer\u00e2mica com design panor\u00e2mico de Barcelona \u00e9 um item essencial para os amantes da cidade condal e uma excelente recorda\u00e7\u00e3o que captura a ess\u00eancia da sua cultura vibrante. Com um fundo bege, a caneca apresenta uma ilustra\u00e7\u00e3o colorida e detalhada que destaca o emblem\u00e1tico Monumento a Colombo, rodeado de palmeiras e elementos arquitet\u00f3nicos, s\u00edmbolos da arquitetura modernista da cidade. As vibrantes tonalidades em verde, vermelho e azul tornam a representa\u00e7\u00e3o ainda mais cativante, enquanto o texto &#8220;Barcelona&#8221; na parte superior acrescenta um toque alegre e contempor\u00e2neo ao produto.<\/p>\n<p>Esta caneca n\u00e3o s\u00f3 \u00e9 funcional, como tamb\u00e9m atua como um lembrete visual dos momentos inesquec\u00edveis vividos em Barcelona. Ideal para desfrutar das suas bebidas favoritas, o seu design panor\u00e2mico torna-a um objeto de admira\u00e7\u00e3o em qualquer cozinha. A liga\u00e7\u00e3o cultural \u00e9 aut\u00eantica, uma vez que o Monumento a Colombo \u00e9 um s\u00edmbolo da hist\u00f3ria mar\u00edtima da cidade, destacando a sua rela\u00e7\u00e3o com o mar e a explora\u00e7\u00e3o.<\/p>\n<p>Na Ol\u00e9 Mosaic, somos especialistas na distribui\u00e7\u00e3o de recorda\u00e7\u00f5es por grosso e esta caneca XL \u00e9 uma op\u00e7\u00e3o perfeita para lojas de presentes tur\u00edsticos que procuram oferecer aos seus clientes produtos que reflitam a rica heran\u00e7a cultural de Barcelona. Como grossistas de recorda\u00e7\u00f5es, garantimos qualidade e autenticidade em cada pe\u00e7a, tornando esta caneca um presente ideal para aqueles que desejam levar um pedacinho de Barcelona para casa.<\/p>\n","protected":false},"excerpt":{"rendered":"<p>Caneca XL de cer\u00e2mica com um design panor\u00e2mico de Barcelona, ideal para desfrutar das suas bebidas favoritas. Esta caneca, de cor bege, apresenta uma ilustra\u00e7\u00e3o vibrante que captura o emblem\u00e1tico Monumento a Colombo, rodeado de palmeiras e detalhes arquitet\u00f3nicos caracter\u00edsticos da cidade. Com tonalidades verdes, vermelhas e azuis, o seu design \u00e9 complementado com a palavra &#8220;Barcelona&#8221; na parte superior, conferindo uma est\u00e9tica alegre e moderna \u00e0 sua cole\u00e7\u00e3o.<\/p>\n","protected":false},"featured_media":7679,"template":"","meta":{"_acf_changed":false},"product_brand":[],"product_cat":[726],"product_tag":[515],"class_list":{"0":"post-37986","1":"product","2":"type-product","3":"status-publish","4":"has-post-thumbnail","6":"product_cat-mugs","7":"product_tag-ceramica","8":"pa_ciudad-barcelona","9":"pa_motivo-panoramas","10":"pa_pais-espana","12":"first","13":"instock","14":"shipping-taxable","15":"product-type-simple"},"acf":[],"_links":{"self":[{"href":"https:\/\/olemosaic.orbitalia.org\/pt-pt\/wp-json\/wp\/v2\/product\/37986","targetHints":{"allow":["GET"]}}],"collection":[{"href":"https:\/\/olemosaic.orbitalia.org\/pt-pt\/wp-json\/wp\/v2\/product"}],"about":[{"href":"https:\/\/olemosaic.orbitalia.org\/pt-pt\/wp-json\/wp\/v2\/types\/product"}],"wp:featuredmedia":[{"embeddable":true,"href":"https:\/\/olemosaic.orbitalia.org\/pt-pt\/wp-json\/wp\/v2\/media\/7679"}],"wp:attachment":[{"href":"https:\/\/olemosaic.orbitalia.org\/pt-pt\/wp-json\/wp\/v2\/media?parent=37986"}],"wp:term":[{"taxonomy":"product_brand","embeddable":true,"href":"https:\/\/olemosaic.orbitalia.org\/pt-pt\/wp-json\/wp\/v2\/product_brand?post=37986"},{"taxonomy":"product_cat","embeddable":true,"href":"https:\/\/olemosaic.orbitalia.org\/pt-pt\/wp-json\/wp\/v2\/product_cat?post=37986"},{"taxonomy":"product_tag","embeddable":true,"href":"https:\/\/olemosaic.orbitalia.org\/pt-pt\/wp-json\/wp\/v2\/product_tag?post=37986"}],"curies":[{"name":"wp","href":"https:\/\/api.w.org\/{rel}","templated":true}]}}