{"id":37985,"date":"2025-02-20T22:33:56","date_gmt":"2025-02-20T22:33:56","guid":{"rendered":"https:\/\/olemosaic.orbitalia.org\/producto\/mug-xl-de-ceramica-toro-beige\/"},"modified":"2025-07-25T19:04:37","modified_gmt":"2025-07-25T17:04:37","slug":"caneca-xl-de-ceramica-touro-bege-pt-pt","status":"publish","type":"product","link":"https:\/\/olemosaic.orbitalia.org\/pt-pt\/produto\/caneca-xl-de-ceramica-touro-bege-pt-pt\/","title":{"rendered":"Caneca XL de cer\u00e2mica. Touro. Bege."},"content":{"rendered":"<p>Esta caneca XL de cer\u00e2mica com design de touro \u00e9 uma express\u00e3o vibrante da riqueza cultural espanhola. Com um mosaico atraente, a caneca apresenta uma representa\u00e7\u00e3o colorida de dois touros, onde tonalidades vibrantes de azul, vermelho, verde e amarelo se destacam sobre um fundo branco brilhante. O design captura a ess\u00eancia do s\u00edmbolo nacional espanhol, infundindo vida e paix\u00e3o a cada gole da sua bebida favorita. A parte superior, numa elegante cor bege, complementa a est\u00e9tica geral da caneca, enquanto o texto &#8220;ESPANHA&#8221; sobressai em tons de verde e vermelho, acrescentando um detalhe que refor\u00e7a a sua liga\u00e7\u00e3o com a identidade nacional.<\/p>\n<p>Esta caneca n\u00e3o s\u00f3 \u00e9 um acess\u00f3rio \u00fatil para a casa, como tamb\u00e9m atua como uma recorda\u00e7\u00e3o chamativa de Espanha, ideal para quem procura uma lembran\u00e7a aut\u00eantica e representativa. A figura do touro evoca tradi\u00e7\u00f5es culturais, desde as largadas de touros de Pamplona at\u00e9 \u00e0s touradas, simbolizando valor e for\u00e7a. Na Ol\u00e9 Mosaic, somos especialistas na distribui\u00e7\u00e3o de recorda\u00e7\u00f5es por grosso, oferecendo produtos aut\u00eanticos que capturam a ess\u00eancia da cultura espanhola. Esta caneca XL \u00e9 uma excelente op\u00e7\u00e3o para lojas de presentes tur\u00edsticos que desejem oferecer artigos \u00fanicos e significativos, garantindo autenticidade e qualidade em cada recorda\u00e7\u00e3o.<\/p>\n","protected":false},"excerpt":{"rendered":"<p>Caneca XL de cer\u00e2mica com design de touro, um s\u00edmbolo da cultura espanhola. Esta atraente caneca apresenta um colorido mosaico com dois touros em tons vibrantes de azul, vermelho, verde e amarelo, que se destacam sobre um fundo branco. A parte superior, de cor bege, acrescenta um toque elegante, enquanto o texto &#8220;ESPANHA&#8221; em verde e vermelho completa o design. Ideal para desfrutar da sua bebida favorita e como uma recorda\u00e7\u00e3o chamativa de Espanha.<\/p>\n","protected":false},"featured_media":7685,"template":"","meta":{"_acf_changed":false},"product_brand":[],"product_cat":[726],"product_tag":[516,515],"class_list":{"0":"post-37985","1":"product","2":"type-product","3":"status-publish","4":"has-post-thumbnail","6":"product_cat-mugs","7":"product_tag-animais","8":"product_tag-ceramica","9":"pa_motivo-touros","11":"first","12":"instock","13":"shipping-taxable","14":"product-type-simple"},"acf":[],"_links":{"self":[{"href":"https:\/\/olemosaic.orbitalia.org\/pt-pt\/wp-json\/wp\/v2\/product\/37985","targetHints":{"allow":["GET"]}}],"collection":[{"href":"https:\/\/olemosaic.orbitalia.org\/pt-pt\/wp-json\/wp\/v2\/product"}],"about":[{"href":"https:\/\/olemosaic.orbitalia.org\/pt-pt\/wp-json\/wp\/v2\/types\/product"}],"wp:featuredmedia":[{"embeddable":true,"href":"https:\/\/olemosaic.orbitalia.org\/pt-pt\/wp-json\/wp\/v2\/media\/7685"}],"wp:attachment":[{"href":"https:\/\/olemosaic.orbitalia.org\/pt-pt\/wp-json\/wp\/v2\/media?parent=37985"}],"wp:term":[{"taxonomy":"product_brand","embeddable":true,"href":"https:\/\/olemosaic.orbitalia.org\/pt-pt\/wp-json\/wp\/v2\/product_brand?post=37985"},{"taxonomy":"product_cat","embeddable":true,"href":"https:\/\/olemosaic.orbitalia.org\/pt-pt\/wp-json\/wp\/v2\/product_cat?post=37985"},{"taxonomy":"product_tag","embeddable":true,"href":"https:\/\/olemosaic.orbitalia.org\/pt-pt\/wp-json\/wp\/v2\/product_tag?post=37985"}],"curies":[{"name":"wp","href":"https:\/\/api.w.org\/{rel}","templated":true}]}}