{"id":37980,"date":"2025-02-20T23:33:00","date_gmt":"2025-02-20T22:33:00","guid":{"rendered":"https:\/\/olemosaic.orbitalia.org\/producto\/toro-figura-de-resina-de-9-cm-pintada-a-mano-3\/"},"modified":"2025-07-25T19:27:37","modified_gmt":"2025-07-25T17:27:37","slug":"touro-figura-de-resina-de-9-cm-pintada-a-mao-3-pt-pt","status":"publish","type":"product","link":"https:\/\/olemosaic.orbitalia.org\/pt-pt\/produto\/touro-figura-de-resina-de-9-cm-pintada-a-mao-3-pt-pt\/","title":{"rendered":"Touro. Figura de mosaico de 9 cm. Mosaico."},"content":{"rendered":"<p>Este imponente touro de resina \u00e9 um aut\u00eantico s\u00edmbolo da rica tradi\u00e7\u00e3o cultural espanhola, que representa a for\u00e7a e o esp\u00edrito da tauromaquia. Com dimens\u00f5es de 9 cm, cada figura \u00e9 meticulosamente pintada \u00e0 m\u00e3o com efeito, o que garante que cada pe\u00e7a seja \u00fanica e possua um detalhe especial que a distingue. O seu design vibrante, real\u00e7ado por um cativante mosaico em tons azuis, amarelos e vermelhos, confere-lhe um ar fresco e moderno, perfeito para quem procura uma recorda\u00e7\u00e3o que transcenda o convencional e capte a ess\u00eancia de Espanha.<\/p>\n<p>A figura destaca-se pela sua forma din\u00e2mica, que reflete a majestade e o poder do touro, um animal muito ligado \u00e0 identidade espanhola e a celebra\u00e7\u00f5es culturais como as festas de San Ferm\u00edn em Pamplona. A t\u00e9cnica de pintura \u00e0 m\u00e3o real\u00e7a cada matiz e textura, convertendo este touro num adorno excecional e tamb\u00e9m num objeto de cole\u00e7\u00e3o que encantar\u00e1 os turistas. Esta recorda\u00e7\u00e3o n\u00e3o \u00e9 apenas um objeto decorativo, mas uma lembran\u00e7a palp\u00e1vel da paix\u00e3o e da arte que caracterizam a cultura espanhola.<\/p>\n<p>Na Ol\u00e9 Mosaic, orgulhamo-nos de oferecer produtos aut\u00eanticos que representam a tradi\u00e7\u00e3o e o folclore de Espanha. Este touro de resina \u00e9 uma op\u00e7\u00e3o ideal para lojas de presentes tur\u00edsticos que procuram recorda\u00e7\u00f5es singulares e de alta qualidade. Como grossistas de recorda\u00e7\u00f5es, garantimos que cada compra seja um reflexo fiel da cultura local e um excelente investimento para quem deseja levar um peda\u00e7o de Espanha para casa.<\/p>\n","protected":false},"excerpt":{"rendered":"<p>Figura de touro de 9 cm, design artesanal, pintado \u00e0 m\u00e3o. Esta atraente recorda\u00e7\u00e3o capta a ess\u00eancia do simbolismo do touro na cultura espanhola. O seu design \u00e9 adornado com um vibrante mosaico em tons azuis, amarelos e vermelhos, o que lhe confere um ar fresco e moderno. Os detalhes meticulosamente elaborados real\u00e7am a sua forma din\u00e2mica, enquanto a t\u00e9cnica de design artesanal, pintado \u00e0 m\u00e3o, assegura um toque \u00fanico em cada pe\u00e7a. Ideal como adorno ou pe\u00e7a de cole\u00e7\u00e3o, este touro representa a tradi\u00e7\u00e3o e a arte de Espanha.<\/p>\n","protected":false},"featured_media":6414,"template":"","meta":{"_acf_changed":false},"product_brand":[],"product_cat":[552],"product_tag":[516],"class_list":{"0":"post-37980","1":"product","2":"type-product","3":"status-publish","4":"has-post-thumbnail","6":"product_cat-numeros","7":"product_tag-animais","8":"pa_motivo-touros","10":"first","11":"instock","12":"shipping-taxable","13":"product-type-simple"},"acf":[],"_links":{"self":[{"href":"https:\/\/olemosaic.orbitalia.org\/pt-pt\/wp-json\/wp\/v2\/product\/37980","targetHints":{"allow":["GET"]}}],"collection":[{"href":"https:\/\/olemosaic.orbitalia.org\/pt-pt\/wp-json\/wp\/v2\/product"}],"about":[{"href":"https:\/\/olemosaic.orbitalia.org\/pt-pt\/wp-json\/wp\/v2\/types\/product"}],"wp:featuredmedia":[{"embeddable":true,"href":"https:\/\/olemosaic.orbitalia.org\/pt-pt\/wp-json\/wp\/v2\/media\/6414"}],"wp:attachment":[{"href":"https:\/\/olemosaic.orbitalia.org\/pt-pt\/wp-json\/wp\/v2\/media?parent=37980"}],"wp:term":[{"taxonomy":"product_brand","embeddable":true,"href":"https:\/\/olemosaic.orbitalia.org\/pt-pt\/wp-json\/wp\/v2\/product_brand?post=37980"},{"taxonomy":"product_cat","embeddable":true,"href":"https:\/\/olemosaic.orbitalia.org\/pt-pt\/wp-json\/wp\/v2\/product_cat?post=37980"},{"taxonomy":"product_tag","embeddable":true,"href":"https:\/\/olemosaic.orbitalia.org\/pt-pt\/wp-json\/wp\/v2\/product_tag?post=37980"}],"curies":[{"name":"wp","href":"https:\/\/api.w.org\/{rel}","templated":true}]}}