{"id":37978,"date":"2025-02-20T22:32:59","date_gmt":"2025-02-20T22:32:59","guid":{"rendered":"https:\/\/olemosaic.orbitalia.org\/producto\/iman-de-metal-casa-batllo-barcelona-plata-8-cm\/"},"modified":"2025-07-25T18:34:15","modified_gmt":"2025-07-25T16:34:15","slug":"iman-de-metal-casa-batllo-barcelona-prata-8-cm-pt-pt","status":"publish","type":"product","link":"https:\/\/olemosaic.orbitalia.org\/pt-pt\/produto\/iman-de-metal-casa-batllo-barcelona-prata-8-cm-pt-pt\/","title":{"rendered":"\u00cdman de metal. Casa Batll\u00f3. Barcelona. Prata. 8 cm."},"content":{"rendered":"<p>Este \u00edman decorativo de metal, inspirado na emblem\u00e1tica Casa Batll\u00f3 de Barcelona, \u00e9 uma recorda\u00e7\u00e3o imprescind\u00edvel que capta a ess\u00eancia do modernismo catal\u00e3o. Com os seus 8 cm de tamanho, este atraente \u00edman apresenta um design estilo mosaico que reproduz as cores vibrantes e as formas sinuosas caracter\u00edsticas da obra-prima de Antoni Gaud\u00ed. A representa\u00e7\u00e3o art\u00edstica inclui detalhes ornamentais, como as ic\u00f3nicas janelas e a espetacular fachada ondulante, que real\u00e7am a criatividade e o engenho que definem este monumento.<\/p>\n<p>A palavra &#8220;Barcelona&#8221; est\u00e1 impressa num estilo colorido e chamativo, que complementa na perfei\u00e7\u00e3o o motivo do edif\u00edcio e acrescenta um toque extra de alegria a esta pe\u00e7a decorativa. Este \u00edman n\u00e3o s\u00f3 \u00e9 um acess\u00f3rio funcional, mas tamb\u00e9m uma forma perfeita de recordar a sua visita a esta joia arquitet\u00f3nica e cultural da cidade.<\/p>\n<p>Ideal para quem procura recorda\u00e7\u00f5es aut\u00eanticas de Barcelona, este \u00edman de metal \u00e9 um excelente presente para turistas que desejem levar um peda\u00e7o da rica heran\u00e7a cultural da regi\u00e3o. Na Ol\u00e9 Mosaic, como distribuidores de recorda\u00e7\u00f5es por grosso, oferecemos produtos que se destacam pela sua qualidade e relev\u00e2ncia cultural, tornando-nos na sua melhor op\u00e7\u00e3o para adquirir \u00edmanes de Barcelona e outras recorda\u00e7\u00f5es t\u00edpicas.<\/p>\n","protected":false},"excerpt":{"rendered":"<p>\u00cdman met\u00e1lico da emblem\u00e1tica Casa Batll\u00f3 em Barcelona, com um design que reflete as caracter\u00edsticas \u00fanicas do modernismo catal\u00e3o. Este atraente \u00edman mede 8 cm e apresenta uma representa\u00e7\u00e3o colorida em estilo mosaico, captando a arquitetura ondulante e os detalhes ornamentais da fachada do edif\u00edcio. A palavra &#8220;Barcelona&#8221; est\u00e1 impressa com cores vibrantes, complementando o motivo art\u00edstico do famoso monumento de Antoni Gaud\u00ed. Ideal para recordar a sua visita a esta joia arquitet\u00f3nica.<\/p>\n","protected":false},"featured_media":11396,"template":"","meta":{"_acf_changed":false},"product_brand":[],"product_cat":[699],"product_tag":[],"class_list":{"0":"post-37978","1":"product","2":"type-product","3":"status-publish","4":"has-post-thumbnail","6":"product_cat-imanes","7":"pa_ciudad-barcelona","8":"pa_motivo-casa-batllo","9":"pa_pais-espana","11":"first","12":"instock","13":"shipping-taxable","14":"product-type-simple"},"acf":[],"_links":{"self":[{"href":"https:\/\/olemosaic.orbitalia.org\/pt-pt\/wp-json\/wp\/v2\/product\/37978","targetHints":{"allow":["GET"]}}],"collection":[{"href":"https:\/\/olemosaic.orbitalia.org\/pt-pt\/wp-json\/wp\/v2\/product"}],"about":[{"href":"https:\/\/olemosaic.orbitalia.org\/pt-pt\/wp-json\/wp\/v2\/types\/product"}],"wp:featuredmedia":[{"embeddable":true,"href":"https:\/\/olemosaic.orbitalia.org\/pt-pt\/wp-json\/wp\/v2\/media\/11396"}],"wp:attachment":[{"href":"https:\/\/olemosaic.orbitalia.org\/pt-pt\/wp-json\/wp\/v2\/media?parent=37978"}],"wp:term":[{"taxonomy":"product_brand","embeddable":true,"href":"https:\/\/olemosaic.orbitalia.org\/pt-pt\/wp-json\/wp\/v2\/product_brand?post=37978"},{"taxonomy":"product_cat","embeddable":true,"href":"https:\/\/olemosaic.orbitalia.org\/pt-pt\/wp-json\/wp\/v2\/product_cat?post=37978"},{"taxonomy":"product_tag","embeddable":true,"href":"https:\/\/olemosaic.orbitalia.org\/pt-pt\/wp-json\/wp\/v2\/product_tag?post=37978"}],"curies":[{"name":"wp","href":"https:\/\/api.w.org\/{rel}","templated":true}]}}