{"id":37975,"date":"2025-02-20T23:32:57","date_gmt":"2025-02-20T22:32:57","guid":{"rendered":"https:\/\/olemosaic.orbitalia.org\/producto\/iman-de-resina-madrid-10-cm\/"},"modified":"2025-07-25T20:13:52","modified_gmt":"2025-07-25T18:13:52","slug":"iman-de-resina-madrid-10-cm-pt-pt-2","status":"publish","type":"product","link":"https:\/\/olemosaic.orbitalia.org\/pt-pt\/produto\/iman-de-resina-madrid-10-cm-pt-pt-2\/","title":{"rendered":"\u00cdman de resina. Madrid. 10 cm."},"content":{"rendered":"<p>Este \u00edman de resina com forma de lagarto \u00e9 uma representa\u00e7\u00e3o vibrante de Madrid, um souvenir ideal para quem procura uma recorda\u00e7\u00e3o aut\u00eantica da sua visita \u00e0 capital espanhola. Com medidas de 10 cm, este \u00edman colorido destaca-se pelo seu design intrincado, que evoca a famosa arte do mosaico, t\u00e3o representativa da cultura madrilena. A palavra &#8220;MADRID&#8221; aparece no centro, numa cor preta chamativa que sobressai num fundo repleto de padr\u00f5es geom\u00e9tricos e flores em tons vivos como o vermelho, o azul, o verde e o amarelo, capturando a alegria e o dinamismo da cidade.<\/p>\n<p>Este \u00edman n\u00e3o \u00e9 apenas uma pe\u00e7a decorativa cujo design elegante se ajustar\u00e1 a qualquer lar, mas tamb\u00e9m um s\u00edmbolo do car\u00e1cter festivo de Madrid. A figura do lagarto, que ocupa um lugar especial na tradi\u00e7\u00e3o espanhola, acrescenta um toque \u00fanico, fazendo deste souvenir um artigo muito representativo. Na Ol\u00e9 Mosaic, orgulhamo-nos de oferecer este produto aut\u00eantico, perfeito para lojas de presentes tur\u00edsticos que procuram ampliar a sua oferta com souvenirs de qualidade. Este \u00edman de Madrid \u00e9 uma excelente op\u00e7\u00e3o que permite aos turistas levar um peda\u00e7o da rica cultura e do esp\u00edrito da cidade.<\/p>\n","protected":false},"excerpt":{"rendered":"<p>\u00cdman com forma de lagarto, que representa a vibrante ess\u00eancia de Madrid. Mede 10 cm e destaca-se pelas suas cores vivas e padr\u00f5es intrincados, que evocam a famosa arte do mosaico. A palavra &#8220;MADRID&#8221; aparece no centro em preto, uma cor chamativa, rodeada por um design repleto de flores e formas geom\u00e9tricas que capturam a alegria e o dinamismo da cidade. Ideal para decorar a casa ou como recorda\u00e7\u00e3o.<\/p>\n","protected":false},"featured_media":10579,"template":"","meta":{"_acf_changed":false},"product_brand":[],"product_cat":[699],"product_tag":[],"class_list":{"0":"post-37975","1":"product","2":"type-product","3":"status-publish","4":"has-post-thumbnail","6":"product_cat-imanes","7":"pa_ciudad-madrid","8":"pa_pais-espana","10":"first","11":"instock","12":"shipping-taxable","13":"product-type-simple"},"acf":[],"_links":{"self":[{"href":"https:\/\/olemosaic.orbitalia.org\/pt-pt\/wp-json\/wp\/v2\/product\/37975","targetHints":{"allow":["GET"]}}],"collection":[{"href":"https:\/\/olemosaic.orbitalia.org\/pt-pt\/wp-json\/wp\/v2\/product"}],"about":[{"href":"https:\/\/olemosaic.orbitalia.org\/pt-pt\/wp-json\/wp\/v2\/types\/product"}],"wp:featuredmedia":[{"embeddable":true,"href":"https:\/\/olemosaic.orbitalia.org\/pt-pt\/wp-json\/wp\/v2\/media\/10579"}],"wp:attachment":[{"href":"https:\/\/olemosaic.orbitalia.org\/pt-pt\/wp-json\/wp\/v2\/media?parent=37975"}],"wp:term":[{"taxonomy":"product_brand","embeddable":true,"href":"https:\/\/olemosaic.orbitalia.org\/pt-pt\/wp-json\/wp\/v2\/product_brand?post=37975"},{"taxonomy":"product_cat","embeddable":true,"href":"https:\/\/olemosaic.orbitalia.org\/pt-pt\/wp-json\/wp\/v2\/product_cat?post=37975"},{"taxonomy":"product_tag","embeddable":true,"href":"https:\/\/olemosaic.orbitalia.org\/pt-pt\/wp-json\/wp\/v2\/product_tag?post=37975"}],"curies":[{"name":"wp","href":"https:\/\/api.w.org\/{rel}","templated":true}]}}