{"id":37974,"date":"2025-02-20T23:32:56","date_gmt":"2025-02-20T22:32:56","guid":{"rendered":"https:\/\/olemosaic.orbitalia.org\/producto\/iman-de-resina-barcelona-10-cm\/"},"modified":"2025-07-25T20:24:53","modified_gmt":"2025-07-25T18:24:53","slug":"iman-de-resina-barcelona-10-cm-pt-pt-2","status":"publish","type":"product","link":"https:\/\/olemosaic.orbitalia.org\/pt-pt\/produto\/iman-de-resina-barcelona-10-cm-pt-pt-2\/","title":{"rendered":"\u00cdman de resina. Barcelona. 10 cm."},"content":{"rendered":"<p>Este \u00edman de resina com forma de lagarto \u00e9 uma aut\u00eantica representa\u00e7\u00e3o do vibrante mosaico de Barcelona, tornando-se a recorda\u00e7\u00e3o ideal para os visitantes desta emblem\u00e1tica cidade. Com dimens\u00f5es de 10 cm, o seu design colorido destaca-se pelos detalhes pintados \u00e0 m\u00e3o em tons vermelhos, amarelos, verdes e pretos, que evocam a rica cultura e a arte modernista que caracterizam Barcelona. A palavra \u00abBarcelona\u00bb integra-se elegantemente no design, acrescentando um toque pessoal e aut\u00eantico a esta pe\u00e7a.<\/p>\n<p>O uso da forma do lagarto n\u00e3o \u00e9 casual, pois inspira-se na famosa obra de Antoni Gaud\u00ed no Park G\u00fcell, um s\u00edmbolo ic\u00f3nico da criatividade e do engenho arquitet\u00f3nico que define a cidade. Este \u00edman n\u00e3o \u00e9 apenas um acess\u00f3rio decorativo, mas tamb\u00e9m se torna um portador de mem\u00f3rias que evoca as ruas coloridas e a energia vibrante de Barcelona.<\/p>\n<p>Ideal para turistas que procuram souvenirs representativos da sua viagem, este \u00edman de resina \u00e9 uma excelente op\u00e7\u00e3o para lojas de presentes tur\u00edsticos. Na Ol\u00e9 Mosaic, como distribuidores de souvenirs por grosso, garantimos produtos aut\u00eanticos que capturam a ess\u00eancia de cada lugar, proporcionando aos nossos clientes a possibilidade de oferecer recorda\u00e7\u00f5es de qualidade que ligam \u00e0 cultura local.<\/p>\n","protected":false},"excerpt":{"rendered":"<p>\u00cdman com forma de lagarto e um design vibrante que reproduz o colorido mosaico barcelon\u00eas. Com dimens\u00f5es de 10 cm, este \u00edman destaca-se pelos seus detalhes pintados \u00e0 m\u00e3o em tons vermelhos, amarelos, verdes e pretos, evocando a rica cultura e a arte modernista da cidade. A palavra &#8220;Barcelona&#8221; est\u00e1 elegantemente integrada no design, tornando-o um souvenir ideal para recordar a ess\u00eancia desta emblem\u00e1tica localidade.<\/p>\n","protected":false},"featured_media":9340,"template":"","meta":{"_acf_changed":false},"product_brand":[],"product_cat":[699],"product_tag":[],"class_list":{"0":"post-37974","1":"product","2":"type-product","3":"status-publish","4":"has-post-thumbnail","6":"product_cat-imanes","7":"pa_ciudad-barcelona","8":"pa_pais-espana","10":"first","11":"instock","12":"shipping-taxable","13":"product-type-simple"},"acf":[],"_links":{"self":[{"href":"https:\/\/olemosaic.orbitalia.org\/pt-pt\/wp-json\/wp\/v2\/product\/37974","targetHints":{"allow":["GET"]}}],"collection":[{"href":"https:\/\/olemosaic.orbitalia.org\/pt-pt\/wp-json\/wp\/v2\/product"}],"about":[{"href":"https:\/\/olemosaic.orbitalia.org\/pt-pt\/wp-json\/wp\/v2\/types\/product"}],"wp:featuredmedia":[{"embeddable":true,"href":"https:\/\/olemosaic.orbitalia.org\/pt-pt\/wp-json\/wp\/v2\/media\/9340"}],"wp:attachment":[{"href":"https:\/\/olemosaic.orbitalia.org\/pt-pt\/wp-json\/wp\/v2\/media?parent=37974"}],"wp:term":[{"taxonomy":"product_brand","embeddable":true,"href":"https:\/\/olemosaic.orbitalia.org\/pt-pt\/wp-json\/wp\/v2\/product_brand?post=37974"},{"taxonomy":"product_cat","embeddable":true,"href":"https:\/\/olemosaic.orbitalia.org\/pt-pt\/wp-json\/wp\/v2\/product_cat?post=37974"},{"taxonomy":"product_tag","embeddable":true,"href":"https:\/\/olemosaic.orbitalia.org\/pt-pt\/wp-json\/wp\/v2\/product_tag?post=37974"}],"curies":[{"name":"wp","href":"https:\/\/api.w.org\/{rel}","templated":true}]}}