{"id":37970,"date":"2025-02-20T22:32:46","date_gmt":"2025-02-20T22:32:46","guid":{"rendered":"https:\/\/olemosaic.orbitalia.org\/producto\/iman-de-metal-panoramica-madrid-plata-8-cm\/"},"modified":"2025-07-25T20:06:09","modified_gmt":"2025-07-25T18:06:09","slug":"iman-de-metal-panoramica-madrid-prata-8-cm-pt-pt","status":"publish","type":"product","link":"https:\/\/olemosaic.orbitalia.org\/pt-pt\/produto\/iman-de-metal-panoramica-madrid-prata-8-cm-pt-pt\/","title":{"rendered":"\u00cdman de metal. Panor\u00e2mica. Madrid. Prata. 8 cm."},"content":{"rendered":"<p>Este \u00edman met\u00e1lico apresenta uma cativante panor\u00e2mica em mosaico de Madrid, com a emblem\u00e1tica Porta de Alcal\u00e1 como protagonista. Com os seus 8 cm, \u00e9 o souvenir perfeito para os amantes de recorda\u00e7\u00f5es aut\u00eanticas. O seu design art\u00edstico combina cores vibrantes que captam a ess\u00eancia din\u00e2mica da capital espanhola. A palavra &#8220;MADRID&#8221; destaca-se em letras grandes e chamativas, complementando a colorida representa\u00e7\u00e3o arquitet\u00f3nica e conferindo um toque moderno \u00e0 pe\u00e7a.<\/p>\n<p>A Porta de Alcal\u00e1, um dos monumentos mais emblem\u00e1ticos de Madrid, ergue-se como um s\u00edmbolo de hist\u00f3ria e cultura, recordando aos visitantes a rica heran\u00e7a da cidade. Este \u00edman n\u00e3o \u00e9 apenas um acess\u00f3rio decorativo ideal para o lar, mas tamb\u00e9m uma recorda\u00e7\u00e3o representativa de uma visita memor\u00e1vel a Madrid, encapsulando o esp\u00edrito da cidade numa pequena obra de arte.<\/p>\n<p>Na Ol\u00e9 Mosaic especializamo-nos na distribui\u00e7\u00e3o grossista de souvenirs, oferecendo produtos \u00fanicos que se destacam pelo seu artesanato e relev\u00e2ncia cultural. Este \u00edman da Porta de Alcal\u00e1 \u00e9 uma excelente op\u00e7\u00e3o para lojas de presentes tur\u00edsticos que procuram souvenirs aut\u00eanticos e de qualidade, fundindo tradi\u00e7\u00e3o e modernidade em cada detalhe. Como grossistas de souvenirs, garantimos que cada pe\u00e7a seja um reflexo fiel da riqueza cultural madrilena.<\/p>\n","protected":false},"excerpt":{"rendered":"<p>\u00cdman met\u00e1lico com uma colorida panor\u00e2mica de Madrid que representa a famosa Porta de Alcal\u00e1 num vibrante estilo mosaico. Com um tamanho de 8 cm, este \u00edman destaca-se pelo seu design art\u00edstico e detalhe cuidado, combinando cores brilhantes que captam a ess\u00eancia da cidade. A palavra &#8220;MADRID&#8221; apresenta-se em letras grandes e chamativas, complementando a cena com um toque moderno, ideal para recordar a sua visita \u00e0 capital espanhola.<\/p>\n","protected":false},"featured_media":9889,"template":"","meta":{"_acf_changed":false},"product_brand":[],"product_cat":[699],"product_tag":[],"class_list":{"0":"post-37970","1":"product","2":"type-product","3":"status-publish","4":"has-post-thumbnail","6":"product_cat-imanes","7":"pa_ciudad-madrid","8":"pa_motivo-panoramas","9":"pa_pais-espana","11":"first","12":"instock","13":"shipping-taxable","14":"product-type-simple"},"acf":[],"_links":{"self":[{"href":"https:\/\/olemosaic.orbitalia.org\/pt-pt\/wp-json\/wp\/v2\/product\/37970","targetHints":{"allow":["GET"]}}],"collection":[{"href":"https:\/\/olemosaic.orbitalia.org\/pt-pt\/wp-json\/wp\/v2\/product"}],"about":[{"href":"https:\/\/olemosaic.orbitalia.org\/pt-pt\/wp-json\/wp\/v2\/types\/product"}],"wp:featuredmedia":[{"embeddable":true,"href":"https:\/\/olemosaic.orbitalia.org\/pt-pt\/wp-json\/wp\/v2\/media\/9889"}],"wp:attachment":[{"href":"https:\/\/olemosaic.orbitalia.org\/pt-pt\/wp-json\/wp\/v2\/media?parent=37970"}],"wp:term":[{"taxonomy":"product_brand","embeddable":true,"href":"https:\/\/olemosaic.orbitalia.org\/pt-pt\/wp-json\/wp\/v2\/product_brand?post=37970"},{"taxonomy":"product_cat","embeddable":true,"href":"https:\/\/olemosaic.orbitalia.org\/pt-pt\/wp-json\/wp\/v2\/product_cat?post=37970"},{"taxonomy":"product_tag","embeddable":true,"href":"https:\/\/olemosaic.orbitalia.org\/pt-pt\/wp-json\/wp\/v2\/product_tag?post=37970"}],"curies":[{"name":"wp","href":"https:\/\/api.w.org\/{rel}","templated":true}]}}