{"id":37968,"date":"2025-02-20T22:32:46","date_gmt":"2025-02-20T22:32:46","guid":{"rendered":"https:\/\/olemosaic.orbitalia.org\/producto\/iman-de-metal-panoramica-segovia-plata-8-cm\/"},"modified":"2025-07-25T18:43:59","modified_gmt":"2025-07-25T16:43:59","slug":"iman-de-metal-panoramica-segovia-prata-8-cm-pt-pt","status":"publish","type":"product","link":"https:\/\/olemosaic.orbitalia.org\/pt-pt\/produto\/iman-de-metal-panoramica-segovia-prata-8-cm-pt-pt\/","title":{"rendered":"\u00cdman de metal. Panor\u00e2mica. Seg\u00f3via. Prata. 8 cm."},"content":{"rendered":"<p>Este \u00edman met\u00e1lico panor\u00e2mico de Seg\u00f3via \u00e9 uma recorda\u00e7\u00e3o vibrante e cativante que capta a espl\u00eandida majestade do Aqueduto, um dos monumentos mais emblem\u00e1ticos de Espanha. Com os seus 8 cm de tamanho, este atraente \u00edman destaca-se pelo seu design que simula um mosaico, utilizando uma paleta de cores vibrantes que d\u00e1 vida \u00e0 representa\u00e7\u00e3o do aqueduto, complementada pelas casas t\u00edpicas que caracterizam a cidade, criando uma composi\u00e7\u00e3o visual harmoniosa.<\/p>\n<p>A inscri\u00e7\u00e3o &#8220;SEGOVIA&#8221; aparece em letras real\u00e7adas, conferindo um toque distintivo que torna este souvenir facilmente reconhec\u00edvel. Este \u00edman \u00e9 ideal para adornar qualquer superf\u00edcie met\u00e1lica, seja em casa ou no escrit\u00f3rio, e serve como um lembrete tang\u00edvel da beleza hist\u00f3rica de Seg\u00f3via. A cidade, declarada Patrim\u00f3nio da Humanidade pela UNESCO, \u00e9 conhecida n\u00e3o s\u00f3 pelo seu impressionante aqueduto, mas tamb\u00e9m pela sua rica hist\u00f3ria e arquitetura medieval.<\/p>\n<p>Na Ol\u00e9 Mosaic, dedicamo-nos \u00e0 distribui\u00e7\u00e3o grossista de souvenirs de qualidade, como este \u00edman de Seg\u00f3via, perfeito para lojas de presentes tur\u00edsticos que procuram oferecer produtos aut\u00eanticos e significativos. Este \u00edman n\u00e3o s\u00f3 celebra a riqueza cultural espanhola, como tamb\u00e9m \u00e9 uma excelente op\u00e7\u00e3o para os turistas que desejam levar consigo um peda\u00e7o da hist\u00f3ria de Seg\u00f3via. Como grossistas de \u00edmanes, garantimos que cada pe\u00e7a seja um reflexo genu\u00edno do patrim\u00f3nio local.<\/p>\n","protected":false},"excerpt":{"rendered":"<p>\u00cdman met\u00e1lico com uma encantadora panor\u00e2mica do Aqueduto de Seg\u00f3via. Este atraente \u00edman, de 8 cm, apresenta um design colorido que simula um mosaico com tons vibrantes, real\u00e7ando a majestade do aqueduto junto a casas t\u00edpicas da cidade. A inscri\u00e7\u00e3o &#8220;SEGOVIA&#8221; destaca-se em letras chamativas, adicionando um toque distintivo. Ideal para recordar a beleza desta hist\u00f3rica cidade espanhola em qualquer superf\u00edcie met\u00e1lica.<\/p>\n","protected":false},"featured_media":10451,"template":"","meta":{"_acf_changed":false},"product_brand":[],"product_cat":[699],"product_tag":[],"class_list":{"0":"post-37968","1":"product","2":"type-product","3":"status-publish","4":"has-post-thumbnail","6":"product_cat-imanes","7":"pa_ciudad-segovia","8":"pa_motivo-panoramas","9":"pa_pais-espana","11":"first","12":"instock","13":"shipping-taxable","14":"product-type-simple"},"acf":[],"_links":{"self":[{"href":"https:\/\/olemosaic.orbitalia.org\/pt-pt\/wp-json\/wp\/v2\/product\/37968","targetHints":{"allow":["GET"]}}],"collection":[{"href":"https:\/\/olemosaic.orbitalia.org\/pt-pt\/wp-json\/wp\/v2\/product"}],"about":[{"href":"https:\/\/olemosaic.orbitalia.org\/pt-pt\/wp-json\/wp\/v2\/types\/product"}],"wp:featuredmedia":[{"embeddable":true,"href":"https:\/\/olemosaic.orbitalia.org\/pt-pt\/wp-json\/wp\/v2\/media\/10451"}],"wp:attachment":[{"href":"https:\/\/olemosaic.orbitalia.org\/pt-pt\/wp-json\/wp\/v2\/media?parent=37968"}],"wp:term":[{"taxonomy":"product_brand","embeddable":true,"href":"https:\/\/olemosaic.orbitalia.org\/pt-pt\/wp-json\/wp\/v2\/product_brand?post=37968"},{"taxonomy":"product_cat","embeddable":true,"href":"https:\/\/olemosaic.orbitalia.org\/pt-pt\/wp-json\/wp\/v2\/product_cat?post=37968"},{"taxonomy":"product_tag","embeddable":true,"href":"https:\/\/olemosaic.orbitalia.org\/pt-pt\/wp-json\/wp\/v2\/product_tag?post=37968"}],"curies":[{"name":"wp","href":"https:\/\/api.w.org\/{rel}","templated":true}]}}