{"id":37961,"date":"2025-02-20T22:32:15","date_gmt":"2025-02-20T22:32:15","guid":{"rendered":"https:\/\/olemosaic.orbitalia.org\/producto\/iman-de-metal-gato-8-cm\/"},"modified":"2025-07-25T20:22:40","modified_gmt":"2025-07-25T18:22:40","slug":"iman-de-metal-gato-8-cm-pt-pt-2","status":"publish","type":"product","link":"https:\/\/olemosaic.orbitalia.org\/pt-pt\/produto\/iman-de-metal-gato-8-cm-pt-pt-2\/","title":{"rendered":"\u00cdman de metal. Gato. 8 cm."},"content":{"rendered":"<p>Este \u00edman met\u00e1lico, com um design vibrante de um gato em mosaico, \u00e9 a recorda\u00e7\u00e3o perfeita para captar a ess\u00eancia da arte decorativa tradicional espanhola. Com um tamanho de 8 cm, \u00e9 ideal para adicionar um toque de cor e criatividade a qualquer espa\u00e7o. A ilustra\u00e7\u00e3o apresenta um gato numa explos\u00e3o de cores, como azul claro, amarelo, vermelho e verde, que evocam a diversidade da cultura espanhola. Os detalhes de sombras e reflexos na pelagem do gato real\u00e7am a sua vitalidade, enquanto o fundo azul claro complementa e destaca a vivacidade do mosaico.<\/p>\n<p>Inspirado na emblem\u00e1tica t\u00e9cnica do mosaico, este \u00edman n\u00e3o \u00e9 apenas uma pe\u00e7a decorativa, mas tamb\u00e9m uma representa\u00e7\u00e3o cultural da arte que adorna muitas ruas e edif\u00edcios em cidades como Barcelona. Este s\u00edmbolo da criatividade espanhola \u00e9 o presente perfeito para os amantes de felinos e da cultura art\u00edstica. Na Ol\u00e9 Mosaic, somos fornecedores por grosso de recorda\u00e7\u00f5es de qualidade, e este \u00edman de gato \u00e9 uma excelente escolha para lojas de presentes tur\u00edsticos que procuram uma liga\u00e7\u00e3o aut\u00eantica com as tradi\u00e7\u00f5es culturais. Ideal para quem procura uma recorda\u00e7\u00e3o que combine arte, originalidade e a ess\u00eancia de Espanha.<\/p>\n","protected":false},"excerpt":{"rendered":"<p>\u00cdman met\u00e1lico com um design vibrante de um gato em mosaico, que apresenta uma explos\u00e3o de cores evocativa da arte tradicional espanhola. Com um tamanho de 8 cm, este \u00edman mostra o felino sobre um fundo azul claro, com detalhes em amarelo, vermelho e verde que representam sombras e reflexos, dando vida ao animal. Uma recorda\u00e7\u00e3o ideal para os amantes da cultura e da criatividade espanhola.<\/p>\n","protected":false},"featured_media":12823,"template":"","meta":{"_acf_changed":false},"product_brand":[],"product_cat":[699],"product_tag":[516],"class_list":{"0":"post-37961","1":"product","2":"type-product","3":"status-publish","4":"has-post-thumbnail","6":"product_cat-imanes","7":"product_tag-animais","8":"pa_motivo-gatos","10":"first","11":"instock","12":"shipping-taxable","13":"product-type-simple"},"acf":[],"_links":{"self":[{"href":"https:\/\/olemosaic.orbitalia.org\/pt-pt\/wp-json\/wp\/v2\/product\/37961","targetHints":{"allow":["GET"]}}],"collection":[{"href":"https:\/\/olemosaic.orbitalia.org\/pt-pt\/wp-json\/wp\/v2\/product"}],"about":[{"href":"https:\/\/olemosaic.orbitalia.org\/pt-pt\/wp-json\/wp\/v2\/types\/product"}],"wp:featuredmedia":[{"embeddable":true,"href":"https:\/\/olemosaic.orbitalia.org\/pt-pt\/wp-json\/wp\/v2\/media\/12823"}],"wp:attachment":[{"href":"https:\/\/olemosaic.orbitalia.org\/pt-pt\/wp-json\/wp\/v2\/media?parent=37961"}],"wp:term":[{"taxonomy":"product_brand","embeddable":true,"href":"https:\/\/olemosaic.orbitalia.org\/pt-pt\/wp-json\/wp\/v2\/product_brand?post=37961"},{"taxonomy":"product_cat","embeddable":true,"href":"https:\/\/olemosaic.orbitalia.org\/pt-pt\/wp-json\/wp\/v2\/product_cat?post=37961"},{"taxonomy":"product_tag","embeddable":true,"href":"https:\/\/olemosaic.orbitalia.org\/pt-pt\/wp-json\/wp\/v2\/product_tag?post=37961"}],"curies":[{"name":"wp","href":"https:\/\/api.w.org\/{rel}","templated":true}]}}