{"id":37955,"date":"2025-02-20T23:32:04","date_gmt":"2025-02-20T22:32:04","guid":{"rendered":"https:\/\/olemosaic.orbitalia.org\/producto\/iman-de-madera-salamandra-y-flores-tenerife\/"},"modified":"2025-07-25T19:26:46","modified_gmt":"2025-07-25T17:26:46","slug":"iman-de-madeira-salamandra-e-flores-tenerife-pt-pt","status":"publish","type":"product","link":"https:\/\/olemosaic.orbitalia.org\/pt-pt\/produto\/iman-de-madeira-salamandra-e-flores-tenerife-pt-pt\/","title":{"rendered":"\u00cdman de madeira. Salamandra e flores. Tenerife."},"content":{"rendered":"<p>Este \u00edman de madeira, decorado com ilustra\u00e7\u00f5es de duas vibrantes salamandras, \u00e9 um reflexo aut\u00eantico da beleza natural de Tenerife. Com um design \u00fanico e pintado \u00e0 m\u00e3o, este \u00edman capta a aten\u00e7\u00e3o com os seus tons ricos de azul, vermelho e verde, que representam a colorida fauna e flora da ilha. As salamandras, representadas com um estilo chamativo, destacam-se sobre um fundo adornado com flores, enfatizando a diversidade ecol\u00f3gica deste destino tur\u00edstico. Abaixo, a inscri\u00e7\u00e3o &#8220;Tenerife&#8221; apresenta-se em letras brilhantes, acrescentando um toque de alegria e car\u00e1cter a esta pe\u00e7a.<\/p>\n<p>Esta recorda\u00e7\u00e3o \u00e9 ideal para quem procura uma lembran\u00e7a aut\u00eantica que encapsule a ess\u00eancia de Tenerife, tornando-se uma excelente op\u00e7\u00e3o para turistas que desejam levar um peda\u00e7o da ilha para casa. Ao adquirir este \u00edman, os visitantes n\u00e3o s\u00f3 obt\u00eam um objeto decorativo, mas tamb\u00e9m uma representa\u00e7\u00e3o art\u00edstica da cultura e do ambiente natural de Tenerife.<\/p>\n<p>Na Ol\u00e9 Mosaic, especializamo-nos na distribui\u00e7\u00e3o de lembran\u00e7as por grosso, oferecendo produtos que se destacam pela sua qualidade e relev\u00e2ncia cultural. Este \u00edman de salamandras \u00e9 uma escolha perfeita para lojas de presentes tur\u00edsticos que queiram oferecer aos seus clientes uma recorda\u00e7\u00e3o significativa e aut\u00eantica da bela ilha de Tenerife.<\/p>\n","protected":false},"excerpt":{"rendered":"<p>\u00cdman de madeira decorado com uma encantadora ilustra\u00e7\u00e3o de duas salamandras coloridas entre flores, que representa a beleza natural de Tenerife. Este \u00edman, com um design vibrante em tons de azul, vermelho e verde, destaca-se pelo seu acabamento artesanal, pintado \u00e0 m\u00e3o, e pela inscri\u00e7\u00e3o &#8220;Tenerife&#8221; em letras chamativas. Ideal para recordar a arquitetura e a fauna da ilha, esta recorda\u00e7\u00e3o real\u00e7a a diversidade e o colorido do seu ambiente.<\/p>\n","protected":false},"featured_media":9992,"template":"","meta":{"_acf_changed":false},"product_brand":[],"product_cat":[699],"product_tag":[516],"class_list":{"0":"post-37955","1":"product","2":"type-product","3":"status-publish","4":"has-post-thumbnail","6":"product_cat-imanes","7":"product_tag-animais","8":"pa_ciudad-tenerife","9":"pa_motivo-salamandras","10":"pa_pais-espana","12":"first","13":"instock","14":"shipping-taxable","15":"product-type-simple"},"acf":[],"_links":{"self":[{"href":"https:\/\/olemosaic.orbitalia.org\/pt-pt\/wp-json\/wp\/v2\/product\/37955","targetHints":{"allow":["GET"]}}],"collection":[{"href":"https:\/\/olemosaic.orbitalia.org\/pt-pt\/wp-json\/wp\/v2\/product"}],"about":[{"href":"https:\/\/olemosaic.orbitalia.org\/pt-pt\/wp-json\/wp\/v2\/types\/product"}],"wp:featuredmedia":[{"embeddable":true,"href":"https:\/\/olemosaic.orbitalia.org\/pt-pt\/wp-json\/wp\/v2\/media\/9992"}],"wp:attachment":[{"href":"https:\/\/olemosaic.orbitalia.org\/pt-pt\/wp-json\/wp\/v2\/media?parent=37955"}],"wp:term":[{"taxonomy":"product_brand","embeddable":true,"href":"https:\/\/olemosaic.orbitalia.org\/pt-pt\/wp-json\/wp\/v2\/product_brand?post=37955"},{"taxonomy":"product_cat","embeddable":true,"href":"https:\/\/olemosaic.orbitalia.org\/pt-pt\/wp-json\/wp\/v2\/product_cat?post=37955"},{"taxonomy":"product_tag","embeddable":true,"href":"https:\/\/olemosaic.orbitalia.org\/pt-pt\/wp-json\/wp\/v2\/product_tag?post=37955"}],"curies":[{"name":"wp","href":"https:\/\/api.w.org\/{rel}","templated":true}]}}