{"id":37952,"date":"2025-02-20T22:31:45","date_gmt":"2025-02-20T22:31:45","guid":{"rendered":"https:\/\/olemosaic.orbitalia.org\/producto\/posavasos-de-ceramica-salamandra\/"},"modified":"2025-07-25T20:04:49","modified_gmt":"2025-07-25T18:04:49","slug":"base-de-copos-de-ceramica-salamandra-pt-pt","status":"publish","type":"product","link":"https:\/\/olemosaic.orbitalia.org\/pt-pt\/produto\/base-de-copos-de-ceramica-salamandra-pt-pt\/","title":{"rendered":"Base de copos de cer\u00e2mica. Salamandra."},"content":{"rendered":"<p>Esta elegante base de copos de cer\u00e2mica com design de salamandras \u00e9 uma representa\u00e7\u00e3o art\u00edstica \u00fanica da vibrante est\u00e9tica da arquitetura mediterr\u00e2nica. Sobre um fundo cinzento claro, a base de copos destaca-se pelos seus coloridos mosaicos que mostram salamandras em tons vermelhos, azuis e verdes, como se dan\u00e7assem entre flores em alegres matizes de amarelo e azul. Cada salamandra \u00e9 cuidadosamente elaborada, real\u00e7ando a sua forma e cor atrav\u00e9s de uma t\u00e9cnica de pintura detalhada que oferece um acabamento brilhante, o que confere um toque contempor\u00e2neo a qualquer ambiente.<\/p>\n<p>Esta base de copos n\u00e3o \u00e9 apenas um acess\u00f3rio funcional, mas tamb\u00e9m simboliza a rica tradi\u00e7\u00e3o da cer\u00e2mica mediterr\u00e2nica, ligando os turistas \u00e0 heran\u00e7a cultural da regi\u00e3o. As salamandras, consideradas em muitas culturas como s\u00edmbolos de transforma\u00e7\u00e3o e renova\u00e7\u00e3o, acrescentam um valor adicional \u00e0 recorda\u00e7\u00e3o, tornando-a num elemento representativo das paisagens e do folclore local.<\/p>\n<p>Na Ol\u00e9 Mosaic, oferecemos produtos aut\u00eanticos e de qualidade. Esta base de copos de cer\u00e2mica \u00e9 um presente perfeito para quem procura recorda\u00e7\u00f5es de cer\u00e2mica \u00fanicas, e tamb\u00e9m uma excelente op\u00e7\u00e3o para lojas de presentes tur\u00edsticos que desejam mostrar pe\u00e7as que celebrem a beleza e a tradi\u00e7\u00e3o do Mediterr\u00e2neo. Como grossista de cer\u00e2mica, garantimos produtos artesanais que se destacam pela sua originalidade e liga\u00e7\u00e3o cultural.<\/p>\n","protected":false},"excerpt":{"rendered":"<p>Base de copos de cer\u00e2mica com design de salamandras, inspirado na vibrante est\u00e9tica da arquitetura mediterr\u00e2nica. Esta elegante base de copos apresenta um fundo cinzento claro adornado com coloridos mosaicos de salamandras vermelhas, azuis e verdes, entrela\u00e7adas com flores em tons amarelos e azuis. O acabamento brilhante e a detalhada t\u00e9cnica de pintura acrescentam um toque art\u00edstico e contempor\u00e2neo, tornando este acess\u00f3rio numa pe\u00e7a ideal para complementar qualquer mesa.<\/p>\n","protected":false},"featured_media":8668,"template":"","meta":{"_acf_changed":false},"product_brand":[],"product_cat":[818],"product_tag":[516,515],"class_list":{"0":"post-37952","1":"product","2":"type-product","3":"status-publish","4":"has-post-thumbnail","6":"product_cat-bases-de-copos","7":"product_tag-animais","8":"product_tag-ceramica","9":"pa_motivo-salamandras","11":"first","12":"instock","13":"shipping-taxable","14":"product-type-simple"},"acf":[],"_links":{"self":[{"href":"https:\/\/olemosaic.orbitalia.org\/pt-pt\/wp-json\/wp\/v2\/product\/37952","targetHints":{"allow":["GET"]}}],"collection":[{"href":"https:\/\/olemosaic.orbitalia.org\/pt-pt\/wp-json\/wp\/v2\/product"}],"about":[{"href":"https:\/\/olemosaic.orbitalia.org\/pt-pt\/wp-json\/wp\/v2\/types\/product"}],"wp:featuredmedia":[{"embeddable":true,"href":"https:\/\/olemosaic.orbitalia.org\/pt-pt\/wp-json\/wp\/v2\/media\/8668"}],"wp:attachment":[{"href":"https:\/\/olemosaic.orbitalia.org\/pt-pt\/wp-json\/wp\/v2\/media?parent=37952"}],"wp:term":[{"taxonomy":"product_brand","embeddable":true,"href":"https:\/\/olemosaic.orbitalia.org\/pt-pt\/wp-json\/wp\/v2\/product_brand?post=37952"},{"taxonomy":"product_cat","embeddable":true,"href":"https:\/\/olemosaic.orbitalia.org\/pt-pt\/wp-json\/wp\/v2\/product_cat?post=37952"},{"taxonomy":"product_tag","embeddable":true,"href":"https:\/\/olemosaic.orbitalia.org\/pt-pt\/wp-json\/wp\/v2\/product_tag?post=37952"}],"curies":[{"name":"wp","href":"https:\/\/api.w.org\/{rel}","templated":true}]}}