{"id":37947,"date":"2025-02-20T23:31:43","date_gmt":"2025-02-20T22:31:43","guid":{"rendered":"https:\/\/olemosaic.orbitalia.org\/producto\/bol-de-coco-marron-flamenco-2\/"},"modified":"2025-07-25T20:37:30","modified_gmt":"2025-07-25T18:37:30","slug":"taca-de-coco-castanha-flamingo-2-pt-pt","status":"publish","type":"product","link":"https:\/\/olemosaic.orbitalia.org\/pt-pt\/produto\/taca-de-coco-castanha-flamingo-2-pt-pt\/","title":{"rendered":"Ta\u00e7a de coco castanha. Flamingo. Conchas."},"content":{"rendered":"<p>Esta elegante ta\u00e7a de coco castanha, decorada com um motivo de flamingos entrela\u00e7ados, \u00e9 um aut\u00eantico tesouro artesanal que captura a ess\u00eancia do folclore andaluz. Fabricada de forma artesanal, esta ta\u00e7a destaca-se pelo seu encantador design em mosaico de conchas em tons castanhos e bege, que real\u00e7a o seu apelo visual e lhe confere um toque natural e distintivo. A imagem dos flamingos, \u00edcones da cultura andaluza e das suas paisagens, \u00e9 elaborada com uma delicadeza que convida a admir\u00e1-la, tanto como pe\u00e7a decorativa como recipiente funcional para servir aperitivos. Esta ta\u00e7a n\u00e3o \u00e9 apenas um objeto \u00fatil, mas tamb\u00e9m evoca a riqueza cultural e a biodiversidade da regi\u00e3o, refletindo o estilo de vida mediterr\u00e2nico. Na Ol\u00e9 Mosaic, orgulhamo-nos de oferecer recorda\u00e7\u00f5es aut\u00eanticas que refletem a tradi\u00e7\u00e3o e a arte de Espanha. Esta ta\u00e7a de flamingos \u00e9 uma excelente op\u00e7\u00e3o para lojas de presentes tur\u00edsticos que procuram pe\u00e7as \u00fanicas e aut\u00eanticas. Ao escolher esta ta\u00e7a de coco, n\u00e3o s\u00f3 adquire um produto de qualidade, como um peda\u00e7o da alma andaluza.<\/p>\n","protected":false},"excerpt":{"rendered":"<p>Ta\u00e7a de coco castanha decorada com um elegante motivo de flamingos entrela\u00e7ados, ideal para adicionar um toque de estilo a qualquer espa\u00e7o. Fabricada artesanalmente, esta ta\u00e7a apresenta um belo design em mosaico de conchas em tons castanhos e bege, que real\u00e7a o seu apelo visual. Perfeita para servir aperitivos ou como pe\u00e7a decorativa, reflete a ess\u00eancia do folclore andaluz e a beleza natural da regi\u00e3o.<\/p>\n","protected":false},"featured_media":13489,"template":"","meta":{"_acf_changed":false},"product_brand":[],"product_cat":[513],"product_tag":[516],"class_list":{"0":"post-37947","1":"product","2":"type-product","3":"status-publish","4":"has-post-thumbnail","6":"product_cat-bols","7":"product_tag-animais","8":"pa_motivo-flamingos","10":"first","11":"instock","12":"shipping-taxable","13":"product-type-simple"},"acf":[],"_links":{"self":[{"href":"https:\/\/olemosaic.orbitalia.org\/pt-pt\/wp-json\/wp\/v2\/product\/37947","targetHints":{"allow":["GET"]}}],"collection":[{"href":"https:\/\/olemosaic.orbitalia.org\/pt-pt\/wp-json\/wp\/v2\/product"}],"about":[{"href":"https:\/\/olemosaic.orbitalia.org\/pt-pt\/wp-json\/wp\/v2\/types\/product"}],"wp:featuredmedia":[{"embeddable":true,"href":"https:\/\/olemosaic.orbitalia.org\/pt-pt\/wp-json\/wp\/v2\/media\/13489"}],"wp:attachment":[{"href":"https:\/\/olemosaic.orbitalia.org\/pt-pt\/wp-json\/wp\/v2\/media?parent=37947"}],"wp:term":[{"taxonomy":"product_brand","embeddable":true,"href":"https:\/\/olemosaic.orbitalia.org\/pt-pt\/wp-json\/wp\/v2\/product_brand?post=37947"},{"taxonomy":"product_cat","embeddable":true,"href":"https:\/\/olemosaic.orbitalia.org\/pt-pt\/wp-json\/wp\/v2\/product_cat?post=37947"},{"taxonomy":"product_tag","embeddable":true,"href":"https:\/\/olemosaic.orbitalia.org\/pt-pt\/wp-json\/wp\/v2\/product_tag?post=37947"}],"curies":[{"name":"wp","href":"https:\/\/api.w.org\/{rel}","templated":true}]}}