{"id":37945,"date":"2025-02-20T23:31:43","date_gmt":"2025-02-20T22:31:43","guid":{"rendered":"https:\/\/olemosaic.orbitalia.org\/producto\/bol-de-coco-marron-sagrada-familia-barcelona-2\/"},"modified":"2025-07-25T18:49:25","modified_gmt":"2025-07-25T16:49:25","slug":"taca-de-coco-castanha-sagrada-familia-barcelona-2-pt-pt","status":"publish","type":"product","link":"https:\/\/olemosaic.orbitalia.org\/pt-pt\/produto\/taca-de-coco-castanha-sagrada-familia-barcelona-2-pt-pt\/","title":{"rendered":"Ta\u00e7a de coco castanha. Sagrada Fam\u00edlia. Concha. Barcelona."},"content":{"rendered":"<p>Esta elegante ta\u00e7a de coco castanha decorada com mosaicos \u00e9 uma recorda\u00e7\u00e3o aut\u00eantica que captura a ess\u00eancia da emblem\u00e1tica Sagrada Fam\u00edlia de Barcelona. A ta\u00e7a apresenta um design sofisticado, com tons quentes e terrosos que evocam o calor da arquitetura modernista de Antoni Gaud\u00ed. O seu exterior, revestido com conchas, proporciona-lhe um brilho distintivo que real\u00e7a o seu apelo. No seu interior, destaca-se a ic\u00f3nica silhueta da Sagrada Fam\u00edlia, acompanhada pela inscri\u00e7\u00e3o &#8220;Barcelona&#8221;, criando um v\u00ednculo perfeito entre arte e funcionalidade.<\/p>\n<p>Esta ta\u00e7a n\u00e3o s\u00f3 \u00e9 ideal para servir aperitivos, como tamb\u00e9m funciona como uma pe\u00e7a decorativa que adiciona um toque de cultura catal\u00e3 a qualquer casa. O seu design artesanal e detalhado torna-a uma recorda\u00e7\u00e3o representativa da cidade, celebrando o seu patrim\u00f3nio arquitet\u00f3nico e art\u00edstico. Perfeita para turistas e amantes da cultura que procuram recorda\u00e7\u00f5es aut\u00eanticas de Barcelona, esta ta\u00e7a \u00e9 uma excelente op\u00e7\u00e3o tanto para uso pessoal como para oferecer.<\/p>\n<p>Na Ol\u00e9 Mosaic, especializamo-nos na distribui\u00e7\u00e3o de recorda\u00e7\u00f5es por grosso, oferecendo produtos que refletem a heran\u00e7a cultural de Espanha e Portugal. Com esta ta\u00e7a da Sagrada Fam\u00edlia, garantimos um artigo que combina qualidade, legado e apelo visual, ideal para lojas de presentes tur\u00edsticos que desejam oferecer produtos \u00fanicos e significativos aos seus clientes.<\/p>\n","protected":false},"excerpt":{"rendered":"<p>Ta\u00e7a de coco castanha decorada com um mosaico que representa a emblem\u00e1tica Sagrada Fam\u00edlia de Barcelona. Esta elegante ta\u00e7a combina tons quentes e terrosos, real\u00e7ados pelo revestimento de concha, que lhe confere um brilho distintivo. No seu interior, a silhueta da famosa bas\u00edlica destaca-se junto \u00e0 palavra &#8220;Barcelona&#8221;, fundindo arte e funcionalidade. Ideal como pe\u00e7a decorativa ou para servir aperitivos, esta ta\u00e7a \u00e9 uma bela recorda\u00e7\u00e3o da arquitetura modernista da cidade.<\/p>\n","protected":false},"featured_media":13493,"template":"","meta":{"_acf_changed":false},"product_brand":[],"product_cat":[513],"product_tag":[],"class_list":{"0":"post-37945","1":"product","2":"type-product","3":"status-publish","4":"has-post-thumbnail","6":"product_cat-bols","7":"pa_ciudad-barcelona","8":"pa_motivo-sagrada-familia","9":"pa_pais-espana","11":"first","12":"instock","13":"shipping-taxable","14":"product-type-simple"},"acf":[],"_links":{"self":[{"href":"https:\/\/olemosaic.orbitalia.org\/pt-pt\/wp-json\/wp\/v2\/product\/37945","targetHints":{"allow":["GET"]}}],"collection":[{"href":"https:\/\/olemosaic.orbitalia.org\/pt-pt\/wp-json\/wp\/v2\/product"}],"about":[{"href":"https:\/\/olemosaic.orbitalia.org\/pt-pt\/wp-json\/wp\/v2\/types\/product"}],"wp:featuredmedia":[{"embeddable":true,"href":"https:\/\/olemosaic.orbitalia.org\/pt-pt\/wp-json\/wp\/v2\/media\/13493"}],"wp:attachment":[{"href":"https:\/\/olemosaic.orbitalia.org\/pt-pt\/wp-json\/wp\/v2\/media?parent=37945"}],"wp:term":[{"taxonomy":"product_brand","embeddable":true,"href":"https:\/\/olemosaic.orbitalia.org\/pt-pt\/wp-json\/wp\/v2\/product_brand?post=37945"},{"taxonomy":"product_cat","embeddable":true,"href":"https:\/\/olemosaic.orbitalia.org\/pt-pt\/wp-json\/wp\/v2\/product_cat?post=37945"},{"taxonomy":"product_tag","embeddable":true,"href":"https:\/\/olemosaic.orbitalia.org\/pt-pt\/wp-json\/wp\/v2\/product_tag?post=37945"}],"curies":[{"name":"wp","href":"https:\/\/api.w.org\/{rel}","templated":true}]}}