{"id":37938,"date":"2025-02-20T23:31:38","date_gmt":"2025-02-20T22:31:38","guid":{"rendered":"https:\/\/olemosaic.orbitalia.org\/producto\/cucharon-de-ceramica-patio-blanco-3\/"},"modified":"2025-07-25T18:36:34","modified_gmt":"2025-07-25T16:36:34","slug":"concha-de-ceramica-patio-branco-3-pt-pt","status":"publish","type":"product","link":"https:\/\/olemosaic.orbitalia.org\/pt-pt\/produto\/concha-de-ceramica-patio-branco-3-pt-pt\/","title":{"rendered":"Concha de cer\u00e2mica. P\u00e1tio andaluz. Bailarina. Branco"},"content":{"rendered":"<p>Esta concha de cer\u00e2mica \u00e9 uma pe\u00e7a excecional que capta a ess\u00eancia da cultura andaluza e o calor dos seus p\u00e1tios tradicionais. A sua base branca real\u00e7a um design colorido que evoca um encantador p\u00e1tio andaluz adornado com flores vermelhas vibrantes, criando um contraste harm\u00f3nico que cativa o olhar. No centro da concha, um casal vestido com trajes tradicionais junta-se \u00e0 cena: uma bailarina, com um chamativo vestido de bolas vermelhas, e um companheiro que a acompanha numa dan\u00e7a festiva, refletindo a alegria e a agita\u00e7\u00e3o das celebra\u00e7\u00f5es t\u00edpicas da regi\u00e3o. A t\u00e9cnica de pintura \u00e0 m\u00e3o utilizada nesta concha confere um toque de autenticidade e singularidade, tornando-a um utens\u00edlio tanto funcional como ornamental.<\/p>\n<p>Esta concha n\u00e3o s\u00f3 \u00e9 ideal para a cozinha, como tamb\u00e9m atua como uma pe\u00e7a decorativa que encher\u00e1 o seu lar com um ar tipicamente espanhol. O seu design e qualidade tornam-na um excelente souvenir para turistas que procuram levar uma recorda\u00e7\u00e3o aut\u00eantica e representativa da Andaluzia. Na Ol\u00e9 Mosaic, somos distribuidores de artigos \u00fanicos que refletem a rica cultura espanhola, oferecendo \u00e0s lojas de presentes tur\u00edsticos op\u00e7\u00f5es que garantem valor cultural e apelo visual. \u00c9 o presente perfeito para aqueles que desejam levar um pedacinho de Espanha consigo.<\/p>\n","protected":false},"excerpt":{"rendered":"<p>Concha de cer\u00e2mica com um design colorido que evoca a ess\u00eancia de um p\u00e1tio andaluz. Este utens\u00edlio, sobre uma base branca adornada com flores vermelhas, mostra uma cena vibrante de um casal com trajes tradicionais, entre os quais se destaca uma bailarina com um vestido de bolas vermelhas. A t\u00e9cnica de pintura \u00e0 m\u00e3o confere-lhe um car\u00e1cter \u00fanico, tornando esta concha uma pe\u00e7a funcional e ornamental, perfeita para adicionar um toque de cultura espanhola \u00e0 sua cozinha.<\/p>\n","protected":false},"featured_media":8416,"template":"","meta":{"_acf_changed":false},"product_brand":[],"product_cat":[804],"product_tag":[515],"class_list":{"0":"post-37938","1":"product","2":"type-product","3":"status-publish","4":"has-post-thumbnail","6":"product_cat-conchas","7":"product_tag-ceramica","8":"pa_motivo-patios","10":"first","11":"instock","12":"shipping-taxable","13":"product-type-simple"},"acf":[],"_links":{"self":[{"href":"https:\/\/olemosaic.orbitalia.org\/pt-pt\/wp-json\/wp\/v2\/product\/37938","targetHints":{"allow":["GET"]}}],"collection":[{"href":"https:\/\/olemosaic.orbitalia.org\/pt-pt\/wp-json\/wp\/v2\/product"}],"about":[{"href":"https:\/\/olemosaic.orbitalia.org\/pt-pt\/wp-json\/wp\/v2\/types\/product"}],"wp:featuredmedia":[{"embeddable":true,"href":"https:\/\/olemosaic.orbitalia.org\/pt-pt\/wp-json\/wp\/v2\/media\/8416"}],"wp:attachment":[{"href":"https:\/\/olemosaic.orbitalia.org\/pt-pt\/wp-json\/wp\/v2\/media?parent=37938"}],"wp:term":[{"taxonomy":"product_brand","embeddable":true,"href":"https:\/\/olemosaic.orbitalia.org\/pt-pt\/wp-json\/wp\/v2\/product_brand?post=37938"},{"taxonomy":"product_cat","embeddable":true,"href":"https:\/\/olemosaic.orbitalia.org\/pt-pt\/wp-json\/wp\/v2\/product_cat?post=37938"},{"taxonomy":"product_tag","embeddable":true,"href":"https:\/\/olemosaic.orbitalia.org\/pt-pt\/wp-json\/wp\/v2\/product_tag?post=37938"}],"curies":[{"name":"wp","href":"https:\/\/api.w.org\/{rel}","templated":true}]}}