{"id":37931,"date":"2025-02-20T22:31:25","date_gmt":"2025-02-20T22:31:25","guid":{"rendered":"https:\/\/olemosaic.orbitalia.org\/producto\/4-bols-de-coco-de-13-x-6-cm-flamenco\/"},"modified":"2025-07-25T19:34:55","modified_gmt":"2025-07-25T17:34:55","slug":"4-tacas-de-coco-de-13-x-6-cm-flamingo","status":"publish","type":"product","link":"https:\/\/olemosaic.orbitalia.org\/pt-pt\/produto\/4-tacas-de-coco-de-13-x-6-cm-flamingo\/","title":{"rendered":"4 Ta\u00e7as de coco de 13 x 6 cm. Flamingo."},"content":{"rendered":"<p>Este conjunto de quatro ta\u00e7as de coco \u00e9 uma vibrante express\u00e3o da cultura espanhola, ideal para quem procura recorda\u00e7\u00f5es aut\u00eanticas que captem a ess\u00eancia da tradi\u00e7\u00e3o e do folclore. Cada ta\u00e7a, de 13 x 6 cm, destaca-se pelas suas cores chamativas: azul, vermelho, laranja e rosa, que evocam a alegria e o dinamismo do estilo de vida mediterr\u00e2nico. Decoradas com elegantes silhuetas de flamingos no centro, estas ta\u00e7as n\u00e3o s\u00e3o apenas funcionais, mas tamb\u00e9m atuam como elementos decorativos que conferem um toque distintivo a qualquer ambiente.<\/p>\n<p>A fus\u00e3o de cores vivas com os delicados detalhes em branco real\u00e7a a eleg\u00e2ncia dos flamingos, animais emblem\u00e1ticos da cultura espanhola, que simbolizam tanto a beleza natural como a vida nas regi\u00f5es costeiras. Perfeitas para servir aperitivos durante uma reuni\u00e3o ou como atraentes complementos decorativos, estas ta\u00e7as s\u00e3o uma excelente op\u00e7\u00e3o para os turistas que procuram recorda\u00e7\u00f5es representativas da sua visita a Espanha.<\/p>\n<p>Na Ol\u00e9 Mosaic, como distribuidores de souvenirs por grosso, este conjunto de ta\u00e7as de coco \u00e9 uma op\u00e7\u00e3o ideal para lojas de presentes tur\u00edsticos que desejem oferecer produtos aut\u00eanticos e culturais. A escolha destas ta\u00e7as n\u00e3o s\u00f3 enriquecer\u00e1 a experi\u00eancia do comprador, como tamb\u00e9m levar\u00e1 um peda\u00e7o de Espanha para as suas casas, tornando-as uma recorda\u00e7\u00e3o memor\u00e1vel deste vibrante pa\u00eds.<\/p>\n","protected":false},"excerpt":{"rendered":"<p>Conjunto de 4 ta\u00e7as de coco de 13 x 6 cm, decoradas com motivos de flamingos. Estas coloridas ta\u00e7as, em tons de azul, vermelho, laranja e rosa, apresentam um design alegre e vibrante, com silhuetas de flamingos desenhadas no centro. A eleg\u00e2ncia dos detalhes em branco contrasta com as cores vivas do fundo, oferecendo um toque distintivo e muito espanhol. Ideais para servir aperitivos ou como elementos decorativos, s\u00e3o uma op\u00e7\u00e3o perfeita para adicionar um toque alegre a qualquer ambiente.<\/p>\n","protected":false},"featured_media":13798,"template":"","meta":{"_acf_changed":false},"product_brand":[],"product_cat":[513],"product_tag":[516],"class_list":{"0":"post-37931","1":"product","2":"type-product","3":"status-publish","4":"has-post-thumbnail","6":"product_cat-bols","7":"product_tag-animais","8":"pa_motivo-flamingos","10":"first","11":"instock","12":"shipping-taxable","13":"product-type-simple"},"acf":[],"_links":{"self":[{"href":"https:\/\/olemosaic.orbitalia.org\/pt-pt\/wp-json\/wp\/v2\/product\/37931","targetHints":{"allow":["GET"]}}],"collection":[{"href":"https:\/\/olemosaic.orbitalia.org\/pt-pt\/wp-json\/wp\/v2\/product"}],"about":[{"href":"https:\/\/olemosaic.orbitalia.org\/pt-pt\/wp-json\/wp\/v2\/types\/product"}],"wp:featuredmedia":[{"embeddable":true,"href":"https:\/\/olemosaic.orbitalia.org\/pt-pt\/wp-json\/wp\/v2\/media\/13798"}],"wp:attachment":[{"href":"https:\/\/olemosaic.orbitalia.org\/pt-pt\/wp-json\/wp\/v2\/media?parent=37931"}],"wp:term":[{"taxonomy":"product_brand","embeddable":true,"href":"https:\/\/olemosaic.orbitalia.org\/pt-pt\/wp-json\/wp\/v2\/product_brand?post=37931"},{"taxonomy":"product_cat","embeddable":true,"href":"https:\/\/olemosaic.orbitalia.org\/pt-pt\/wp-json\/wp\/v2\/product_cat?post=37931"},{"taxonomy":"product_tag","embeddable":true,"href":"https:\/\/olemosaic.orbitalia.org\/pt-pt\/wp-json\/wp\/v2\/product_tag?post=37931"}],"curies":[{"name":"wp","href":"https:\/\/api.w.org\/{rel}","templated":true}]}}