{"id":37929,"date":"2025-02-20T23:31:25","date_gmt":"2025-02-20T22:31:25","guid":{"rendered":"https:\/\/olemosaic.orbitalia.org\/producto\/salamandra-figura-de-resina-de-17-cm-pintada-a-mano\/"},"modified":"2025-07-25T18:57:30","modified_gmt":"2025-07-25T16:57:30","slug":"salamandra-figura-de-mosaico-de-17-cm","status":"publish","type":"product","link":"https:\/\/olemosaic.orbitalia.org\/pt-pt\/produto\/salamandra-figura-de-mosaico-de-17-cm\/","title":{"rendered":"Salamandra. Figura de mosaico de 17 cm."},"content":{"rendered":"<p>Este colorido souvenir representa uma encantadora figura de resina de 17 cm com forma de salamandra, cuidadosamente pintada \u00e0 m\u00e3o com efeito mosaico, que capta a ess\u00eancia vibrante do folclore espanhol. A salamandra destaca-se pelo seu design de mosaico, que combina tonalidades de azul, vermelho, amarelo e preto, evocando a rica heran\u00e7a cultural de regi\u00f5es como a Andaluzia. Cada detalhe foi meticulosamente trabalhado, o que se reflete no seu acabamento minucioso que real\u00e7a a textura do mosaico, proporcionando um aspeto aut\u00eantico e artesanal.<\/p>\n<p>Esta figura n\u00e3o \u00e9 apenas um elemento decorativo que pode conferir um toque art\u00edstico e din\u00e2mico a qualquer espa\u00e7o, mas tamb\u00e9m se torna um s\u00edmbolo da fauna e da tradi\u00e7\u00e3o art\u00edsticas de Espanha. A salamandra, em diversas culturas, \u00e9 um s\u00edmbolo de transforma\u00e7\u00e3o e renova\u00e7\u00e3o, o que acrescenta uma camada de significado a esta bonita recorda\u00e7\u00e3o.<\/p>\n<p>Ideal para colecionadores ou como recorda\u00e7\u00e3o de viagem, esta pe\u00e7a representa uma bela lembran\u00e7a do patrim\u00f3nio cultural. Na Ol\u00e9 Mosaic, orgulhamo-nos de oferecer artigos aut\u00eanticos e de qualidade, tornando esta figura de salamandra uma excelente op\u00e7\u00e3o para lojas de presentes tur\u00edsticos que procuram aproximar um peda\u00e7o da tradi\u00e7\u00e3o espanhola dos seus clientes. Os nossos souvenirs, como esta figura de salamandra, s\u00e3o perfeitos para quem procura autenticidade e um toque art\u00edstico nas suas compras.<\/p>\n","protected":false},"excerpt":{"rendered":"<p>Figura de 17 cm com forma de salamandra, design artesanal, pintada \u00e0 m\u00e3o, com um vibrante design de mosaico. Esta colorida representa\u00e7\u00e3o destaca-se pelo seu minucioso acabamento em tons de azul, vermelho, amarelo e preto, evocando a rica heran\u00e7a cultural da regi\u00e3o. Ideal como elemento decorativo, esta figura capta a ess\u00eancia do folclore espanhol e adiciona um toque art\u00edstico a qualquer espa\u00e7o. Perfeita para colecionadores ou como recorda\u00e7\u00e3o de viagem.<\/p>\n","protected":false},"featured_media":6286,"template":"","meta":{"_acf_changed":false},"product_brand":[],"product_cat":[552],"product_tag":[516],"class_list":{"0":"post-37929","1":"product","2":"type-product","3":"status-publish","4":"has-post-thumbnail","6":"product_cat-numeros","7":"product_tag-animais","8":"pa_motivo-salamandras","10":"first","11":"instock","12":"shipping-taxable","13":"product-type-simple"},"acf":[],"_links":{"self":[{"href":"https:\/\/olemosaic.orbitalia.org\/pt-pt\/wp-json\/wp\/v2\/product\/37929","targetHints":{"allow":["GET"]}}],"collection":[{"href":"https:\/\/olemosaic.orbitalia.org\/pt-pt\/wp-json\/wp\/v2\/product"}],"about":[{"href":"https:\/\/olemosaic.orbitalia.org\/pt-pt\/wp-json\/wp\/v2\/types\/product"}],"wp:featuredmedia":[{"embeddable":true,"href":"https:\/\/olemosaic.orbitalia.org\/pt-pt\/wp-json\/wp\/v2\/media\/6286"}],"wp:attachment":[{"href":"https:\/\/olemosaic.orbitalia.org\/pt-pt\/wp-json\/wp\/v2\/media?parent=37929"}],"wp:term":[{"taxonomy":"product_brand","embeddable":true,"href":"https:\/\/olemosaic.orbitalia.org\/pt-pt\/wp-json\/wp\/v2\/product_brand?post=37929"},{"taxonomy":"product_cat","embeddable":true,"href":"https:\/\/olemosaic.orbitalia.org\/pt-pt\/wp-json\/wp\/v2\/product_cat?post=37929"},{"taxonomy":"product_tag","embeddable":true,"href":"https:\/\/olemosaic.orbitalia.org\/pt-pt\/wp-json\/wp\/v2\/product_tag?post=37929"}],"curies":[{"name":"wp","href":"https:\/\/api.w.org\/{rel}","templated":true}]}}