{"id":37927,"date":"2025-02-20T22:31:22","date_gmt":"2025-02-20T22:31:22","guid":{"rendered":"https:\/\/olemosaic.orbitalia.org\/producto\/colgante-de-madera-peces\/"},"modified":"2025-07-25T18:59:03","modified_gmt":"2025-07-25T16:59:03","slug":"penduricalho-de-madeira-peixes-pt-pt","status":"publish","type":"product","link":"https:\/\/olemosaic.orbitalia.org\/pt-pt\/produto\/penduricalho-de-madeira-peixes-pt-pt\/","title":{"rendered":"Penduricalho de madeira. Peixes."},"content":{"rendered":"<p>Este penduricalho de madeira com design de peixes \u00e9 um adorno encantador que confere um toque marinho a qualquer espa\u00e7o. Composto por v\u00e1rias pe\u00e7as de madeira pintadas em tons frescos de \u00e1gua-marinha e branco, este bonito enfeite representa peixes estilizados que nadam em harmonia, intercalados com elementos decorativos em forma de paus e contas que evocam a brisa marinha. A sua estrutura vertical e leve permite que se adapte facilmente a diversas decora\u00e7\u00f5es, sendo ideal para pendurar numa parede, no p\u00e1tio ou perto de janelas, onde pode captar a luz e evocar a ess\u00eancia do mar.<\/p>\n<p>Com a sua est\u00e9tica natural e refrescante, este penduricalho n\u00e3o \u00e9 apenas um elemento decorativo, mas tamb\u00e9m uma recorda\u00e7\u00e3o significativa das tradi\u00e7\u00f5es mar\u00edtimas das regi\u00f5es costeiras de Espanha, onde a vida marinha desempenha um papel vital na cultura local. Este souvenir \u00e9 perfeito para os turistas que procuram uma pe\u00e7a aut\u00eantica e representativa para recordar a sua visita \u00e0s belas vilas costeiras.<\/p>\n<p>Na Ol\u00e9 Mosaic, como distribuidores de souvenirs por grosso, oferecemos este penduricalho de peixes como parte da nossa cole\u00e7\u00e3o de decora\u00e7\u00f5es mar\u00edtimas. \u00c9 uma op\u00e7\u00e3o excelente para lojas de presentes tur\u00edsticos que procuram produtos aut\u00eanticos e com encanto, destacando a rica heran\u00e7a cultural e a beleza natural das costas espanholas.<\/p>\n","protected":false},"excerpt":{"rendered":"<p>Penduricalho de madeira com design de peixes, ideal para dar um toque marinho a qualquer espa\u00e7o. Este adorno encantador \u00e9 composto por v\u00e1rias pe\u00e7as de madeira pintadas em tons de \u00e1gua-marinha e branco, que representam peixes estilizados e contrastam com elementos decorativos como paus e contas. Com uma est\u00e9tica fresca e natural, \u00e9 um presente perfeito que evoca a tradi\u00e7\u00e3o mar\u00edtima das regi\u00f5es costeiras espanholas.<\/p>\n","protected":false},"featured_media":9635,"template":"","meta":{"_acf_changed":false},"product_brand":[],"product_cat":[794],"product_tag":[516],"class_list":{"0":"post-37927","1":"product","2":"type-product","3":"status-publish","4":"has-post-thumbnail","6":"product_cat-pendentes","7":"product_tag-animais","8":"pa_motivo-peixes","10":"first","11":"instock","12":"shipping-taxable","13":"product-type-simple"},"acf":[],"_links":{"self":[{"href":"https:\/\/olemosaic.orbitalia.org\/pt-pt\/wp-json\/wp\/v2\/product\/37927","targetHints":{"allow":["GET"]}}],"collection":[{"href":"https:\/\/olemosaic.orbitalia.org\/pt-pt\/wp-json\/wp\/v2\/product"}],"about":[{"href":"https:\/\/olemosaic.orbitalia.org\/pt-pt\/wp-json\/wp\/v2\/types\/product"}],"wp:featuredmedia":[{"embeddable":true,"href":"https:\/\/olemosaic.orbitalia.org\/pt-pt\/wp-json\/wp\/v2\/media\/9635"}],"wp:attachment":[{"href":"https:\/\/olemosaic.orbitalia.org\/pt-pt\/wp-json\/wp\/v2\/media?parent=37927"}],"wp:term":[{"taxonomy":"product_brand","embeddable":true,"href":"https:\/\/olemosaic.orbitalia.org\/pt-pt\/wp-json\/wp\/v2\/product_brand?post=37927"},{"taxonomy":"product_cat","embeddable":true,"href":"https:\/\/olemosaic.orbitalia.org\/pt-pt\/wp-json\/wp\/v2\/product_cat?post=37927"},{"taxonomy":"product_tag","embeddable":true,"href":"https:\/\/olemosaic.orbitalia.org\/pt-pt\/wp-json\/wp\/v2\/product_tag?post=37927"}],"curies":[{"name":"wp","href":"https:\/\/api.w.org\/{rel}","templated":true}]}}