{"id":37923,"date":"2025-02-20T23:31:22","date_gmt":"2025-02-20T22:31:22","guid":{"rendered":"https:\/\/olemosaic.orbitalia.org\/producto\/colgador-de-ceramica-golondrina-3\/"},"modified":"2025-07-25T18:35:58","modified_gmt":"2025-07-25T16:35:58","slug":"cabide-de-ceramica-andorinha-3-pt-pt","status":"publish","type":"product","link":"https:\/\/olemosaic.orbitalia.org\/pt-pt\/produto\/cabide-de-ceramica-andorinha-3-pt-pt\/","title":{"rendered":"Cabide de cer\u00e2mica. Andorinha. Espanha."},"content":{"rendered":"<p>Este cabide de cer\u00e2mica em forma de andorinha \u00e9 uma pe\u00e7a encantadora que captura a ess\u00eancia do folclore espanhol e a chegada da primavera. Com um design vibrante, este objeto decorativo \u00e9 pintado \u00e0 m\u00e3o e exibe um belo conjunto de cores que evocam a alegria e a vitalidade da esta\u00e7\u00e3o. Os tons amarelos, azuis e vermelhos combinam-se de forma harmoniosa sobre um fundo branco, criando um contraste visual atraente que certamente captar\u00e1 a aten\u00e7\u00e3o de qualquer visitante. A andorinha, s\u00edmbolo de bom aug\u00fario e renova\u00e7\u00e3o, acrescenta um significado especial a esta recorda\u00e7\u00e3o, lembrando aos turistas a beleza da natureza e as tradi\u00e7\u00f5es culturais de Espanha.<\/p>\n<p>Ideal para pendurar em qualquer parede, este cabide n\u00e3o \u00e9 apenas funcional, mas tamb\u00e9m atua como uma obra de arte que embeleza o lar. O seu design \u00fanico e colorido torna-o uma recorda\u00e7\u00e3o representativa das tradi\u00e7\u00f5es art\u00edsticas espanholas, perfeito para quem procura um souvenir aut\u00eantico que realce a riqueza cultural do pa\u00eds. Na Ol\u00e9 Mosaic, orgulhamo-nos de ser distribuidores de souvenirs por grosso, oferecendo pe\u00e7as que capturam o cora\u00e7\u00e3o do patrim\u00f3nio espanhol. Este cabide de cer\u00e2mica \u00e9 uma excelente op\u00e7\u00e3o para lojas de presentes tur\u00edsticos que desejem oferecer produtos que celebrem a cultura e a arte local.<\/p>\n","protected":false},"excerpt":{"rendered":"<p>Cabide de cer\u00e2mica em forma de andorinha, decorado com vibrantes motivos coloridos. Este precioso objeto, de design artesanal e pintado \u00e0 m\u00e3o, evoca o esp\u00edrito tradicional espanhol, simbolizando a chegada da primavera. Os detalhes art\u00edsticos em tons amarelos, azuis e vermelhos combinam-se com um fundo branco, criando um contraste atraente. Perfeito para pendurar na parede, este cabide acrescenta um toque de folclore e encanto a qualquer espa\u00e7o.<\/p>\n","protected":false},"featured_media":11235,"template":"","meta":{"_acf_changed":false},"product_brand":[],"product_cat":[792],"product_tag":[516,515],"class_list":{"0":"post-37923","1":"product","2":"type-product","3":"status-publish","4":"has-post-thumbnail","6":"product_cat-cabides","7":"product_tag-animais","8":"product_tag-ceramica","9":"pa_motivo-andorinhas","11":"first","12":"instock","13":"shipping-taxable","14":"product-type-simple"},"acf":[],"_links":{"self":[{"href":"https:\/\/olemosaic.orbitalia.org\/pt-pt\/wp-json\/wp\/v2\/product\/37923","targetHints":{"allow":["GET"]}}],"collection":[{"href":"https:\/\/olemosaic.orbitalia.org\/pt-pt\/wp-json\/wp\/v2\/product"}],"about":[{"href":"https:\/\/olemosaic.orbitalia.org\/pt-pt\/wp-json\/wp\/v2\/types\/product"}],"wp:featuredmedia":[{"embeddable":true,"href":"https:\/\/olemosaic.orbitalia.org\/pt-pt\/wp-json\/wp\/v2\/media\/11235"}],"wp:attachment":[{"href":"https:\/\/olemosaic.orbitalia.org\/pt-pt\/wp-json\/wp\/v2\/media?parent=37923"}],"wp:term":[{"taxonomy":"product_brand","embeddable":true,"href":"https:\/\/olemosaic.orbitalia.org\/pt-pt\/wp-json\/wp\/v2\/product_brand?post=37923"},{"taxonomy":"product_cat","embeddable":true,"href":"https:\/\/olemosaic.orbitalia.org\/pt-pt\/wp-json\/wp\/v2\/product_cat?post=37923"},{"taxonomy":"product_tag","embeddable":true,"href":"https:\/\/olemosaic.orbitalia.org\/pt-pt\/wp-json\/wp\/v2\/product_tag?post=37923"}],"curies":[{"name":"wp","href":"https:\/\/api.w.org\/{rel}","templated":true}]}}