{"id":37919,"date":"2025-02-20T23:31:11","date_gmt":"2025-02-20T22:31:11","guid":{"rendered":"https:\/\/olemosaic.orbitalia.org\/producto\/bol-de-coco-marron-mano\/"},"modified":"2025-07-25T19:38:33","modified_gmt":"2025-07-25T17:38:33","slug":"taca-de-coco-castanha-mao-pt-pt","status":"publish","type":"product","link":"https:\/\/olemosaic.orbitalia.org\/pt-pt\/produto\/taca-de-coco-castanha-mao-pt-pt\/","title":{"rendered":"Ta\u00e7a de coco castanha. M\u00e3o de F\u00e1tima. Hamsa."},"content":{"rendered":"<p>Esta cativante ta\u00e7a de coco castanha \u00e9 uma pe\u00e7a \u00fanica que funde a naturalidade do material con a riqueza cultural. De design artesanal, a ta\u00e7a apresenta um desenho tradicional que destaca a emblem\u00e1tica m\u00e3o de F\u00e1tima no centro, s\u00edmbolo de prote\u00e7\u00e3o e boa fortuna em muitas culturas mediterr\u00e2nicas e do M\u00e9dio Oriente. A base da ta\u00e7a \u00e9 de coco natural, proporcionando um acabamento brilhante que real\u00e7a os tons castanhos e cremosos, enquanto as delicadas pe\u00e7as de mosaico que a adornam acrescentam um toque art\u00edstico e vibrante que capta a aten\u00e7\u00e3o.<\/p>\n<p>Perfeita para servir aperitivos ou como elemento decorativo, esta ta\u00e7a reflete a mestria da artesania local e o respeito pelas tradi\u00e7\u00f5es. A m\u00e3o de F\u00e1tima, delicadamente pintada, n\u00e3o s\u00f3 embeleza a ta\u00e7a, como tamb\u00e9m a torna uma recorda\u00e7\u00e3o cheia de significado, ideal para quem deseja levar um peda\u00e7o de cultura aut\u00eantica. A sua autenticidade e design atraente fazem desta ta\u00e7a uma excelente recorda\u00e7\u00e3o que encanta turistas e todos os que apreciam a beleza da arte no seu lar.<\/p>\n<p>Na Ol\u00e9 Mosaic, orgulhamo-nos de distribuir recorda\u00e7\u00f5es de alta qualidade que celebram a heran\u00e7a cultural. Esta ta\u00e7a de coco castanha \u00e9 uma maravilhosa op\u00e7\u00e3o para lojas de presentes tur\u00edsticos que procuram produtos aut\u00eanticos e significativos. Como grossistas de recorda\u00e7\u00f5es, oferecemos pe\u00e7as que narram hist\u00f3rias e conservam tradi\u00e7\u00f5es, perfeitas para qualquer visitante que queira recordar a sua viagem.<\/p>\n","protected":false},"excerpt":{"rendered":"<p>Ta\u00e7a de coco castanha, decorada com estilo artesanal com um design tradicional que representa a m\u00e3o de F\u00e1tima no centro. Esta atraente ta\u00e7a, elaborada com coco natural, apresenta um acabamento brilhante que real\u00e7a os tons castanhos e cremosos do material. As pe\u00e7as de mosaico que a adornam acrescentam um toque cultural e art\u00edstico, ideal para servir aperitivos ou como elemento decorativo em qualquer lar. Uma bela representa\u00e7\u00e3o da arte e da tradi\u00e7\u00e3o.<\/p>\n","protected":false},"featured_media":13485,"template":"","meta":{"_acf_changed":false},"product_brand":[],"product_cat":[513],"product_tag":[],"class_list":{"0":"post-37919","1":"product","2":"type-product","3":"status-publish","4":"has-post-thumbnail","6":"product_cat-bols","7":"pa_motivo-maos","9":"first","10":"instock","11":"shipping-taxable","12":"product-type-simple"},"acf":[],"_links":{"self":[{"href":"https:\/\/olemosaic.orbitalia.org\/pt-pt\/wp-json\/wp\/v2\/product\/37919","targetHints":{"allow":["GET"]}}],"collection":[{"href":"https:\/\/olemosaic.orbitalia.org\/pt-pt\/wp-json\/wp\/v2\/product"}],"about":[{"href":"https:\/\/olemosaic.orbitalia.org\/pt-pt\/wp-json\/wp\/v2\/types\/product"}],"wp:featuredmedia":[{"embeddable":true,"href":"https:\/\/olemosaic.orbitalia.org\/pt-pt\/wp-json\/wp\/v2\/media\/13485"}],"wp:attachment":[{"href":"https:\/\/olemosaic.orbitalia.org\/pt-pt\/wp-json\/wp\/v2\/media?parent=37919"}],"wp:term":[{"taxonomy":"product_brand","embeddable":true,"href":"https:\/\/olemosaic.orbitalia.org\/pt-pt\/wp-json\/wp\/v2\/product_brand?post=37919"},{"taxonomy":"product_cat","embeddable":true,"href":"https:\/\/olemosaic.orbitalia.org\/pt-pt\/wp-json\/wp\/v2\/product_cat?post=37919"},{"taxonomy":"product_tag","embeddable":true,"href":"https:\/\/olemosaic.orbitalia.org\/pt-pt\/wp-json\/wp\/v2\/product_tag?post=37919"}],"curies":[{"name":"wp","href":"https:\/\/api.w.org\/{rel}","templated":true}]}}