{"id":37917,"date":"2025-02-20T22:31:11","date_gmt":"2025-02-20T22:31:11","guid":{"rendered":"https:\/\/olemosaic.orbitalia.org\/producto\/bol-de-coco-con-flores-delfin\/"},"modified":"2025-07-25T19:36:17","modified_gmt":"2025-07-25T17:36:17","slug":"taca-de-coco-com-flores-golfinho-pt-pt","status":"publish","type":"product","link":"https:\/\/olemosaic.orbitalia.org\/pt-pt\/produto\/taca-de-coco-com-flores-golfinho-pt-pt\/","title":{"rendered":"Ta\u00e7a de coco com flores. Golfinho."},"content":{"rendered":"<p>Esta ta\u00e7a de coco, decorada com um vibrante design de flores e golfinhos, \u00e9 uma pe\u00e7a artesanal \u00fanica que captura a ess\u00eancia da arte popular mediterr\u00e2nica. Feita \u00e0 m\u00e3o, apresenta um intrincado mosaico de p\u00e9talas em tons de vermelho, amarelo e azul, que se espalham sobre um fundo suave, criando um efeito visual cativante. No centro da ta\u00e7a, dois golfinhos, elegante e subtilmente elaborados com a t\u00e9cnica do rendilhado, emergem, simbolizando a liga\u00e7\u00e3o com o mar e a alegria da vida marinha. O minucioso trabalho nos detalhes florais e a simetria do design destacam a habilidade artesanal dos criadores, tornando esta ta\u00e7a num belo objeto decorativo, ideal para real\u00e7ar qualquer canto do seu lar.<\/p>\n<p>Esta recorda\u00e7\u00e3o, t\u00edpica das regi\u00f5es costeiras de Espanha, evoca um ar de ver\u00e3o e frescura, tornando-se um excelente presente para aqueles que desejam levar um peda\u00e7o da cultura mediterr\u00e2nica. Perfeita como recorda\u00e7\u00e3o de f\u00e9rias ou para quem aprecia a fus\u00e3o entre arte e natureza, esta ta\u00e7a de coco \u00e9 uma escolha ideal para lojas de presentes tur\u00edsticos. Na Ol\u00e9 Mosaic, como grossistas de recorda\u00e7\u00f5es, garantimos que cada pe\u00e7a \u00e9 aut\u00eantica e de qualidade, real\u00e7ando a relev\u00e2ncia cultural de cada produto que distribu\u00edmos.<\/p>\n","protected":false},"excerpt":{"rendered":"<p>Ta\u00e7a de coco decorada com um vibrante design floral e golfinhos. Esta preciosa ta\u00e7a, feita \u00e0 m\u00e3o, apresenta um intrincado mosaico de p\u00e9talas em tons de vermelho, amarelo e azul sobre um fundo suave que real\u00e7a os delicados golfinhos no centro, tamb\u00e9m elaborados com t\u00e9cnica de rendilhado. Perfeita para uso decorativo, evoca um ar marinho e um toque de cor, ideal para qualquer canto do seu lar.<\/p>\n","protected":false},"featured_media":10292,"template":"","meta":{"_acf_changed":false},"product_brand":[],"product_cat":[513],"product_tag":[516],"class_list":{"0":"post-37917","1":"product","2":"type-product","3":"status-publish","4":"has-post-thumbnail","6":"product_cat-bols","7":"product_tag-animais","8":"pa_motivo-golfinhos","10":"first","11":"instock","12":"shipping-taxable","13":"product-type-simple"},"acf":[],"_links":{"self":[{"href":"https:\/\/olemosaic.orbitalia.org\/pt-pt\/wp-json\/wp\/v2\/product\/37917","targetHints":{"allow":["GET"]}}],"collection":[{"href":"https:\/\/olemosaic.orbitalia.org\/pt-pt\/wp-json\/wp\/v2\/product"}],"about":[{"href":"https:\/\/olemosaic.orbitalia.org\/pt-pt\/wp-json\/wp\/v2\/types\/product"}],"wp:featuredmedia":[{"embeddable":true,"href":"https:\/\/olemosaic.orbitalia.org\/pt-pt\/wp-json\/wp\/v2\/media\/10292"}],"wp:attachment":[{"href":"https:\/\/olemosaic.orbitalia.org\/pt-pt\/wp-json\/wp\/v2\/media?parent=37917"}],"wp:term":[{"taxonomy":"product_brand","embeddable":true,"href":"https:\/\/olemosaic.orbitalia.org\/pt-pt\/wp-json\/wp\/v2\/product_brand?post=37917"},{"taxonomy":"product_cat","embeddable":true,"href":"https:\/\/olemosaic.orbitalia.org\/pt-pt\/wp-json\/wp\/v2\/product_cat?post=37917"},{"taxonomy":"product_tag","embeddable":true,"href":"https:\/\/olemosaic.orbitalia.org\/pt-pt\/wp-json\/wp\/v2\/product_tag?post=37917"}],"curies":[{"name":"wp","href":"https:\/\/api.w.org\/{rel}","templated":true}]}}