{"id":37916,"date":"2025-02-20T23:31:11","date_gmt":"2025-02-20T22:31:11","guid":{"rendered":"https:\/\/olemosaic.orbitalia.org\/producto\/bol-de-coco-de-beige-tortuga-mallorca\/"},"modified":"2025-07-25T20:32:43","modified_gmt":"2025-07-25T18:32:43","slug":"taca-de-coco-bege-tartaruga-maiorca-pt-pt","status":"publish","type":"product","link":"https:\/\/olemosaic.orbitalia.org\/pt-pt\/produto\/taca-de-coco-bege-tartaruga-maiorca-pt-pt\/","title":{"rendered":"Ta\u00e7a de coco bege. Tartaruga. Maiorca."},"content":{"rendered":"<p>Esta ta\u00e7a de coco, de um elegante tom bege, \u00e9 um aut\u00eantico reflexo da beleza natural de Maiorca. O seu design oval destaca-se pela sua estrutura e, sobretudo, pela mistura harm\u00f3nica da textura org\u00e2nica do coco, que a torna \u00fanica e aut\u00eantica. No centro desta pe\u00e7a, uma cativante ilustra\u00e7\u00e3o de uma tartaruga, s\u00edmbolo da vida marinha mediterr\u00e2nica, ganha vida, acompanhada pela palavra &#8220;MALLORCA&#8221; num atraente tom bicolor. Este detalhe n\u00e3o s\u00f3 adiciona um toque visual intrigante, como tamb\u00e9m liga a ta\u00e7a \u00e0 cultura e \u00e0 biodiversidade da ilha. Perfeita para quem procura uma recorda\u00e7\u00e3o que combine funcionalidade e est\u00e9tica, esta ta\u00e7a permite adicionar um toque r\u00fastico e cultural a qualquer lar. Ideal para armazenar frutas, pequenos objetos ou simplesmente como elemento decorativo, \u00e9 uma excelente op\u00e7\u00e3o para turistas que desejam levar um peda\u00e7o da tradi\u00e7\u00e3o maiorquina. Na Ol\u00e9 Mosaic, orgulhamo-nos de oferecer produtos aut\u00eanticos por grosso, como esta ta\u00e7a decorativa, que representam a ess\u00eancia das recorda\u00e7\u00f5es de Maiorca, conferindo um valor cultural que as torna lembran\u00e7as memor\u00e1veis.<\/p>\n","protected":false},"excerpt":{"rendered":"<p>Ta\u00e7a de coco bege, decorada com um motivo de tartaruga representativo de Maiorca. Esta elegante ta\u00e7a apresenta um design muito especial, com uma estrutura oval que combina a textura natural do coco com detalhes visuais em tons bege e um acabamento brilhante. No centro, destaca-se a ilustra\u00e7\u00e3o de uma tartaruga, acompanhada pela palavra &#8220;MALLORCA&#8221; num atraente tom bicolor. Ideal para dar um toque r\u00fastico e cultural a qualquer lar.<\/p>\n","protected":false},"featured_media":11895,"template":"","meta":{"_acf_changed":false},"product_brand":[],"product_cat":[513],"product_tag":[516],"class_list":{"0":"post-37916","1":"product","2":"type-product","3":"status-publish","4":"has-post-thumbnail","6":"product_cat-bols","7":"product_tag-animais","8":"pa_ciudad-mallorca","9":"pa_motivo-tartarugas","10":"pa_pais-espana","12":"first","13":"instock","14":"shipping-taxable","15":"product-type-simple"},"acf":[],"_links":{"self":[{"href":"https:\/\/olemosaic.orbitalia.org\/pt-pt\/wp-json\/wp\/v2\/product\/37916","targetHints":{"allow":["GET"]}}],"collection":[{"href":"https:\/\/olemosaic.orbitalia.org\/pt-pt\/wp-json\/wp\/v2\/product"}],"about":[{"href":"https:\/\/olemosaic.orbitalia.org\/pt-pt\/wp-json\/wp\/v2\/types\/product"}],"wp:featuredmedia":[{"embeddable":true,"href":"https:\/\/olemosaic.orbitalia.org\/pt-pt\/wp-json\/wp\/v2\/media\/11895"}],"wp:attachment":[{"href":"https:\/\/olemosaic.orbitalia.org\/pt-pt\/wp-json\/wp\/v2\/media?parent=37916"}],"wp:term":[{"taxonomy":"product_brand","embeddable":true,"href":"https:\/\/olemosaic.orbitalia.org\/pt-pt\/wp-json\/wp\/v2\/product_brand?post=37916"},{"taxonomy":"product_cat","embeddable":true,"href":"https:\/\/olemosaic.orbitalia.org\/pt-pt\/wp-json\/wp\/v2\/product_cat?post=37916"},{"taxonomy":"product_tag","embeddable":true,"href":"https:\/\/olemosaic.orbitalia.org\/pt-pt\/wp-json\/wp\/v2\/product_tag?post=37916"}],"curies":[{"name":"wp","href":"https:\/\/api.w.org\/{rel}","templated":true}]}}