{"id":37914,"date":"2025-02-20T22:31:10","date_gmt":"2025-02-20T22:31:10","guid":{"rendered":"https:\/\/olemosaic.orbitalia.org\/producto\/bol-de-coco-verde-metalizado\/"},"modified":"2025-07-25T19:02:47","modified_gmt":"2025-07-25T17:02:47","slug":"taca-de-coco-verde-metalizada-pt-pt","status":"publish","type":"product","link":"https:\/\/olemosaic.orbitalia.org\/pt-pt\/produto\/taca-de-coco-verde-metalizada-pt-pt\/","title":{"rendered":"Ta\u00e7a de coco verde. Metalizada."},"content":{"rendered":"<p>Esta ta\u00e7a de coco verde metalizada \u00e9 uma requintada pe\u00e7a decorativa que encapsula a ess\u00eancia da tradi\u00e7\u00e3o artesanal. A sua forma circular e a sua borda irregular conferem singularidade ao seu design, enquanto o acabamento brilhante, num vibrante tom verde, recorda as exuberantes paisagens naturais da regi\u00e3o. Elaborada com t\u00e9cnicas que honram o artesanato local, esta ta\u00e7a destaca-se pelo seu luxuoso toque metalizado, que real\u00e7a as cores e matizes, tornando-a um elemento ideal para embelezar qualquer ambiente. Seja como centro de mesa num jantar ou como um elegante complemento no lar, a sua versatilidade torna-a perfeita para quem valoriza a est\u00e9tica e a autenticidade nas suas decora\u00e7\u00f5es.<\/p>\n<p>Culturalmente, esta ta\u00e7a reflete a rica heran\u00e7a das regi\u00f5es onde se criam estas manualidades, sendo um aut\u00eantico representante da arte popular que foi transmitida ao longo de gera\u00e7\u00f5es. Na Ol\u00e9 Mosaic, orgulhamo-nos de oferecer recorda\u00e7\u00f5es que n\u00e3o s\u00e3o apenas decorativas, mas que tamb\u00e9m contam hist\u00f3rias e capturam a ess\u00eancia de cada cultura. Esta ta\u00e7a de coco verde metalizada \u00e9 uma excelente op\u00e7\u00e3o para lojas de presentes tur\u00edsticos que procuram artigos aut\u00eanticos e de qualidade que realcem a beleza do patrim\u00f3nio artesanal. Como grossista de artigos decorativos, garantimos a excel\u00eancia e autenticidade em cada pe\u00e7a que distribu\u00edmos.<\/p>\n","protected":false},"excerpt":{"rendered":"<p>Ta\u00e7a de coco verde metalizada, um elegante acess\u00f3rio decorativo inspirado na tradi\u00e7\u00e3o artesanal. Esta ta\u00e7a, de forma circular e borda irregular, apresenta um acabamento brilhante num vibrante tom verde que evoca as paisagens naturais da regi\u00e3o. O seu design luxuoso, com um toque metalizado, torna-a uma pe\u00e7a perfeita para real\u00e7ar qualquer espa\u00e7o, seja como centro de mesa ou como elemento decorativo no lar. Ideal para quem valoriza o artesanato e o estilo.<\/p>\n","protected":false},"featured_media":10805,"template":"","meta":{"_acf_changed":false},"product_brand":[],"product_cat":[513],"product_tag":[],"class_list":{"0":"post-37914","1":"product","2":"type-product","3":"status-publish","4":"has-post-thumbnail","6":"product_cat-bols","7":"pa_motivo-metalizado","9":"first","10":"instock","11":"shipping-taxable","12":"product-type-simple"},"acf":[],"_links":{"self":[{"href":"https:\/\/olemosaic.orbitalia.org\/pt-pt\/wp-json\/wp\/v2\/product\/37914","targetHints":{"allow":["GET"]}}],"collection":[{"href":"https:\/\/olemosaic.orbitalia.org\/pt-pt\/wp-json\/wp\/v2\/product"}],"about":[{"href":"https:\/\/olemosaic.orbitalia.org\/pt-pt\/wp-json\/wp\/v2\/types\/product"}],"wp:featuredmedia":[{"embeddable":true,"href":"https:\/\/olemosaic.orbitalia.org\/pt-pt\/wp-json\/wp\/v2\/media\/10805"}],"wp:attachment":[{"href":"https:\/\/olemosaic.orbitalia.org\/pt-pt\/wp-json\/wp\/v2\/media?parent=37914"}],"wp:term":[{"taxonomy":"product_brand","embeddable":true,"href":"https:\/\/olemosaic.orbitalia.org\/pt-pt\/wp-json\/wp\/v2\/product_brand?post=37914"},{"taxonomy":"product_cat","embeddable":true,"href":"https:\/\/olemosaic.orbitalia.org\/pt-pt\/wp-json\/wp\/v2\/product_cat?post=37914"},{"taxonomy":"product_tag","embeddable":true,"href":"https:\/\/olemosaic.orbitalia.org\/pt-pt\/wp-json\/wp\/v2\/product_tag?post=37914"}],"curies":[{"name":"wp","href":"https:\/\/api.w.org\/{rel}","templated":true}]}}