{"id":37910,"date":"2025-02-20T23:31:02","date_gmt":"2025-02-20T22:31:02","guid":{"rendered":"https:\/\/olemosaic.orbitalia.org\/producto\/bol-de-coco-rojo-tortuga\/"},"modified":"2025-07-25T20:14:32","modified_gmt":"2025-07-25T18:14:32","slug":"taca-de-coco-vermelha-tartaruga-pt-pt","status":"publish","type":"product","link":"https:\/\/olemosaic.orbitalia.org\/pt-pt\/produto\/taca-de-coco-vermelha-tartaruga-pt-pt\/","title":{"rendered":"Ta\u00e7a de coco vermelha. Tartaruga."},"content":{"rendered":"<p>Esta ta\u00e7a de coco vermelha \u00e9 uma aut\u00eantica joia artesanal que celebra a riqueza da arte popular costa-riquenha. De design artesanal, esta atraente ta\u00e7a destaca-se pelo seu vibrante design em tons vermelhos, que evoca o calor e a vitalidade da vida tropical. No centro, apresenta-se uma encantadora tartaruga, s\u00edmbolo da vida marinha, que ressalta n\u00e3o s\u00f3 pela sua figura, mas tamb\u00e9m pelo seu colorido. A tartaruga est\u00e1 rodeada por um l\u00fadico padr\u00e3o de cora\u00e7\u00f5es em tons rosados, que acrescenta um toque alegre e divertido \u00e0 pe\u00e7a.<\/p>\n<p>As curvas suaves da ta\u00e7a e o seu acabamento brilhante tornam-na um objeto tanto decorativo como funcional, ideal para servir aperitivos ou como pe\u00e7a central no seu lar. O seu design n\u00e3o s\u00f3 captura a ess\u00eancia da Costa Rica, como tamb\u00e9m a torna um souvenir representativo da cultura e da biodiversidade da regi\u00e3o.<\/p>\n<p>Na Ol\u00e9 Mosaic, especializados na distribui\u00e7\u00e3o de souvenirs por grosso, oferecemos produtos aut\u00eanticos e elaborados com carinho. Esta ta\u00e7a de coco \u00e9 uma op\u00e7\u00e3o ideal para lojas de presentes tur\u00edsticos que procuram artigos \u00fanicos que reflitam a tradi\u00e7\u00e3o e a arte costa-riquenha. Como grossistas de souvenirs, garantimos a qualidade e originalidade em cada produto, fazendo desta ta\u00e7a uma excelente recorda\u00e7\u00e3o para os seus clientes.<\/p>\n","protected":false},"excerpt":{"rendered":"<p>Ta\u00e7a de coco vermelha adornada com uma simp\u00e1tica tartaruga no centro. Esta chamativa ta\u00e7a apresenta um design vibrante em tons vermelhos com detalhes pretos. A tartaruga, s\u00edmbolo da vida marinha, \u00e9 emoldurada por um padr\u00e3o de cora\u00e7\u00f5es que confere um toque alegre e divertido. Perfeita como pe\u00e7a decorativa ou para servir aperitivos, esta ta\u00e7a \u00e9 uma excelente amostra da arte popular costa-riquenha.<\/p>\n","protected":false},"featured_media":10184,"template":"","meta":{"_acf_changed":false},"product_brand":[],"product_cat":[513],"product_tag":[516],"class_list":{"0":"post-37910","1":"product","2":"type-product","3":"status-publish","4":"has-post-thumbnail","6":"product_cat-bols","7":"product_tag-animais","8":"pa_motivo-tartarugas","10":"first","11":"instock","12":"shipping-taxable","13":"product-type-simple"},"acf":[],"_links":{"self":[{"href":"https:\/\/olemosaic.orbitalia.org\/pt-pt\/wp-json\/wp\/v2\/product\/37910","targetHints":{"allow":["GET"]}}],"collection":[{"href":"https:\/\/olemosaic.orbitalia.org\/pt-pt\/wp-json\/wp\/v2\/product"}],"about":[{"href":"https:\/\/olemosaic.orbitalia.org\/pt-pt\/wp-json\/wp\/v2\/types\/product"}],"wp:featuredmedia":[{"embeddable":true,"href":"https:\/\/olemosaic.orbitalia.org\/pt-pt\/wp-json\/wp\/v2\/media\/10184"}],"wp:attachment":[{"href":"https:\/\/olemosaic.orbitalia.org\/pt-pt\/wp-json\/wp\/v2\/media?parent=37910"}],"wp:term":[{"taxonomy":"product_brand","embeddable":true,"href":"https:\/\/olemosaic.orbitalia.org\/pt-pt\/wp-json\/wp\/v2\/product_brand?post=37910"},{"taxonomy":"product_cat","embeddable":true,"href":"https:\/\/olemosaic.orbitalia.org\/pt-pt\/wp-json\/wp\/v2\/product_cat?post=37910"},{"taxonomy":"product_tag","embeddable":true,"href":"https:\/\/olemosaic.orbitalia.org\/pt-pt\/wp-json\/wp\/v2\/product_tag?post=37910"}],"curies":[{"name":"wp","href":"https:\/\/api.w.org\/{rel}","templated":true}]}}