{"id":37909,"date":"2025-02-20T23:31:01","date_gmt":"2025-02-20T22:31:01","guid":{"rendered":"https:\/\/olemosaic.orbitalia.org\/producto\/bol-de-coco-rojo-flecha-camino-de-santiago-2\/"},"modified":"2025-07-25T19:41:36","modified_gmt":"2025-07-25T17:41:36","slug":"taca-de-coco-vermelha-seta-caminho-de-santiago-2-pt-pt","status":"publish","type":"product","link":"https:\/\/olemosaic.orbitalia.org\/pt-pt\/produto\/taca-de-coco-vermelha-seta-caminho-de-santiago-2-pt-pt\/","title":{"rendered":"Ta\u00e7a de coco vermelha. Seta. Caminho de Santiago. Espanha."},"content":{"rendered":"<p>Esta ta\u00e7a vermelha de coco \u00e9 uma recorda\u00e7\u00e3o emblem\u00e1tica que representa a rica tradi\u00e7\u00e3o do Caminho de Santiago, uma das rotas de peregrina\u00e7\u00e3o mais importantes do mundo. Fabricada com um material natural, esta atraente ta\u00e7a destaca-se pela sua vibrante cor vermelha, que evoca a paix\u00e3o e a hist\u00f3ria desta hist\u00f3rica travessia. No centro, uma clara inscri\u00e7\u00e3o em branco que diz &#8220;CAMINO DE SANTIAGO&#8221; \u00e9 complementada por uma seta, simbolizando o caminho percorrido por milhares de peregrinos ao longo dos s\u00e9culos.<\/p>\n<p>O design da ta\u00e7a \u00e9 \u00fanico, con subtis decora\u00e7\u00f5es que adornam a borda, conferindo um toque art\u00edstico que a torna um belo objeto decorativo. O seu acabamento brilhante real\u00e7a cada detalhe, transformando este produto num atraente souvenir que captar\u00e1 a aten\u00e7\u00e3o dos turistas. Ideal para recordar esta experi\u00eancia inesquec\u00edvel, a ta\u00e7a n\u00e3o serve apenas como um elemento funcional, mas tamb\u00e9m atua como um aut\u00eantico s\u00edmbolo da cultura e do patrim\u00f3nio espanhol.<\/p>\n<p>Na Ol\u00e9 Mosaic, especializamo-nos na distribui\u00e7\u00e3o de souvenirs por grosso, oferecendo uma variedade de artigos representativos do Caminho de Santiago. Esta ta\u00e7a \u00e9 uma excelente op\u00e7\u00e3o para lojas de presentes tur\u00edsticos que procuram produtos aut\u00eanticos e significativos. Com esta ta\u00e7a vermelha de coco, os turistas encontrar\u00e3o a forma perfeita de recordar a sua viagem e partilhar a hist\u00f3ria do Caminho.<\/p>\n","protected":false},"excerpt":{"rendered":"<p>Ta\u00e7a de coco vermelha decorada com um distintivo design de seta que assinala o &#8220;Caminho de Santiago&#8221;. Esta atraente ta\u00e7a, de material natural e acabamento brilhante, destaca-se pela sua vibrante cor vermelha e uma inscri\u00e7\u00e3o clara em branco que ressalta a emblem\u00e1tica rota de peregrina\u00e7\u00e3o. Umas subtis decora\u00e7\u00f5es na borda complementam o seu design, tornando-a um souvenir perfeito para recordar a tradi\u00e7\u00e3o do caminho e adicionar um toque aut\u00eantico a qualquer espa\u00e7o.<\/p>\n","protected":false},"featured_media":11748,"template":"","meta":{"_acf_changed":false},"product_brand":[],"product_cat":[513],"product_tag":[],"class_list":{"0":"post-37909","1":"product","2":"type-product","3":"status-publish","4":"has-post-thumbnail","6":"product_cat-bols","7":"pa_ciudad-santiago","8":"pa_motivo-setas","9":"pa_pais-espana","11":"first","12":"instock","13":"shipping-taxable","14":"product-type-simple"},"acf":[],"_links":{"self":[{"href":"https:\/\/olemosaic.orbitalia.org\/pt-pt\/wp-json\/wp\/v2\/product\/37909","targetHints":{"allow":["GET"]}}],"collection":[{"href":"https:\/\/olemosaic.orbitalia.org\/pt-pt\/wp-json\/wp\/v2\/product"}],"about":[{"href":"https:\/\/olemosaic.orbitalia.org\/pt-pt\/wp-json\/wp\/v2\/types\/product"}],"wp:featuredmedia":[{"embeddable":true,"href":"https:\/\/olemosaic.orbitalia.org\/pt-pt\/wp-json\/wp\/v2\/media\/11748"}],"wp:attachment":[{"href":"https:\/\/olemosaic.orbitalia.org\/pt-pt\/wp-json\/wp\/v2\/media?parent=37909"}],"wp:term":[{"taxonomy":"product_brand","embeddable":true,"href":"https:\/\/olemosaic.orbitalia.org\/pt-pt\/wp-json\/wp\/v2\/product_brand?post=37909"},{"taxonomy":"product_cat","embeddable":true,"href":"https:\/\/olemosaic.orbitalia.org\/pt-pt\/wp-json\/wp\/v2\/product_cat?post=37909"},{"taxonomy":"product_tag","embeddable":true,"href":"https:\/\/olemosaic.orbitalia.org\/pt-pt\/wp-json\/wp\/v2\/product_tag?post=37909"}],"curies":[{"name":"wp","href":"https:\/\/api.w.org\/{rel}","templated":true}]}}