{"id":37908,"date":"2025-02-20T23:31:01","date_gmt":"2025-02-20T22:31:01","guid":{"rendered":"https:\/\/olemosaic.orbitalia.org\/producto\/bol-de-coco-rojo-camino-de-santiago\/"},"modified":"2025-07-25T19:25:05","modified_gmt":"2025-07-25T17:25:05","slug":"taca-de-coco-vermelha-caminho-de-santiago-pt-pt","status":"publish","type":"product","link":"https:\/\/olemosaic.orbitalia.org\/pt-pt\/produto\/taca-de-coco-vermelha-caminho-de-santiago-pt-pt\/","title":{"rendered":"Ta\u00e7a de coco vermelha. Caminho de Santiago."},"content":{"rendered":"<p>Esta ta\u00e7a de coco vermelha \u00e9 uma recorda\u00e7\u00e3o emblem\u00e1tica do Caminho de Santiago, ideal para quem deseja levar consigo uma parte significativa desta experi\u00eancia \u00fanica. O seu design, pintado \u00e0 m\u00e3o, destaca-se por um vibrante fundo preto salpicado de cora\u00e7\u00f5es vermelhos, que real\u00e7am a intensidade da cor e acrescentam um toque de calor e amor pela tradi\u00e7\u00e3o. No centro, exibe a ic\u00f3nica concha de Santiago, s\u00edmbolo do caminho e da peregrina\u00e7\u00e3o, acompanhada da frase &#8220;CAMINO DE SANTIAGO&#8221;, que sublinha a sua liga\u00e7\u00e3o cultural e espiritual com esta famosa rota.<\/p>\n<p>Esta ta\u00e7a n\u00e3o \u00e9 apenas uma pe\u00e7a decorativa, mas tamb\u00e9m funcional; perfeita para guardar pequenos objetos ou como um atraente elemento decorativo em qualquer lar. A sua forma circular e o seu acabamento brilhante tornam-na uma adi\u00e7\u00e3o chamativa a qualquer espa\u00e7o, evocando as rotas percorridas e as mem\u00f3rias criadas durante a viagem.<\/p>\n<p>Na Ol\u00e9 Mosaic, oferecemos souvenirs aut\u00eanticos que refletem a cultura e a tradi\u00e7\u00e3o de Espanha. Esta ta\u00e7a de coco \u00e9 uma excelente op\u00e7\u00e3o para lojas de presentes tur\u00edsticos que procuram produtos de qualidade, representativos da experi\u00eancia do Caminho de Santiago. Com o seu design atraente e o seu profundo significado, esta ta\u00e7a torna-se uma recorda\u00e7\u00e3o inesquec\u00edvel para peregrinos e amantes da tradi\u00e7\u00e3o.<\/p>\n","protected":false},"excerpt":{"rendered":"<p>Ta\u00e7a de coco vermelha decorada com o s\u00edmbolo do Caminho de Santiago. Esta atraente ta\u00e7a apresenta um design artesanal, pintado \u00e0 m\u00e3o, sobre um fundo preto salpicado de cora\u00e7\u00f5es vermelhos que real\u00e7am a sua cor vibrante. No centro, destaca-se a concha de Santiago, acompanhada da frase &#8220;CAMINO DE SANTIAGO&#8221;, o que a torna um souvenir perfeito para peregrinos e amantes da tradi\u00e7\u00e3o. Ideal para guardar pequenos objetos ou como elemento decorativo.<\/p>\n","protected":false},"featured_media":10208,"template":"","meta":{"_acf_changed":false},"product_brand":[],"product_cat":[513],"product_tag":[],"class_list":{"0":"post-37908","1":"product","2":"type-product","3":"status-publish","4":"has-post-thumbnail","6":"product_cat-bols","7":"pa_motivo-caminho-de-santiago","9":"first","10":"instock","11":"shipping-taxable","12":"product-type-simple"},"acf":[],"_links":{"self":[{"href":"https:\/\/olemosaic.orbitalia.org\/pt-pt\/wp-json\/wp\/v2\/product\/37908","targetHints":{"allow":["GET"]}}],"collection":[{"href":"https:\/\/olemosaic.orbitalia.org\/pt-pt\/wp-json\/wp\/v2\/product"}],"about":[{"href":"https:\/\/olemosaic.orbitalia.org\/pt-pt\/wp-json\/wp\/v2\/types\/product"}],"wp:featuredmedia":[{"embeddable":true,"href":"https:\/\/olemosaic.orbitalia.org\/pt-pt\/wp-json\/wp\/v2\/media\/10208"}],"wp:attachment":[{"href":"https:\/\/olemosaic.orbitalia.org\/pt-pt\/wp-json\/wp\/v2\/media?parent=37908"}],"wp:term":[{"taxonomy":"product_brand","embeddable":true,"href":"https:\/\/olemosaic.orbitalia.org\/pt-pt\/wp-json\/wp\/v2\/product_brand?post=37908"},{"taxonomy":"product_cat","embeddable":true,"href":"https:\/\/olemosaic.orbitalia.org\/pt-pt\/wp-json\/wp\/v2\/product_cat?post=37908"},{"taxonomy":"product_tag","embeddable":true,"href":"https:\/\/olemosaic.orbitalia.org\/pt-pt\/wp-json\/wp\/v2\/product_tag?post=37908"}],"curies":[{"name":"wp","href":"https:\/\/api.w.org\/{rel}","templated":true}]}}