{"id":37904,"date":"2025-02-20T23:30:56","date_gmt":"2025-02-20T22:30:56","guid":{"rendered":"https:\/\/olemosaic.orbitalia.org\/producto\/bol-de-coco-rojo-ibiscus-2\/"},"modified":"2025-07-25T20:05:36","modified_gmt":"2025-07-25T18:05:36","slug":"taca-de-coco-vermelha-hibisco-2-pt-pt","status":"publish","type":"product","link":"https:\/\/olemosaic.orbitalia.org\/pt-pt\/produto\/taca-de-coco-vermelha-hibisco-2-pt-pt\/","title":{"rendered":"Ta\u00e7a de coco vermelha. Hibisco. Espanha."},"content":{"rendered":"<p>Esta ta\u00e7a de coco vermelha, decorada com um encantador design de hibisco, \u00e9 uma requintada amostra de artesanato tropical que cativa todos. Elaborada a partir de cascas de coco, cada pe\u00e7a \u00e9 \u00fanica, apresentando um vibrante acabamento vermelho brilhante que se destaca com intensidade. No centro, um delicado motivo floral branco de hibisco acrescenta um toque de frescura, simbolizando a beleza e diversidade da flora tropical. O rebordo da ta\u00e7a, adornado com elaborados padr\u00f5es em relevo, evoca um estilo autenticamente tropical, convertendo esta pe\u00e7a n\u00e3o s\u00f3 num artigo utilit\u00e1rio, mas tamb\u00e9m num belo elemento decorativo que real\u00e7a qualquer espa\u00e7o.<\/p>\n<p>Esta ta\u00e7a \u00e9 ideal para servir aperitivos, saladas ou snacks, proporcionando uma experi\u00eancia culin\u00e1ria que recorda as del\u00edcias das praias ensolaradas. O seu design e cor tornam-na um souvenir perfeito para quem deseja levar um peda\u00e7o do tr\u00f3pico, capturando a ess\u00eancia dos destinos quentes e soalheiros. Na Ol\u00e9 Mosaic, orgulhamo-nos de oferecer uma gama de souvenirs aut\u00eanticos, e esta ta\u00e7a de coco vermelha reflete a rica cultura artesanal da regi\u00e3o. Uma excelente op\u00e7\u00e3o para lojas de presentes tur\u00edsticos que desejem oferecer produtos \u00fanicos, representativos e de alta qualidade.<\/p>\n","protected":false},"excerpt":{"rendered":"<p>Ta\u00e7a de coco vermelha decorada com um belo design de hibisco. Este artigo singular, elaborado com cascas de coco, apresenta um acabamento brilhante num vibrante tom vermelho que contrasta com o delicado motivo floral pintado a branco no seu centro. O seu rebordo est\u00e1 adornado com padr\u00f5es em relevo que evocam o estilo tropical, tornando-a uma pe\u00e7a ideal para servir aperitivos ou como elemento decorativo em qualquer casa.<\/p>\n","protected":false},"featured_media":13398,"template":"","meta":{"_acf_changed":false},"product_brand":[],"product_cat":[513],"product_tag":[],"class_list":{"0":"post-37904","1":"product","2":"type-product","3":"status-publish","4":"has-post-thumbnail","6":"product_cat-bols","7":"pa_motivo-hibisco","9":"first","10":"instock","11":"shipping-taxable","12":"product-type-simple"},"acf":[],"_links":{"self":[{"href":"https:\/\/olemosaic.orbitalia.org\/pt-pt\/wp-json\/wp\/v2\/product\/37904","targetHints":{"allow":["GET"]}}],"collection":[{"href":"https:\/\/olemosaic.orbitalia.org\/pt-pt\/wp-json\/wp\/v2\/product"}],"about":[{"href":"https:\/\/olemosaic.orbitalia.org\/pt-pt\/wp-json\/wp\/v2\/types\/product"}],"wp:featuredmedia":[{"embeddable":true,"href":"https:\/\/olemosaic.orbitalia.org\/pt-pt\/wp-json\/wp\/v2\/media\/13398"}],"wp:attachment":[{"href":"https:\/\/olemosaic.orbitalia.org\/pt-pt\/wp-json\/wp\/v2\/media?parent=37904"}],"wp:term":[{"taxonomy":"product_brand","embeddable":true,"href":"https:\/\/olemosaic.orbitalia.org\/pt-pt\/wp-json\/wp\/v2\/product_brand?post=37904"},{"taxonomy":"product_cat","embeddable":true,"href":"https:\/\/olemosaic.orbitalia.org\/pt-pt\/wp-json\/wp\/v2\/product_cat?post=37904"},{"taxonomy":"product_tag","embeddable":true,"href":"https:\/\/olemosaic.orbitalia.org\/pt-pt\/wp-json\/wp\/v2\/product_tag?post=37904"}],"curies":[{"name":"wp","href":"https:\/\/api.w.org\/{rel}","templated":true}]}}