{"id":37901,"date":"2025-02-20T23:30:48","date_gmt":"2025-02-20T22:30:48","guid":{"rendered":"https:\/\/olemosaic.orbitalia.org\/producto\/bol-de-coco-naranja-salamandra-barcelona\/"},"modified":"2025-07-25T19:00:38","modified_gmt":"2025-07-25T17:00:38","slug":"taca-de-coco-laranja-salamandra-barcelona-pt-pt","status":"publish","type":"product","link":"https:\/\/olemosaic.orbitalia.org\/pt-pt\/produto\/taca-de-coco-laranja-salamandra-barcelona-pt-pt\/","title":{"rendered":"Ta\u00e7a de coco laranja. Salamandra. Barcelona."},"content":{"rendered":"<p>Esta ta\u00e7a de coco laranja \u00e9 um souvenir atraente que capta a ess\u00eancia vibrante de Barcelona atrav\u00e9s da sua emblem\u00e1tica salamandra, s\u00edmbolo representativo do modernismo catal\u00e3o. Confecionada a partir de casca de coco natural, esta ta\u00e7a apresenta um design pintado \u00e0 m\u00e3o que se destaca pelos seus tons laranja intensos, evocando o calor do sol mediterr\u00e2nico e a energia da cidade. No centro, a ilustra\u00e7\u00e3o da salamandra \u00e9 emoldurada junto \u00e0 tipografia &#8220;Barcelona&#8221;, criando uma liga\u00e7\u00e3o visual direta com a famosa obra de Antoni Gaud\u00ed que adorna o Park G\u00fcell.<\/p>\n<p>Os detalhes dourados que decoram a superf\u00edcie da ta\u00e7a conferem um toque de eleg\u00e2ncia, o que a torna uma pe\u00e7a ideal tanto para decorar espa\u00e7os como para usar em ocasi\u00f5es especiais. Esta ta\u00e7a n\u00e3o \u00e9 apenas um objeto funcional, mas relata um fragmento da rica cultura barcelonesa, tornando-a um presente perfeito para aqueles que desejam levar um peda\u00e7o desta vibrante cidade. Na Ol\u00e9 Mosaic, especializamo-nos na distribui\u00e7\u00e3o de souvenirs por grosso e esta ta\u00e7a de coco laranja \u00e9 uma excelente escolha para lojas de presentes tur\u00edsticos que procuram oferecer produtos aut\u00eanticos e representativos. Com esta ta\u00e7a, os visitantes podem guardar uma recorda\u00e7\u00e3o genu\u00edna da sua experi\u00eancia em Barcelona, tornando-a um artigo muito procurado entre os turistas.<\/p>\n","protected":false},"excerpt":{"rendered":"<p>Ta\u00e7a de coco laranja inspirada na emblem\u00e1tica salamandra de Barcelona, um s\u00edmbolo do modernismo barcelon\u00eas. Esta atraente ta\u00e7a, feita a partir de casca de coco, apresenta um design artesanal, pintado \u00e0 m\u00e3o, com vibrantes tons laranja e detalhes dourados que evocam o calor mediterr\u00e2nico. No centro, a ilustra\u00e7\u00e3o da salamandra destaca-se com a inscri\u00e7\u00e3o &#8220;Barcelona&#8221;, captando a ess\u00eancia da arte urbana catal\u00e3. Ideal para decora\u00e7\u00e3o ou como recorda\u00e7\u00e3o.<\/p>\n","protected":false},"featured_media":10129,"template":"","meta":{"_acf_changed":false},"product_brand":[],"product_cat":[513],"product_tag":[516],"class_list":{"0":"post-37901","1":"product","2":"type-product","3":"status-publish","4":"has-post-thumbnail","6":"product_cat-bols","7":"product_tag-animais","8":"pa_ciudad-barcelona","9":"pa_motivo-salamandras","10":"pa_pais-espana","12":"first","13":"instock","14":"shipping-taxable","15":"product-type-simple"},"acf":[],"_links":{"self":[{"href":"https:\/\/olemosaic.orbitalia.org\/pt-pt\/wp-json\/wp\/v2\/product\/37901","targetHints":{"allow":["GET"]}}],"collection":[{"href":"https:\/\/olemosaic.orbitalia.org\/pt-pt\/wp-json\/wp\/v2\/product"}],"about":[{"href":"https:\/\/olemosaic.orbitalia.org\/pt-pt\/wp-json\/wp\/v2\/types\/product"}],"wp:featuredmedia":[{"embeddable":true,"href":"https:\/\/olemosaic.orbitalia.org\/pt-pt\/wp-json\/wp\/v2\/media\/10129"}],"wp:attachment":[{"href":"https:\/\/olemosaic.orbitalia.org\/pt-pt\/wp-json\/wp\/v2\/media?parent=37901"}],"wp:term":[{"taxonomy":"product_brand","embeddable":true,"href":"https:\/\/olemosaic.orbitalia.org\/pt-pt\/wp-json\/wp\/v2\/product_brand?post=37901"},{"taxonomy":"product_cat","embeddable":true,"href":"https:\/\/olemosaic.orbitalia.org\/pt-pt\/wp-json\/wp\/v2\/product_cat?post=37901"},{"taxonomy":"product_tag","embeddable":true,"href":"https:\/\/olemosaic.orbitalia.org\/pt-pt\/wp-json\/wp\/v2\/product_tag?post=37901"}],"curies":[{"name":"wp","href":"https:\/\/api.w.org\/{rel}","templated":true}]}}