{"id":37891,"date":"2025-02-20T23:30:33","date_gmt":"2025-02-20T22:30:33","guid":{"rendered":"https:\/\/olemosaic.orbitalia.org\/producto\/bol-de-coco-fucsia-salamandra-2\/"},"modified":"2025-07-25T20:10:05","modified_gmt":"2025-07-25T18:10:05","slug":"taca-de-coco-fucsia-salamandra-2-pt-pt","status":"publish","type":"product","link":"https:\/\/olemosaic.orbitalia.org\/pt-pt\/produto\/taca-de-coco-fucsia-salamandra-2-pt-pt\/","title":{"rendered":"Ta\u00e7a de coco f\u00facsia. Salamandra. Espanha."},"content":{"rendered":"<p>Esta ta\u00e7a de coco f\u00facsia \u00e9 uma pe\u00e7a artesanal vibrante que acrescenta um toque de cor e vida a qualquer casa. Com um acabamento numa cor f\u00facsia brilhante, o seu design n\u00e3o s\u00f3 \u00e9 visualmente impactante, como tamb\u00e9m reflete a riqueza cultural da tradi\u00e7\u00e3o artesanal. A elegante borda de mosaico que rodeia a ta\u00e7a cria um contraste atraente, al\u00e9m de proporcionar textura e profundidade.<\/p>\n<p>No centro, destaca-se uma salamandra, um s\u00edmbolo que representa a transforma\u00e7\u00e3o e a renova\u00e7\u00e3o em diversas culturas. Este elemento distintivo n\u00e3o s\u00f3 enriquece a est\u00e9tica da ta\u00e7a, como tamb\u00e9m liga aos aspetos culturais e naturais da regi\u00e3o. Cada ta\u00e7a \u00e9 feita \u00e0 m\u00e3o, o que garante que cada pe\u00e7a seja \u00fanica e aut\u00eantica, tornando-se uma bela recorda\u00e7\u00e3o da destreza artesanal.<\/p>\n<p>Ideal como souvenir, esta ta\u00e7a de coco f\u00facsia \u00e9 perfeita para turistas que procuram um elemento decorativo que combine funcionalidade com um forte valor cultural. Na Ol\u00e9 Mosaic, somos distribuidores de produtos artesanais por grosso, e esta ta\u00e7a apresenta-se como uma excelente op\u00e7\u00e3o para lojas de presentes tur\u00edsticos que procuram oferecer recorda\u00e7\u00f5es aut\u00eanticas e de qualidade. Uma ta\u00e7a que n\u00e3o s\u00f3 adorna, mas conta uma hist\u00f3ria.<\/p>\n","protected":false},"excerpt":{"rendered":"<p>Ta\u00e7a de coco f\u00facsia decorada com uma salamandra, ideal para dar um toque vibrante \u00e0 sua casa. Este artigo artesanal apresenta um acabamento f\u00facsia brilhante, real\u00e7ado por um design de mosaico que cria uma borda elegante. No centro, destaca-se uma salamandra, que confere um toque distintivo e cultural. Feita \u00e0 m\u00e3o, esta ta\u00e7a combina funcionalidade e est\u00e9tica, tornando-se uma bela recorda\u00e7\u00e3o da rica tradi\u00e7\u00e3o artesanal.<\/p>\n","protected":false},"featured_media":10056,"template":"","meta":{"_acf_changed":false},"product_brand":[],"product_cat":[513],"product_tag":[516],"class_list":{"0":"post-37891","1":"product","2":"type-product","3":"status-publish","4":"has-post-thumbnail","6":"product_cat-bols","7":"product_tag-animais","8":"pa_motivo-salamandras","10":"first","11":"instock","12":"shipping-taxable","13":"product-type-simple"},"acf":[],"_links":{"self":[{"href":"https:\/\/olemosaic.orbitalia.org\/pt-pt\/wp-json\/wp\/v2\/product\/37891","targetHints":{"allow":["GET"]}}],"collection":[{"href":"https:\/\/olemosaic.orbitalia.org\/pt-pt\/wp-json\/wp\/v2\/product"}],"about":[{"href":"https:\/\/olemosaic.orbitalia.org\/pt-pt\/wp-json\/wp\/v2\/types\/product"}],"wp:featuredmedia":[{"embeddable":true,"href":"https:\/\/olemosaic.orbitalia.org\/pt-pt\/wp-json\/wp\/v2\/media\/10056"}],"wp:attachment":[{"href":"https:\/\/olemosaic.orbitalia.org\/pt-pt\/wp-json\/wp\/v2\/media?parent=37891"}],"wp:term":[{"taxonomy":"product_brand","embeddable":true,"href":"https:\/\/olemosaic.orbitalia.org\/pt-pt\/wp-json\/wp\/v2\/product_brand?post=37891"},{"taxonomy":"product_cat","embeddable":true,"href":"https:\/\/olemosaic.orbitalia.org\/pt-pt\/wp-json\/wp\/v2\/product_cat?post=37891"},{"taxonomy":"product_tag","embeddable":true,"href":"https:\/\/olemosaic.orbitalia.org\/pt-pt\/wp-json\/wp\/v2\/product_tag?post=37891"}],"curies":[{"name":"wp","href":"https:\/\/api.w.org\/{rel}","templated":true}]}}