{"id":37890,"date":"2025-02-20T23:30:33","date_gmt":"2025-02-20T22:30:33","guid":{"rendered":"https:\/\/olemosaic.orbitalia.org\/producto\/bol-de-coco-fucsia-salamandra\/"},"modified":"2025-07-25T18:37:07","modified_gmt":"2025-07-25T16:37:07","slug":"taca-de-coco-fucsia-salamandra-pt-pt","status":"publish","type":"product","link":"https:\/\/olemosaic.orbitalia.org\/pt-pt\/produto\/taca-de-coco-fucsia-salamandra-pt-pt\/","title":{"rendered":"Ta\u00e7a de coco f\u00facsia. Salamandra."},"content":{"rendered":"<p>Esta ta\u00e7a de coco f\u00facsia \u00e9 uma obra-prima de artesanato popular que capta a ess\u00eancia vibrante da cultura local. Concebida numa cor f\u00facsia intensa, a ta\u00e7a apresenta uma encantadora salamandra no centro, rodeada de cora\u00e7\u00f5es que acrescentam um toque l\u00fadico e festivo. Cada pe\u00e7a aparenta ser pintada \u00e0 m\u00e3o, o que garante que cada ta\u00e7a seja \u00fanica e conte com detalhes art\u00edsticos minuciosos que real\u00e7am a sua autenticidade. Fabricada com material de coco, esta ta\u00e7a n\u00e3o \u00e9 apenas um objeto decorativo, mas tamb\u00e9m pr\u00e1tico, ideal para servir aperitivos ou snacks em reuni\u00f5es familiares e celebra\u00e7\u00f5es.<\/p>\n<p>A salamandra, um s\u00edmbolo de boa sorte e prosperidade em muitas culturas, liga este artigo \u00e0s tradi\u00e7\u00f5es locais, dotando-o de um valor cultural acrescentado. Esta ta\u00e7a de coco f\u00facsia n\u00e3o \u00e9 apenas uma recorda\u00e7\u00e3o; \u00e9 uma representa\u00e7\u00e3o tang\u00edvel da rica heran\u00e7a artesanal da regi\u00e3o. Perfeita para turistas que procuram levar um peda\u00e7o da cultura local, esta ta\u00e7a \u00e9 um excelente presente que transcende o tempo e as modas.<\/p>\n<p>Na Ol\u00e9 Mosaic, dedicamo-nos \u00e0 distribui\u00e7\u00e3o de recorda\u00e7\u00f5es aut\u00eanticas por grosso, oferecendo produtos \u00fanicos que celebram a diversidade cultural e o artesanato de Espanha e Portugal. Esta ta\u00e7a de coco \u00e9 uma op\u00e7\u00e3o ideal para lojas de presentes tur\u00edsticos que procuram oferecer artigos de qualidade e relev\u00e2ncia cultural aos seus clientes.<\/p>\n","protected":false},"excerpt":{"rendered":"<p>Ta\u00e7a de coco f\u00facsia decorada com uma simp\u00e1tica salamandra, que representa a vibrante arte popular da regi\u00e3o. Esta bela ta\u00e7a apresenta um design artesanal, pintado \u00e0 m\u00e3o, com cora\u00e7\u00f5es e detalhes numa cor f\u00facsia intensa que a faz destacar-se. O seu material de coco proporciona uma textura natural, ideal para servir aperitivos ou como pe\u00e7a decorativa. Um toque alegre e colorido para qualquer casa.<\/p>\n","protected":false},"featured_media":10170,"template":"","meta":{"_acf_changed":false},"product_brand":[],"product_cat":[513],"product_tag":[516],"class_list":{"0":"post-37890","1":"product","2":"type-product","3":"status-publish","4":"has-post-thumbnail","6":"product_cat-bols","7":"product_tag-animais","8":"pa_motivo-salamandras","10":"first","11":"instock","12":"shipping-taxable","13":"product-type-simple"},"acf":[],"_links":{"self":[{"href":"https:\/\/olemosaic.orbitalia.org\/pt-pt\/wp-json\/wp\/v2\/product\/37890","targetHints":{"allow":["GET"]}}],"collection":[{"href":"https:\/\/olemosaic.orbitalia.org\/pt-pt\/wp-json\/wp\/v2\/product"}],"about":[{"href":"https:\/\/olemosaic.orbitalia.org\/pt-pt\/wp-json\/wp\/v2\/types\/product"}],"wp:featuredmedia":[{"embeddable":true,"href":"https:\/\/olemosaic.orbitalia.org\/pt-pt\/wp-json\/wp\/v2\/media\/10170"}],"wp:attachment":[{"href":"https:\/\/olemosaic.orbitalia.org\/pt-pt\/wp-json\/wp\/v2\/media?parent=37890"}],"wp:term":[{"taxonomy":"product_brand","embeddable":true,"href":"https:\/\/olemosaic.orbitalia.org\/pt-pt\/wp-json\/wp\/v2\/product_brand?post=37890"},{"taxonomy":"product_cat","embeddable":true,"href":"https:\/\/olemosaic.orbitalia.org\/pt-pt\/wp-json\/wp\/v2\/product_cat?post=37890"},{"taxonomy":"product_tag","embeddable":true,"href":"https:\/\/olemosaic.orbitalia.org\/pt-pt\/wp-json\/wp\/v2\/product_tag?post=37890"}],"curies":[{"name":"wp","href":"https:\/\/api.w.org\/{rel}","templated":true}]}}