{"id":37889,"date":"2025-02-20T23:30:33","date_gmt":"2025-02-20T22:30:33","guid":{"rendered":"https:\/\/olemosaic.orbitalia.org\/producto\/bol-de-coco-fucsia-tortuga\/"},"modified":"2025-07-25T20:39:54","modified_gmt":"2025-07-25T18:39:54","slug":"taca-de-coco-fucsia-tartaruga-pt-pt","status":"publish","type":"product","link":"https:\/\/olemosaic.orbitalia.org\/pt-pt\/produto\/taca-de-coco-fucsia-tartaruga-pt-pt\/","title":{"rendered":"Ta\u00e7a de coco f\u00facsia. Tartaruga."},"content":{"rendered":"<p>Esta ta\u00e7a de coco f\u00facsia \u00e9 uma obra-prima artesanal que se destaca pelo seu colorido vibrante e alegre, perfeito para complementar qualquer espa\u00e7o e proporcionar um toque cultural. Elaborada a partir de casca de coco, este design \u00fanico apresenta um interior em f\u00facsia intenso que real\u00e7a a beleza de um desenho intrincado de uma tartaruga rodeada de delicados motivos florais. Cada detalhe foi pintado \u00e0 m\u00e3o, garantindo que cada pe\u00e7a seja singular e reflita a mestria dos artes\u00e3os locais.<\/p>\n<p>A tartaruga, s\u00edmbolo de sabedoria e longevidade em muitas culturas, situa-se no centro da ta\u00e7a, acrescentando um significado especial ao design. Os motivos florais que a rodeiam encapsulam a ess\u00eancia do folclore espanhol, fazendo desta ta\u00e7a uma recorda\u00e7\u00e3o aut\u00eantica que celebra a rica heran\u00e7a cultural da regi\u00e3o. Utilizada tanto como objeto decorativo como para servir aperitivos, esta ta\u00e7a \u00e9 uma excelente ideia de recorda\u00e7\u00e3o para quem procura levar um peda\u00e7o de Espanha para casa.<\/p>\n<p>Na Ol\u00e9 Mosaic, distribuidor de recorda\u00e7\u00f5es por grosso, oferecemos produtos de qualidade que representam a diversidade cultural espanhola. Esta ta\u00e7a de coco f\u00facsia \u00e9 a op\u00e7\u00e3o perfeita para lojas de presentes tur\u00edsticos que pretendem oferecer artigos aut\u00eanticos e atraentes aos seus clientes.<\/p>\n","protected":false},"excerpt":{"rendered":"<p>Ta\u00e7a de coco f\u00facsia decorada com uma tartaruga, perfeita para complementar qualquer espa\u00e7o. Este artigo artesanal apresenta um interior f\u00facsia vibrante, adornado com um design intrincado de uma tartaruga rodeada de motivos florais. A ta\u00e7a, feita a partir de casca de coco, tem um design artesanal, pintado \u00e0 m\u00e3o, o que garante a singularidade de cada pe\u00e7a. Um toque de cor e cultura que real\u00e7a a beleza do folclore espanhol.<\/p>\n","protected":false},"featured_media":10064,"template":"","meta":{"_acf_changed":false},"product_brand":[],"product_cat":[513],"product_tag":[516],"class_list":{"0":"post-37889","1":"product","2":"type-product","3":"status-publish","4":"has-post-thumbnail","6":"product_cat-bols","7":"product_tag-animais","8":"pa_motivo-tartarugas","10":"first","11":"instock","12":"shipping-taxable","13":"product-type-simple"},"acf":[],"_links":{"self":[{"href":"https:\/\/olemosaic.orbitalia.org\/pt-pt\/wp-json\/wp\/v2\/product\/37889","targetHints":{"allow":["GET"]}}],"collection":[{"href":"https:\/\/olemosaic.orbitalia.org\/pt-pt\/wp-json\/wp\/v2\/product"}],"about":[{"href":"https:\/\/olemosaic.orbitalia.org\/pt-pt\/wp-json\/wp\/v2\/types\/product"}],"wp:featuredmedia":[{"embeddable":true,"href":"https:\/\/olemosaic.orbitalia.org\/pt-pt\/wp-json\/wp\/v2\/media\/10064"}],"wp:attachment":[{"href":"https:\/\/olemosaic.orbitalia.org\/pt-pt\/wp-json\/wp\/v2\/media?parent=37889"}],"wp:term":[{"taxonomy":"product_brand","embeddable":true,"href":"https:\/\/olemosaic.orbitalia.org\/pt-pt\/wp-json\/wp\/v2\/product_brand?post=37889"},{"taxonomy":"product_cat","embeddable":true,"href":"https:\/\/olemosaic.orbitalia.org\/pt-pt\/wp-json\/wp\/v2\/product_cat?post=37889"},{"taxonomy":"product_tag","embeddable":true,"href":"https:\/\/olemosaic.orbitalia.org\/pt-pt\/wp-json\/wp\/v2\/product_tag?post=37889"}],"curies":[{"name":"wp","href":"https:\/\/api.w.org\/{rel}","templated":true}]}}