{"id":37886,"date":"2025-02-20T22:30:30","date_gmt":"2025-02-20T22:30:30","guid":{"rendered":"https:\/\/olemosaic.orbitalia.org\/producto\/bol-de-coco-fucsia-tortuga-gran-canaria\/"},"modified":"2025-07-25T19:11:10","modified_gmt":"2025-07-25T17:11:10","slug":"taca-de-coco-fucsia-tartaruga-gran-canaria-pt-pt","status":"publish","type":"product","link":"https:\/\/olemosaic.orbitalia.org\/pt-pt\/produto\/taca-de-coco-fucsia-tartaruga-gran-canaria-pt-pt\/","title":{"rendered":"Ta\u00e7a de coco f\u00facsia. Tartaruga. Gran Can\u00e1ria."},"content":{"rendered":"<p>Esta ta\u00e7a de coco f\u00facsia \u00e9 uma encantadora recorda\u00e7\u00e3o da Gran Can\u00e1ria que funde material natural com um design contempor\u00e2neo e vibrante. A sua brilhante cor f\u00facsia capta a aten\u00e7\u00e3o, enquanto o acabamento polido real\u00e7a a sua eleg\u00e2ncia, tornando-a perfeita como centro de mesa ou elemento decorativo. No centro, uma ador\u00e1vel tartaruga, s\u00edmbolo da rica fauna marinha das Ilhas Can\u00e1rias, destaca-se sobre um fundo de padr\u00f5es de cora\u00e7\u00f5es e formas que evocam a ternura da vida na ilha. A inscri\u00e7\u00e3o &#8220;Gran Canaria&#8221;, elegantemente situada, sublinha a sua origem, convertendo esta ta\u00e7a numa preciosa recorda\u00e7\u00e3o da beleza do arquip\u00e9lago.<\/p>\n<p>Esta ta\u00e7a n\u00e3o \u00e9 apenas um artigo decorativo; \u00e9 tamb\u00e9m uma representa\u00e7\u00e3o da cultura can\u00e1ria, onde a natureza e a arte local se entrela\u00e7am. Os turistas encontrar\u00e3o nesta ta\u00e7a f\u00facsia um souvenir aut\u00eantico que captura a ess\u00eancia da sua viagem e pode ser um presente especial para quem deseja levar um peda\u00e7o da Gran Can\u00e1ria para casa. Na Ol\u00e9 Mosaic, orgulhamo-nos de ser distribuidores de recorda\u00e7\u00f5es \u00fanicas e aut\u00eanticas, e esta ta\u00e7a de coco f\u00facsia constitui uma magn\u00edfica op\u00e7\u00e3o para lojas de presentes tur\u00edsticos que procuram produtos que combinam tradi\u00e7\u00e3o e modernidade. Perfeita para quem procura souvenirs da Gran Can\u00e1ria, esta ta\u00e7a \u00e9 uma amostra da rica heran\u00e7a cultural e natural do local.<\/p>\n","protected":false},"excerpt":{"rendered":"<p>Ta\u00e7a de coco f\u00facsia decorada com uma tartaruga, que representa a beleza da Gran Can\u00e1ria. Esta atraente ta\u00e7a, feita de material natural, apresenta uma vibrante cor f\u00facsia, decorada com cora\u00e7\u00f5es e um design de tartaruga no centro. A inscri\u00e7\u00e3o &#8220;Gran Canaria&#8221; real\u00e7a a sua origem, enquanto o acabamento brilhante lhe confere um toque moderno. Ideal como centro de mesa ou elemento decorativo, combina tradi\u00e7\u00e3o e estilo contempor\u00e2neo.<\/p>\n","protected":false},"featured_media":10274,"template":"","meta":{"_acf_changed":false},"product_brand":[],"product_cat":[513],"product_tag":[516],"class_list":{"0":"post-37886","1":"product","2":"type-product","3":"status-publish","4":"has-post-thumbnail","6":"product_cat-bols","7":"product_tag-animais","8":"pa_ciudad-gran-canaria","9":"pa_motivo-tartarugas","10":"pa_pais-espana","12":"first","13":"instock","14":"shipping-taxable","15":"product-type-simple"},"acf":[],"_links":{"self":[{"href":"https:\/\/olemosaic.orbitalia.org\/pt-pt\/wp-json\/wp\/v2\/product\/37886","targetHints":{"allow":["GET"]}}],"collection":[{"href":"https:\/\/olemosaic.orbitalia.org\/pt-pt\/wp-json\/wp\/v2\/product"}],"about":[{"href":"https:\/\/olemosaic.orbitalia.org\/pt-pt\/wp-json\/wp\/v2\/types\/product"}],"wp:featuredmedia":[{"embeddable":true,"href":"https:\/\/olemosaic.orbitalia.org\/pt-pt\/wp-json\/wp\/v2\/media\/10274"}],"wp:attachment":[{"href":"https:\/\/olemosaic.orbitalia.org\/pt-pt\/wp-json\/wp\/v2\/media?parent=37886"}],"wp:term":[{"taxonomy":"product_brand","embeddable":true,"href":"https:\/\/olemosaic.orbitalia.org\/pt-pt\/wp-json\/wp\/v2\/product_brand?post=37886"},{"taxonomy":"product_cat","embeddable":true,"href":"https:\/\/olemosaic.orbitalia.org\/pt-pt\/wp-json\/wp\/v2\/product_cat?post=37886"},{"taxonomy":"product_tag","embeddable":true,"href":"https:\/\/olemosaic.orbitalia.org\/pt-pt\/wp-json\/wp\/v2\/product_tag?post=37886"}],"curies":[{"name":"wp","href":"https:\/\/api.w.org\/{rel}","templated":true}]}}