{"id":37875,"date":"2025-02-20T22:30:25","date_gmt":"2025-02-20T22:30:25","guid":{"rendered":"https:\/\/olemosaic.orbitalia.org\/producto\/bol-de-coco-de-beige-tortuga-tenerife\/"},"modified":"2025-07-25T18:49:48","modified_gmt":"2025-07-25T16:49:48","slug":"taca-de-coco-bege-tartaruga-tenerife-pt-pt","status":"publish","type":"product","link":"https:\/\/olemosaic.orbitalia.org\/pt-pt\/produto\/taca-de-coco-bege-tartaruga-tenerife-pt-pt\/","title":{"rendered":"Ta\u00e7a de coco bege. Tartaruga. Tenerife."},"content":{"rendered":"<p>Esta ta\u00e7a de coco \u00e9 uma recorda\u00e7\u00e3o de Tenerife que se destaca pelo seu design elegante e pela sua liga\u00e7\u00e3o com a fauna marinha das Ilhas Can\u00e1rias. Fabricada com aut\u00eantica casca de coco, a sua cor bege natural proporciona um aspeto ex\u00f3tico e acolhedor, ideal para qualquer espa\u00e7o. O motivo central apresenta uma delicada tartaruga, emblem\u00e1tica da regi\u00e3o, que simboliza a riqueza e diversidade da vida marinha can\u00e1ria. Este elemento decorativo \u00e9 realizado com uma t\u00e9cnica de mosaico na qual pequenas pe\u00e7as simulam escamas, criando um efeito visual fascinante que capta a aten\u00e7\u00e3o.<\/p>\n<p>O acabamento brilhante da ta\u00e7a real\u00e7a ainda mais os tons do coco, real\u00e7ando a sua beleza natural. Al\u00e9m de ser uma pe\u00e7a decorativa, \u00e9 pr\u00e1tica para servir aperitivos ou como centro de mesa, o que lhe confere versatilidade para qualquer ocasi\u00e3o. Esta ta\u00e7a n\u00e3o s\u00f3 celebra o artesanato local, como tamb\u00e9m \u00e9 uma recorda\u00e7\u00e3o tang\u00edvel da cultura e do ambiente marinho de Tenerife.<\/p>\n<p>Na Ol\u00e9 Mosaic, especializamo-nos na distribui\u00e7\u00e3o de recorda\u00e7\u00f5es aut\u00eanticas e representativas. Esta ta\u00e7a de coco \u00e9 uma excelente op\u00e7\u00e3o para lojas de presentes tur\u00edsticos que procuram oferecer produtos de qualidade e com significado. Como grossista de recorda\u00e7\u00f5es can\u00e1rias, garantimos originalidade e um estilo distintivo em cada pe\u00e7a, o que a torna um presente perfeito para quem deseja levar um peda\u00e7o do encanto de Tenerife.<\/p>\n","protected":false},"excerpt":{"rendered":"<p>Ta\u00e7a de coco em tons bege, decorada com uma tartaruga no centro que representa a fauna marinha de Tenerife. Esta elegante ta\u00e7a apresenta uma t\u00e9cnica de mosaico com pequenas pe\u00e7as que simulam escamas, e o seu acabamento brilhante real\u00e7a as cores naturais do coco. Ideal como elemento decorativo ou para servir, adiciona um toque ex\u00f3tico e aut\u00eantico a qualquer ambiente. Perfeita para os amantes da natureza e da cultura can\u00e1ria.<\/p>\n","protected":false},"featured_media":11935,"template":"","meta":{"_acf_changed":false},"product_brand":[],"product_cat":[513],"product_tag":[516],"class_list":{"0":"post-37875","1":"product","2":"type-product","3":"status-publish","4":"has-post-thumbnail","6":"product_cat-bols","7":"product_tag-animais","8":"pa_ciudad-tenerife","9":"pa_motivo-tartarugas","10":"pa_pais-espana","12":"first","13":"instock","14":"shipping-taxable","15":"product-type-simple"},"acf":[],"_links":{"self":[{"href":"https:\/\/olemosaic.orbitalia.org\/pt-pt\/wp-json\/wp\/v2\/product\/37875","targetHints":{"allow":["GET"]}}],"collection":[{"href":"https:\/\/olemosaic.orbitalia.org\/pt-pt\/wp-json\/wp\/v2\/product"}],"about":[{"href":"https:\/\/olemosaic.orbitalia.org\/pt-pt\/wp-json\/wp\/v2\/types\/product"}],"wp:featuredmedia":[{"embeddable":true,"href":"https:\/\/olemosaic.orbitalia.org\/pt-pt\/wp-json\/wp\/v2\/media\/11935"}],"wp:attachment":[{"href":"https:\/\/olemosaic.orbitalia.org\/pt-pt\/wp-json\/wp\/v2\/media?parent=37875"}],"wp:term":[{"taxonomy":"product_brand","embeddable":true,"href":"https:\/\/olemosaic.orbitalia.org\/pt-pt\/wp-json\/wp\/v2\/product_brand?post=37875"},{"taxonomy":"product_cat","embeddable":true,"href":"https:\/\/olemosaic.orbitalia.org\/pt-pt\/wp-json\/wp\/v2\/product_cat?post=37875"},{"taxonomy":"product_tag","embeddable":true,"href":"https:\/\/olemosaic.orbitalia.org\/pt-pt\/wp-json\/wp\/v2\/product_tag?post=37875"}],"curies":[{"name":"wp","href":"https:\/\/api.w.org\/{rel}","templated":true}]}}