{"id":37874,"date":"2025-02-20T23:30:25","date_gmt":"2025-02-20T22:30:25","guid":{"rendered":"https:\/\/olemosaic.orbitalia.org\/producto\/bol-de-coco-isla-menorca-2\/"},"modified":"2025-07-25T19:39:05","modified_gmt":"2025-07-25T17:39:05","slug":"taca-de-coco-ilha-menorca-2-pt-pt","status":"publish","type":"product","link":"https:\/\/olemosaic.orbitalia.org\/pt-pt\/produto\/taca-de-coco-ilha-menorca-2-pt-pt\/","title":{"rendered":"Ta\u00e7a de coco. Ilha. Menorca. Estilo mediterr\u00e2nico."},"content":{"rendered":"<p>Esta ta\u00e7a de coco \u00e9 um encantador artigo decorativo inspirado na vibrante ilha de Menorca, desenhado para trazer um peda\u00e7o do Mediterr\u00e2neo para a sua casa. Fabricada em cer\u00e2mica de alta qualidade, o seu acabamento brilhante real\u00e7a a t\u00e9cnica de mosaico que adorna a sua superf\u00edcie, com tons vibrantes de rosa, azul e amarelo que evocam as paisagens e a cultura desta bela ilha balear. A ta\u00e7a apresenta uma forma oval que n\u00e3o \u00e9 apenas est\u00e9tica, mas tamb\u00e9m funcional, perfeita para servir ou exibir pequenos objetos decorativos. No centro, a palavra &#8220;Menorca&#8221; destaca-se com um design muito especial, conferindo um toque pessoal e \u00fanico \u00e0 pe\u00e7a.<\/p>\n<p>As pe\u00e7as de mosaico irregulares, cuidadosamente colocadas, acrescentam um ar artesanal que reflete a tradi\u00e7\u00e3o local e o amor pelo detalhe. Esta ta\u00e7a n\u00e3o \u00e9 apenas uma recorda\u00e7\u00e3o, mas um aut\u00eantico s\u00edmbolo da cultura menorquina, ideal para os turistas que procuram levar consigo um peda\u00e7o da influ\u00eancia art\u00edstica que caracteriza a ilha. Na Ol\u00e9 Mosaic, oferecemos esta atraente ta\u00e7a de coco como parte da nossa seleta cole\u00e7\u00e3o de recorda\u00e7\u00f5es de Menorca, que encantar\u00e1 os seus clientes e enriquecer\u00e1 qualquer loja de presentes tur\u00edsticos. Com a sua beleza e relev\u00e2ncia cultural, posiciona-se como um excelente artigo para quem deseja levar para casa uma recorda\u00e7\u00e3o aut\u00eantica e representativa de Menorca.<\/p>\n","protected":false},"excerpt":{"rendered":"<p>Ta\u00e7a de coco com um design colorido inspirado na ilha de Menorca. Este artigo decorativo, elaborado em cer\u00e2mica com acabamento brilhante, apresenta uma t\u00e9cnica de mosaico em tons vibrantes de rosa, azul e amarelo. No centro destaca-se a palavra &#8220;Menorca&#8221;, que lhe confere um toque distintivo. A sua forma oval e as pe\u00e7as de mosaico irregulares conferem-lhe um ar artesanal, ideal para decorar qualquer canto da sua casa.<\/p>\n","protected":false},"featured_media":11949,"template":"","meta":{"_acf_changed":false},"product_brand":[],"product_cat":[513],"product_tag":[],"class_list":{"0":"post-37874","1":"product","2":"type-product","3":"status-publish","4":"has-post-thumbnail","6":"product_cat-bols","7":"pa_ciudad-menorca","8":"pa_motivo-ilhas","9":"pa_pais-espana","11":"first","12":"instock","13":"shipping-taxable","14":"product-type-simple"},"acf":[],"_links":{"self":[{"href":"https:\/\/olemosaic.orbitalia.org\/pt-pt\/wp-json\/wp\/v2\/product\/37874","targetHints":{"allow":["GET"]}}],"collection":[{"href":"https:\/\/olemosaic.orbitalia.org\/pt-pt\/wp-json\/wp\/v2\/product"}],"about":[{"href":"https:\/\/olemosaic.orbitalia.org\/pt-pt\/wp-json\/wp\/v2\/types\/product"}],"wp:featuredmedia":[{"embeddable":true,"href":"https:\/\/olemosaic.orbitalia.org\/pt-pt\/wp-json\/wp\/v2\/media\/11949"}],"wp:attachment":[{"href":"https:\/\/olemosaic.orbitalia.org\/pt-pt\/wp-json\/wp\/v2\/media?parent=37874"}],"wp:term":[{"taxonomy":"product_brand","embeddable":true,"href":"https:\/\/olemosaic.orbitalia.org\/pt-pt\/wp-json\/wp\/v2\/product_brand?post=37874"},{"taxonomy":"product_cat","embeddable":true,"href":"https:\/\/olemosaic.orbitalia.org\/pt-pt\/wp-json\/wp\/v2\/product_cat?post=37874"},{"taxonomy":"product_tag","embeddable":true,"href":"https:\/\/olemosaic.orbitalia.org\/pt-pt\/wp-json\/wp\/v2\/product_tag?post=37874"}],"curies":[{"name":"wp","href":"https:\/\/api.w.org\/{rel}","templated":true}]}}