{"id":37873,"date":"2025-02-20T22:30:25","date_gmt":"2025-02-20T22:30:25","guid":{"rendered":"https:\/\/olemosaic.orbitalia.org\/producto\/bol-de-coco-naranja-flamenco\/"},"modified":"2025-07-25T19:22:31","modified_gmt":"2025-07-25T17:22:31","slug":"taca-de-coco-laranja-flamingo-pt-pt","status":"publish","type":"product","link":"https:\/\/olemosaic.orbitalia.org\/pt-pt\/produto\/taca-de-coco-laranja-flamingo-pt-pt\/","title":{"rendered":"Ta\u00e7a de coco laranja. Flamingo."},"content":{"rendered":"<p>Esta ta\u00e7a de coco em tons alaranjados vibrantes \u00e9 uma aut\u00eantica joia do folclore espanhol, decorada com um design encantador de dois flamingos entrela\u00e7ados. O seu acabamento brilhante real\u00e7a a calidez da cor, evocando a magia do Mediterr\u00e2neo e conferindo um toque ex\u00f3tico a qualquer casa. Cada ta\u00e7a \u00e9 meticulosamente elaborada, com uma textura org\u00e2nica que combina o artesanato tradicional com um estilo moderno e vibrante.<\/p>\n<p>O design, que captura a ess\u00eancia dos flamingos, simboliza a alegria e o esplendor da cultura espanhola, tornando esta ta\u00e7a um excelente presente para quem procura uma recorda\u00e7\u00e3o que represente a riqueza do folclore local. A sua versatilidade permite utiliz\u00e1-la tanto para servir aperitivos como para decorar, iluminando qualquer espa\u00e7o. Al\u00e9m disso, a ta\u00e7a de coco \u00e9 um exemplo perfeito de como a tradi\u00e7\u00e3o e a inova\u00e7\u00e3o se podem unir, sendo uma op\u00e7\u00e3o ideal para lojas de presentes tur\u00edsticos que desejem oferecer produtos aut\u00eanticos e representativos.<\/p>\n<p>Na Ol\u00e9 Mosaic, especializamo-nos na distribui\u00e7\u00e3o por grosso de recorda\u00e7\u00f5es de qualidade, e esta ta\u00e7a de coco com flamingos \u00e9 uma excelente adi\u00e7\u00e3o ao nosso cat\u00e1logo. Oferecemos solu\u00e7\u00f5es a grossistas que procuram produtos distintivos que reflitam a cultura espanhola.<\/p>\n","protected":false},"excerpt":{"rendered":"<p>Ta\u00e7a de coco em tons alaranjados, decorada com o design encantador de dois flamingos entrela\u00e7ados. Esta bonita ta\u00e7a, cuidadosamente elaborada, apresenta uma textura org\u00e2nica e um acabamento brilhante que real\u00e7a a sua cor vibrante. O seu design evoca a calidez do folclore espanhol, ideal para servir aperitivos ou como elemento decorativo. Perfeita para adicionar um toque ex\u00f3tico e alegre a qualquer casa, evocando a magia da cultura mediterr\u00e2nica.<\/p>\n","protected":false},"featured_media":13435,"template":"","meta":{"_acf_changed":false},"product_brand":[],"product_cat":[513],"product_tag":[516],"class_list":{"0":"post-37873","1":"product","2":"type-product","3":"status-publish","4":"has-post-thumbnail","6":"product_cat-bols","7":"product_tag-animais","8":"pa_motivo-flamingos","10":"first","11":"instock","12":"shipping-taxable","13":"product-type-simple"},"acf":[],"_links":{"self":[{"href":"https:\/\/olemosaic.orbitalia.org\/pt-pt\/wp-json\/wp\/v2\/product\/37873","targetHints":{"allow":["GET"]}}],"collection":[{"href":"https:\/\/olemosaic.orbitalia.org\/pt-pt\/wp-json\/wp\/v2\/product"}],"about":[{"href":"https:\/\/olemosaic.orbitalia.org\/pt-pt\/wp-json\/wp\/v2\/types\/product"}],"wp:featuredmedia":[{"embeddable":true,"href":"https:\/\/olemosaic.orbitalia.org\/pt-pt\/wp-json\/wp\/v2\/media\/13435"}],"wp:attachment":[{"href":"https:\/\/olemosaic.orbitalia.org\/pt-pt\/wp-json\/wp\/v2\/media?parent=37873"}],"wp:term":[{"taxonomy":"product_brand","embeddable":true,"href":"https:\/\/olemosaic.orbitalia.org\/pt-pt\/wp-json\/wp\/v2\/product_brand?post=37873"},{"taxonomy":"product_cat","embeddable":true,"href":"https:\/\/olemosaic.orbitalia.org\/pt-pt\/wp-json\/wp\/v2\/product_cat?post=37873"},{"taxonomy":"product_tag","embeddable":true,"href":"https:\/\/olemosaic.orbitalia.org\/pt-pt\/wp-json\/wp\/v2\/product_tag?post=37873"}],"curies":[{"name":"wp","href":"https:\/\/api.w.org\/{rel}","templated":true}]}}