{"id":37861,"date":"2025-02-20T22:30:18","date_gmt":"2025-02-20T22:30:18","guid":{"rendered":"https:\/\/olemosaic.orbitalia.org\/producto\/bol-de-coco-con-flores-caballito-de-mar-gran-canaria\/"},"modified":"2025-07-25T18:56:46","modified_gmt":"2025-07-25T16:56:46","slug":"taca-de-coco-com-flores-cavalo-marinho-gran-canaria-pt-pt","status":"publish","type":"product","link":"https:\/\/olemosaic.orbitalia.org\/pt-pt\/produto\/taca-de-coco-com-flores-cavalo-marinho-gran-canaria-pt-pt\/","title":{"rendered":"Ta\u00e7a de coco com flores. Cavalo-marinho. Gran Canaria."},"content":{"rendered":"<p>Esta ta\u00e7a de coco decorada \u00e9 uma pe\u00e7a artesanal que captura a ess\u00eancia vibrante de Gran Canaria, fundindo beleza e funcionalidade num \u00fanico objeto. Com um design requintado que apresenta um cavalo-marinho no centro, esta pe\u00e7a destaca-se pelo seu acabamento em cer\u00e2mica e pelas suas cores vivas em forma de mosaico. Os tons amarelos, azuis e vermelhos que adornam a ta\u00e7a acrescentam um toque alegre e fresco, evocando a riqueza natural e a flora da ilha. Cada detalhe, desde as flores esbo\u00e7adas at\u00e9 ao elegante cavalo-marinho, \u00e9 cuidadosamente pintado \u00e0 m\u00e3o, o que torna esta ta\u00e7a uma aut\u00eantica recorda\u00e7\u00e3o de Gran Canaria.<\/p>\n<p>Esta ta\u00e7a, com o seu design distintivo de mosaico e a sua liga\u00e7\u00e3o ao mar e \u00e0 cultura can\u00e1ria, \u00e9 mais do que um simples objeto decorativo; \u00e9 uma representa\u00e7\u00e3o da tradi\u00e7\u00e3o art\u00edstica da regi\u00e3o. Ideal para servir aperitivos ou como pe\u00e7a decorativa, a sua autenticidade e car\u00e1ter cultural tornam-na um presente perfeito para quem deseja levar um pedacinho de Gran Canaria para casa. Na Ol\u00e9 Mosaic, somos distribuidores de souvenirs por grosso, e esta ta\u00e7a de coco \u00e9 uma excelente op\u00e7\u00e3o para lojas de recorda\u00e7\u00f5es tur\u00edsticas que procuram produtos aut\u00eanticos e de qualidade. A sua relev\u00e2ncia cultural como recorda\u00e7\u00e3o de Gran Canaria torna-a indispens\u00e1vel para os visitantes que desejam recordar a sua experi\u00eancia nesta bela ilha.<\/p>\n","protected":false},"excerpt":{"rendered":"<p>Ta\u00e7a de coco decorada com um design floral vibrante e um cavalo-marinho, que evoca o encanto de Gran Canaria. Este artigo artesanal combina o acabamento cer\u00e2mico com elementos coloridos em forma de mosaico, destacando os tons amarelos, azuis e vermelhos que lhe d\u00e3o um toque alegre. O cavalo-marinho, pintado com detalhes castanhos, ocupa o centro, tornando esta ta\u00e7a um atrativo souvenir ou pe\u00e7a decorativa ideal para qualquer casa.<\/p>\n","protected":false},"featured_media":10348,"template":"","meta":{"_acf_changed":false},"product_brand":[],"product_cat":[513],"product_tag":[516],"class_list":{"0":"post-37861","1":"product","2":"type-product","3":"status-publish","4":"has-post-thumbnail","6":"product_cat-bols","7":"product_tag-animais","8":"pa_ciudad-gran-canaria","9":"pa_motivo-cavalos-marinhos","10":"pa_pais-espana","12":"first","13":"instock","14":"shipping-taxable","15":"product-type-simple"},"acf":[],"_links":{"self":[{"href":"https:\/\/olemosaic.orbitalia.org\/pt-pt\/wp-json\/wp\/v2\/product\/37861","targetHints":{"allow":["GET"]}}],"collection":[{"href":"https:\/\/olemosaic.orbitalia.org\/pt-pt\/wp-json\/wp\/v2\/product"}],"about":[{"href":"https:\/\/olemosaic.orbitalia.org\/pt-pt\/wp-json\/wp\/v2\/types\/product"}],"wp:featuredmedia":[{"embeddable":true,"href":"https:\/\/olemosaic.orbitalia.org\/pt-pt\/wp-json\/wp\/v2\/media\/10348"}],"wp:attachment":[{"href":"https:\/\/olemosaic.orbitalia.org\/pt-pt\/wp-json\/wp\/v2\/media?parent=37861"}],"wp:term":[{"taxonomy":"product_brand","embeddable":true,"href":"https:\/\/olemosaic.orbitalia.org\/pt-pt\/wp-json\/wp\/v2\/product_brand?post=37861"},{"taxonomy":"product_cat","embeddable":true,"href":"https:\/\/olemosaic.orbitalia.org\/pt-pt\/wp-json\/wp\/v2\/product_cat?post=37861"},{"taxonomy":"product_tag","embeddable":true,"href":"https:\/\/olemosaic.orbitalia.org\/pt-pt\/wp-json\/wp\/v2\/product_tag?post=37861"}],"curies":[{"name":"wp","href":"https:\/\/api.w.org\/{rel}","templated":true}]}}