{"id":37857,"date":"2025-02-20T22:30:14","date_gmt":"2025-02-20T22:30:14","guid":{"rendered":"https:\/\/olemosaic.orbitalia.org\/producto\/bol-de-coco-con-flores-sardina-lisboa\/"},"modified":"2025-07-25T19:18:36","modified_gmt":"2025-07-25T17:18:36","slug":"taca-de-coco-com-flores-sardinha-lisboa-pt-pt","status":"publish","type":"product","link":"https:\/\/olemosaic.orbitalia.org\/pt-pt\/produto\/taca-de-coco-com-flores-sardinha-lisboa-pt-pt\/","title":{"rendered":"Ta\u00e7a de coco com flores. Sardinha. Lisboa."},"content":{"rendered":"<p>Esta ta\u00e7a de coco decorada \u00e9 uma aut\u00eantica homenagem \u00e0 tradi\u00e7\u00e3o lisboeta, desenhada para capturar a ess\u00eancia vibrante da capital portuguesa. Fabricada em cer\u00e2mica de alta qualidade, a ta\u00e7a apresenta um design atraente pintado \u00e0 m\u00e3o, onde motivos florais numa gama de tons azuis, amarelos e rosas rodeiam uma ilustra\u00e7\u00e3o central de uma sardinha em castanho, um s\u00edmbolo significativo da gastronomia e cultura de Lisboa. Com uma t\u00e9cnica artesanal que real\u00e7a a dedica\u00e7\u00e3o e habilidade dos artes\u00e3os locais, cada pe\u00e7a \u00e9 \u00fanica, o que a torna uma recorda\u00e7\u00e3o representativa e aut\u00eantica da cidade.<\/p>\n<p>A ta\u00e7a n\u00e3o s\u00f3 \u00e9 ideal para uso decorativo, como tamb\u00e9m pode servir como um elegante complemento de mesa, incorporando um toque colorido e distintivo a qualquer ambiente. Este design brinca com elementos t\u00edpicos dos mercados de peixe de Lisboa, onde a sardinha se ergue como um ic\u00f3nico s\u00edmbolo culin\u00e1rio. Ao escolher esta ta\u00e7a, os turistas n\u00e3o s\u00f3 adquirem um belo objeto decorativo, mas tamb\u00e9m un fragmento da rica hist\u00f3ria e cultura lisboeta.<\/p>\n<p>Na Ol\u00e9 Mosaic, especializamo-nos na distribui\u00e7\u00e3o de recorda\u00e7\u00f5es por grosso, oferecendo produtos que refletem a autenticidade e beleza da sua regi\u00e3o de origem. Esta ta\u00e7a de coco \u00e9 uma excelente op\u00e7\u00e3o para lojas de presentes tur\u00edsticos que procuram recorda\u00e7\u00f5es \u00fanicas e com valor cultural, elevando assim a experi\u00eancia de compra dos seus clientes.<\/p>\n","protected":false},"excerpt":{"rendered":"<p>Ta\u00e7a de coco decorada com flores e uma sardinha, inspirada na tradi\u00e7\u00e3o lisboeta. Fabricada em cer\u00e2mica, apresenta um design vibrante com motivos florais em tons azuis, amarelos e rosas, que rodeiam uma ilustra\u00e7\u00e3o de uma sardinha em cor castanha. A t\u00e9cnica de pintura \u00e0 m\u00e3o real\u00e7a o artesanato local, oferecendo um toque colorido e distintivo que evoca o ambiente dos mercados de peixe de Lisboa. Ideal para decorar ou como complemento de mesa.<\/p>\n","protected":false},"featured_media":10288,"template":"","meta":{"_acf_changed":false},"product_brand":[],"product_cat":[513],"product_tag":[516],"class_list":{"0":"post-37857","1":"product","2":"type-product","3":"status-publish","4":"has-post-thumbnail","6":"product_cat-bols","7":"product_tag-animais","8":"pa_ciudad-lisboa","9":"pa_motivo-sardinhas","10":"pa_pais-portugal","12":"first","13":"instock","14":"shipping-taxable","15":"product-type-simple"},"acf":[],"_links":{"self":[{"href":"https:\/\/olemosaic.orbitalia.org\/pt-pt\/wp-json\/wp\/v2\/product\/37857","targetHints":{"allow":["GET"]}}],"collection":[{"href":"https:\/\/olemosaic.orbitalia.org\/pt-pt\/wp-json\/wp\/v2\/product"}],"about":[{"href":"https:\/\/olemosaic.orbitalia.org\/pt-pt\/wp-json\/wp\/v2\/types\/product"}],"wp:featuredmedia":[{"embeddable":true,"href":"https:\/\/olemosaic.orbitalia.org\/pt-pt\/wp-json\/wp\/v2\/media\/10288"}],"wp:attachment":[{"href":"https:\/\/olemosaic.orbitalia.org\/pt-pt\/wp-json\/wp\/v2\/media?parent=37857"}],"wp:term":[{"taxonomy":"product_brand","embeddable":true,"href":"https:\/\/olemosaic.orbitalia.org\/pt-pt\/wp-json\/wp\/v2\/product_brand?post=37857"},{"taxonomy":"product_cat","embeddable":true,"href":"https:\/\/olemosaic.orbitalia.org\/pt-pt\/wp-json\/wp\/v2\/product_cat?post=37857"},{"taxonomy":"product_tag","embeddable":true,"href":"https:\/\/olemosaic.orbitalia.org\/pt-pt\/wp-json\/wp\/v2\/product_tag?post=37857"}],"curies":[{"name":"wp","href":"https:\/\/api.w.org\/{rel}","templated":true}]}}