{"id":37856,"date":"2025-02-20T23:30:14","date_gmt":"2025-02-20T22:30:14","guid":{"rendered":"https:\/\/olemosaic.orbitalia.org\/producto\/bol-de-coco-con-flores-tortuga-mallorca\/"},"modified":"2025-07-25T18:57:49","modified_gmt":"2025-07-25T16:57:49","slug":"taca-de-coco-com-flores-tartaruga-maiorca-pt-pt","status":"publish","type":"product","link":"https:\/\/olemosaic.orbitalia.org\/pt-pt\/produto\/taca-de-coco-com-flores-tartaruga-maiorca-pt-pt\/","title":{"rendered":"Ta\u00e7a de coco com flores. Tartaruga. Maiorca."},"content":{"rendered":"<p>Esta ta\u00e7a de coco decorada \u00e9 uma aut\u00eantica homenagem \u00e0 beleza de Maiorca, ideal para quem procura uma recorda\u00e7\u00e3o que encapsule a ess\u00eancia desta id\u00edlica ilha bale\u00e1rica. Com um acabamento pintado \u00e0 m\u00e3o, esta ta\u00e7a apresenta um design floral vibrante em tons quentes como laranja, vermelho e azul, que traz alegria e um toque mediterr\u00e2nico a qualquer ambiente. No centro, destaca-se uma tartaruga, s\u00edmbolo da vida marinha de Maiorca, juntamente com a inscri\u00e7\u00e3o &#8220;MALLORCA&#8221;, que real\u00e7a a sua autenticidade como recorda\u00e7\u00e3o deste belo destino.<\/p>\n<p>A forma natural da ta\u00e7a, elaborada a partir de coco, n\u00e3o s\u00f3 lhe confere um car\u00e1cter artesanal, mas tamb\u00e9m a torna um elemento decorativo vers\u00e1til, perfeito para apresentar aperitivos ou como pe\u00e7a de adorno. Cada uma destas ta\u00e7as \u00e9 \u00fanica, repleta de detalhes meticulosamente trabalhados, que refletem n\u00e3o s\u00f3 a destreza dos artes\u00e3os, mas tamb\u00e9m a rica cultura e tradi\u00e7\u00e3o da ilha.<\/p>\n<p>Na Ol\u00e9 Mosaic, especializamo-nos em oferecer recorda\u00e7\u00f5es aut\u00eanticas de Maiorca e outros destinos tur\u00edsticos, e esta ta\u00e7a de coco decorada \u00e9 uma op\u00e7\u00e3o ideal para lojas de presentes que procuram produtos de qualidade com hist\u00f3ria. Atraia os seus clientes com esta requintada ta\u00e7a, uma recorda\u00e7\u00e3o representativa que evocar\u00e1 o calor e a beleza da paisagem de Maiorca em cada utiliza\u00e7\u00e3o.<\/p>\n","protected":false},"excerpt":{"rendered":"<p>Ta\u00e7a de coco decorada com um design floral vibrante e uma tartaruga, que evoca a ess\u00eancia de Maiorca. Esta ta\u00e7a, com um acabamento de design artesanal, pintada \u00e0 m\u00e3o, em tons quentes como laranja, vermelho e azul, apresenta um motivo central com a palavra &#8220;MALLORCA&#8221;. Ideal como elemento decorativo ou para usar \u00e0 mesa, a sua forma natural e artesanal confere um toque \u00fanico a qualquer espa\u00e7o.<\/p>\n","protected":false},"featured_media":10368,"template":"","meta":{"_acf_changed":false},"product_brand":[],"product_cat":[513],"product_tag":[516],"class_list":{"0":"post-37856","1":"product","2":"type-product","3":"status-publish","4":"has-post-thumbnail","6":"product_cat-bols","7":"product_tag-animais","8":"pa_ciudad-mallorca","9":"pa_motivo-tartarugas","10":"pa_pais-espana","12":"first","13":"instock","14":"shipping-taxable","15":"product-type-simple"},"acf":[],"_links":{"self":[{"href":"https:\/\/olemosaic.orbitalia.org\/pt-pt\/wp-json\/wp\/v2\/product\/37856","targetHints":{"allow":["GET"]}}],"collection":[{"href":"https:\/\/olemosaic.orbitalia.org\/pt-pt\/wp-json\/wp\/v2\/product"}],"about":[{"href":"https:\/\/olemosaic.orbitalia.org\/pt-pt\/wp-json\/wp\/v2\/types\/product"}],"wp:featuredmedia":[{"embeddable":true,"href":"https:\/\/olemosaic.orbitalia.org\/pt-pt\/wp-json\/wp\/v2\/media\/10368"}],"wp:attachment":[{"href":"https:\/\/olemosaic.orbitalia.org\/pt-pt\/wp-json\/wp\/v2\/media?parent=37856"}],"wp:term":[{"taxonomy":"product_brand","embeddable":true,"href":"https:\/\/olemosaic.orbitalia.org\/pt-pt\/wp-json\/wp\/v2\/product_brand?post=37856"},{"taxonomy":"product_cat","embeddable":true,"href":"https:\/\/olemosaic.orbitalia.org\/pt-pt\/wp-json\/wp\/v2\/product_cat?post=37856"},{"taxonomy":"product_tag","embeddable":true,"href":"https:\/\/olemosaic.orbitalia.org\/pt-pt\/wp-json\/wp\/v2\/product_tag?post=37856"}],"curies":[{"name":"wp","href":"https:\/\/api.w.org\/{rel}","templated":true}]}}