{"id":37853,"date":"2025-02-20T23:30:10","date_gmt":"2025-02-20T22:30:10","guid":{"rendered":"https:\/\/olemosaic.orbitalia.org\/producto\/bol-de-coco-con-flores-ibiscus\/"},"modified":"2025-07-25T19:26:49","modified_gmt":"2025-07-25T17:26:49","slug":"taca-de-coco-com-flores-hibisco","status":"publish","type":"product","link":"https:\/\/olemosaic.orbitalia.org\/pt-pt\/produto\/taca-de-coco-com-flores-hibisco\/","title":{"rendered":"Ta\u00e7a de coco com flores. Hibisco."},"content":{"rendered":"<p>Esta ta\u00e7a de coco, decorada com motivos florais, \u00e9 uma pe\u00e7a artesanal que evoca o exotismo do hibisco e a rica heran\u00e7a cultural das regi\u00f5es mediterr\u00e2neas. De design artes\u00e3o, esta preciosa ta\u00e7a apresenta um design intrincado com mosaicos vibrantes em tons amarelos, vermelhos e azuis que contrastam maravilhosamente sobre um fundo claro, criando uma obra de arte para a vista. No centro, um elegante hibisco destaca-se, simbolizando a beleza natural e a diversidade floral destas zonas ensolaradas.<\/p>\n<p>A forma org\u00e2nica da ta\u00e7a n\u00e3o s\u00f3 lhe confere um car\u00e1ter \u00fanico, como tamb\u00e9m a torna uma pe\u00e7a funcional, ideal para a decora\u00e7\u00e3o da casa ou para servir aperitivos e petiscos em reuni\u00f5es. O seu apelo visual e a sua qualidade artesanal fazem desta ta\u00e7a de coco uma recorda\u00e7\u00e3o representativa e aut\u00eantica, perfeita para quem procura recordar a sua experi\u00eancia mediterr\u00e2nea ou para oferecer um pedacinho de Espanha ou Portugal.<\/p>\n<p>Na Ol\u00e9 Mosaic, oferecemos esta ta\u00e7a de flores como um excelente produto por grosso para lojas de presentes tur\u00edsticos. A sua relev\u00e2ncia cultural e o seu design muito especial tornam-na uma escolha ideal para aqueles que desejam adquirir recorda\u00e7\u00f5es da regi\u00e3o, assegurando que cada cliente leve para casa um fragmento da tradi\u00e7\u00e3o e do encanto das terras mediterr\u00e2neas.<\/p>\n","protected":false},"excerpt":{"rendered":"<p>Ta\u00e7a de coco decorada com motivos florais, inspirada no exotismo do hibisco. Esta preciosa ta\u00e7a apresenta um design intrincado, design artesanal, pintado \u00e0 m\u00e3o, com coloridos mosaicos em tons amarelos, vermelhos e azuis que se destacam sobre um fundo claro. O elegante hibisco no centro real\u00e7a a heran\u00e7a cultural, enquanto a sua forma org\u00e2nica adiciona um toque natural. Ideal como elemento decorativo ou funcional, evoca o encanto tropical das regi\u00f5es mediterr\u00e2neas.<\/p>\n","protected":false},"featured_media":13479,"template":"","meta":{"_acf_changed":false},"product_brand":[],"product_cat":[513],"product_tag":[],"class_list":{"0":"post-37853","1":"product","2":"type-product","3":"status-publish","4":"has-post-thumbnail","6":"product_cat-bols","7":"pa_motivo-hibisco","9":"first","10":"instock","11":"shipping-taxable","12":"product-type-simple"},"acf":[],"_links":{"self":[{"href":"https:\/\/olemosaic.orbitalia.org\/pt-pt\/wp-json\/wp\/v2\/product\/37853","targetHints":{"allow":["GET"]}}],"collection":[{"href":"https:\/\/olemosaic.orbitalia.org\/pt-pt\/wp-json\/wp\/v2\/product"}],"about":[{"href":"https:\/\/olemosaic.orbitalia.org\/pt-pt\/wp-json\/wp\/v2\/types\/product"}],"wp:featuredmedia":[{"embeddable":true,"href":"https:\/\/olemosaic.orbitalia.org\/pt-pt\/wp-json\/wp\/v2\/media\/13479"}],"wp:attachment":[{"href":"https:\/\/olemosaic.orbitalia.org\/pt-pt\/wp-json\/wp\/v2\/media?parent=37853"}],"wp:term":[{"taxonomy":"product_brand","embeddable":true,"href":"https:\/\/olemosaic.orbitalia.org\/pt-pt\/wp-json\/wp\/v2\/product_brand?post=37853"},{"taxonomy":"product_cat","embeddable":true,"href":"https:\/\/olemosaic.orbitalia.org\/pt-pt\/wp-json\/wp\/v2\/product_cat?post=37853"},{"taxonomy":"product_tag","embeddable":true,"href":"https:\/\/olemosaic.orbitalia.org\/pt-pt\/wp-json\/wp\/v2\/product_tag?post=37853"}],"curies":[{"name":"wp","href":"https:\/\/api.w.org\/{rel}","templated":true}]}}