{"id":37849,"date":"2025-02-20T23:30:09","date_gmt":"2025-02-20T22:30:09","guid":{"rendered":"https:\/\/olemosaic.orbitalia.org\/producto\/bol-de-coco-de-corazones-flor\/"},"modified":"2025-07-25T20:28:13","modified_gmt":"2025-07-25T18:28:13","slug":"taca-de-coco-de-coracoes-flor","status":"publish","type":"product","link":"https:\/\/olemosaic.orbitalia.org\/pt-pt\/produto\/taca-de-coco-de-coracoes-flor\/","title":{"rendered":"Ta\u00e7a de coco de cora\u00e7\u00f5es. Flor."},"content":{"rendered":"<p>Esta ta\u00e7a de coco decorada com motivos de cora\u00e7\u00f5es e flores \u00e9 uma pe\u00e7a artesanal que captura a ess\u00eancia da beleza mediterr\u00e2nea. Ideal para apresentar aperitivos ou como centro de mesa, este artigo destaca-se pelo seu encanto e versatilidade, tornando-se uma excelente recorda\u00e7\u00e3o que os turistas apreciar\u00e3o. A sua superf\u00edcie interior apresenta um delicado design pintado \u00e0 m\u00e3o, onde uma elegante flor central \u00e9 rodeada por cora\u00e7\u00f5es coloridos em tons pastel, evocando um ar fresco e vibrante que alegra qualquer espa\u00e7o. O acabamento brilhante do seu interior contrasta harmoniosamente com a textura natural do coco, proporcionando um toque quente e \u00fanico que real\u00e7a a dedica\u00e7\u00e3o e mestria do artes\u00e3o.<\/p>\n<p>Esta ta\u00e7a n\u00e3o \u00e9 apenas funcional, mas tamb\u00e9m serve como uma lembran\u00e7a da arte tradicional das ilhas mediterr\u00e2neas, onde o artesanato e a natureza se entrela\u00e7am. Na Ol\u00e9 Mosaic, orgulhamo-nos de ser distribuidores grossistas de produtos aut\u00eanticos que refletem a diversidade cultural do Mediterr\u00e2neo. Esta ta\u00e7a de coco \u00e9 uma recorda\u00e7\u00e3o perfeita para lojas de presentes tur\u00edsticos que procuram oferecer aos seus clientes uma representa\u00e7\u00e3o aut\u00eantica do artesanato local. Oferecer ou adquirir esta bela ta\u00e7a \u00e9 celebrar a cultura e a arte mediterr\u00e2nea em cada lar.<\/p>\n","protected":false},"excerpt":{"rendered":"<p>Ta\u00e7a de coco decorada com motivos de cora\u00e7\u00f5es e flores, ideal para apresentar aperitivos ou servir como centro de mesa. Este artigo artesanal combina a beleza do coco com um delicado design artesanal, pintado \u00e0 m\u00e3o, onde se destaca uma flor central rodeada de cora\u00e7\u00f5es coloridos em tons pastel. O seu acabamento brilhante e a textura natural do material conferem um toque quente e \u00fanico a qualquer decora\u00e7\u00e3o, evocando o encanto do artesanato mediterr\u00e2neo.<\/p>\n","protected":false},"featured_media":10301,"template":"","meta":{"_acf_changed":false},"product_brand":[],"product_cat":[513],"product_tag":[],"class_list":{"0":"post-37849","1":"product","2":"type-product","3":"status-publish","4":"has-post-thumbnail","6":"product_cat-bols","7":"pa_motivo-flores","9":"first","10":"instock","11":"shipping-taxable","12":"product-type-simple"},"acf":[],"_links":{"self":[{"href":"https:\/\/olemosaic.orbitalia.org\/pt-pt\/wp-json\/wp\/v2\/product\/37849","targetHints":{"allow":["GET"]}}],"collection":[{"href":"https:\/\/olemosaic.orbitalia.org\/pt-pt\/wp-json\/wp\/v2\/product"}],"about":[{"href":"https:\/\/olemosaic.orbitalia.org\/pt-pt\/wp-json\/wp\/v2\/types\/product"}],"wp:featuredmedia":[{"embeddable":true,"href":"https:\/\/olemosaic.orbitalia.org\/pt-pt\/wp-json\/wp\/v2\/media\/10301"}],"wp:attachment":[{"href":"https:\/\/olemosaic.orbitalia.org\/pt-pt\/wp-json\/wp\/v2\/media?parent=37849"}],"wp:term":[{"taxonomy":"product_brand","embeddable":true,"href":"https:\/\/olemosaic.orbitalia.org\/pt-pt\/wp-json\/wp\/v2\/product_brand?post=37849"},{"taxonomy":"product_cat","embeddable":true,"href":"https:\/\/olemosaic.orbitalia.org\/pt-pt\/wp-json\/wp\/v2\/product_cat?post=37849"},{"taxonomy":"product_tag","embeddable":true,"href":"https:\/\/olemosaic.orbitalia.org\/pt-pt\/wp-json\/wp\/v2\/product_tag?post=37849"}],"curies":[{"name":"wp","href":"https:\/\/api.w.org\/{rel}","templated":true}]}}