{"id":37848,"date":"2025-02-20T22:30:09","date_gmt":"2025-02-20T22:30:09","guid":{"rendered":"https:\/\/olemosaic.orbitalia.org\/producto\/bol-de-coco-de-corazones-isla-gran-canaria\/"},"modified":"2025-07-25T19:27:48","modified_gmt":"2025-07-25T17:27:48","slug":"taca-de-coco-de-coracoes-ilha-gran-canaria-pt-pt","status":"publish","type":"product","link":"https:\/\/olemosaic.orbitalia.org\/pt-pt\/produto\/taca-de-coco-de-coracoes-ilha-gran-canaria-pt-pt\/","title":{"rendered":"Ta\u00e7a de coco de cora\u00e7\u00f5es. Ilha. Gran Canaria."},"content":{"rendered":"<p>Esta ta\u00e7a de coco com motivos de cora\u00e7\u00f5es \u00e9 uma recorda\u00e7\u00e3o exclusiva que capta a ess\u00eancia vibrante de Gran Canaria. Elaborada a partir de cascas de coco, este acess\u00f3rio atraente apresenta um design interior em mosaico que combina tons suaves com detalhes coloridos em azul, laranja e castanho, criando um efeito visual cativante. No centro, a silhueta da ilha \u00e9 acompanhada pelo texto &#8220;Gran Canaria&#8221;, refor\u00e7ando o car\u00e1ter distintivo do produto e tornando-o uma pe\u00e7a \u00fanica, ideal para recordar as belas paisagens da regi\u00e3o.<\/p>\n<p>A ta\u00e7a n\u00e3o \u00e9 apenas funcional, mas tamb\u00e9m representa a rica heran\u00e7a cultural can\u00e1ria, evocando o calor e o esp\u00edrito acolhedor dos seus costumes. Cada ta\u00e7a \u00e9 um testemunho da habilidade artesanal local, ideal para quem procura recorda\u00e7\u00f5es aut\u00eanticas que reflitam a beleza de Gran Canaria. O seu estilo chamativo e o seu design atraente tornam-na um magn\u00edfico presente ou um elemento decorativo perfeito para qualquer casa.<\/p>\n<p>Na Ol\u00e9 Mosaic, orgulhamo-nos de oferecer produtos aut\u00eanticos e de alta qualidade, como esta ta\u00e7a de coco de cora\u00e7\u00f5es, que \u00e9 uma excelente op\u00e7\u00e3o para lojas de presentes tur\u00edsticos que desejem oferecer aos seus clientes recorda\u00e7\u00f5es memor\u00e1veis da sua visita a Gran Canaria. Como distribuidores de recorda\u00e7\u00f5es por grosso, garantimos que cada pe\u00e7a \u00e9 um reflexo da arte e da tradi\u00e7\u00e3o can\u00e1ria.<\/p>\n","protected":false},"excerpt":{"rendered":"<p>Ta\u00e7a de coco decorada com motivos de cora\u00e7\u00f5es, inspirada na beleza de Gran Canaria. Este acess\u00f3rio atraente, elaborado a partir de cascas de coco, apresenta um design interior em mosaico com tons suaves e detalhes coloridos em azul, laranja e castanho. No centro, destaca-se a silhueta da ilha com o texto &#8220;Gran Canaria&#8221;, o que lhe confere um toque distintivo, ideal para recordar a aut\u00eantica ess\u00eancia can\u00e1ria na sua casa.<\/p>\n","protected":false},"featured_media":10313,"template":"","meta":{"_acf_changed":false},"product_brand":[],"product_cat":[513],"product_tag":[],"class_list":{"0":"post-37848","1":"product","2":"type-product","3":"status-publish","4":"has-post-thumbnail","6":"product_cat-bols","7":"pa_ciudad-gran-canaria","8":"pa_motivo-ilhas","9":"pa_pais-espana","11":"first","12":"instock","13":"shipping-taxable","14":"product-type-simple"},"acf":[],"_links":{"self":[{"href":"https:\/\/olemosaic.orbitalia.org\/pt-pt\/wp-json\/wp\/v2\/product\/37848","targetHints":{"allow":["GET"]}}],"collection":[{"href":"https:\/\/olemosaic.orbitalia.org\/pt-pt\/wp-json\/wp\/v2\/product"}],"about":[{"href":"https:\/\/olemosaic.orbitalia.org\/pt-pt\/wp-json\/wp\/v2\/types\/product"}],"wp:featuredmedia":[{"embeddable":true,"href":"https:\/\/olemosaic.orbitalia.org\/pt-pt\/wp-json\/wp\/v2\/media\/10313"}],"wp:attachment":[{"href":"https:\/\/olemosaic.orbitalia.org\/pt-pt\/wp-json\/wp\/v2\/media?parent=37848"}],"wp:term":[{"taxonomy":"product_brand","embeddable":true,"href":"https:\/\/olemosaic.orbitalia.org\/pt-pt\/wp-json\/wp\/v2\/product_brand?post=37848"},{"taxonomy":"product_cat","embeddable":true,"href":"https:\/\/olemosaic.orbitalia.org\/pt-pt\/wp-json\/wp\/v2\/product_cat?post=37848"},{"taxonomy":"product_tag","embeddable":true,"href":"https:\/\/olemosaic.orbitalia.org\/pt-pt\/wp-json\/wp\/v2\/product_tag?post=37848"}],"curies":[{"name":"wp","href":"https:\/\/api.w.org\/{rel}","templated":true}]}}