{"id":37844,"date":"2025-02-20T22:30:09","date_gmt":"2025-02-20T22:30:09","guid":{"rendered":"https:\/\/olemosaic.orbitalia.org\/producto\/bol-de-coco-con-flores-abanico\/"},"modified":"2025-07-25T18:33:25","modified_gmt":"2025-07-25T16:33:25","slug":"taca-de-coco-com-flores-leque-pt-pt","status":"publish","type":"product","link":"https:\/\/olemosaic.orbitalia.org\/pt-pt\/produto\/taca-de-coco-com-flores-leque-pt-pt\/","title":{"rendered":"Ta\u00e7a de coco com flores. Leque."},"content":{"rendered":"<p>Esta ta\u00e7a de coco decorada com flores \u00e9 uma pe\u00e7a requintada que irradia o vibrante esp\u00edrito andaluz, perfeita para quem procura uma recorda\u00e7\u00e3o aut\u00eantica e representativa da riqueza cultural do sul de Espanha. O seu design de mosaico, elaborado com detalhe meticuloso, destaca p\u00e9talas coloridas em tons de azul, vermelho e amarelo, evocando a beleza dos jardins andaluzes em plena flora\u00e7\u00e3o. A superf\u00edcie interna da ta\u00e7a, finamente trabalhada, apresenta um acabamento brilhante que real\u00e7a os tons naturais do coco, conferindo um toque r\u00fastico e elegante a qualquer espa\u00e7o.<\/p>\n<p>A ta\u00e7a n\u00e3o cumpre apenas uma fun\u00e7\u00e3o decorativa, mas tamb\u00e9m \u00e9 ideal para guardar pequenos objetos, tornando-se um acess\u00f3rio vers\u00e1til para o lar. A sua forma org\u00e2nica e os detalhes art\u00edsticos tornam-na uma pe\u00e7a \u00fanica que cativar\u00e1 o olhar de qualquer visitante. Esta joia artesanal liga-se \u00e0s tradi\u00e7\u00f5es da arte popular andaluza, celebrando a vis\u00e3o criativa dos artes\u00e3os locais que aperfei\u00e7oaram o seu of\u00edcio ao longo dos anos.<\/p>\n<p>Na Ol\u00e9 Mosaic, a nossa especialidade na distribui\u00e7\u00e3o de recorda\u00e7\u00f5es por grosso permite-nos oferecer esta ta\u00e7a de coco decorada como uma op\u00e7\u00e3o excecional para lojas de presentes tur\u00edsticos que desejam oferecer produtos que contam hist\u00f3rias. Esta ta\u00e7a de flores \u00e9 n\u00e3o s\u00f3 uma recorda\u00e7\u00e3o da Andaluzia, mas tamb\u00e9m um testemunho da autenticidade e do patrim\u00f3nio cultural que caracteriza Espanha.<\/p>\n","protected":false},"excerpt":{"rendered":"<p>Ta\u00e7a de coco decorada com flores, num vibrante estilo andaluz. Esta pe\u00e7a artesanal apresenta um belo design de mosaico, com p\u00e9talas coloridas em tons de azul, vermelho e amarelo, que evocam os jardins do sul de Espanha. A superf\u00edcie interior est\u00e1 finamente trabalhada e brilha com um acabamento que real\u00e7a os tons naturais do coco. Ideal para usar como objeto decorativo ou para guardar pequenos objetos.<\/p>\n","protected":false},"featured_media":10304,"template":"","meta":{"_acf_changed":false},"product_brand":[],"product_cat":[513],"product_tag":[],"class_list":{"0":"post-37844","1":"product","2":"type-product","3":"status-publish","4":"has-post-thumbnail","6":"product_cat-bols","7":"pa_motivo-leques","9":"first","10":"instock","11":"shipping-taxable","12":"product-type-simple"},"acf":[],"_links":{"self":[{"href":"https:\/\/olemosaic.orbitalia.org\/pt-pt\/wp-json\/wp\/v2\/product\/37844","targetHints":{"allow":["GET"]}}],"collection":[{"href":"https:\/\/olemosaic.orbitalia.org\/pt-pt\/wp-json\/wp\/v2\/product"}],"about":[{"href":"https:\/\/olemosaic.orbitalia.org\/pt-pt\/wp-json\/wp\/v2\/types\/product"}],"wp:featuredmedia":[{"embeddable":true,"href":"https:\/\/olemosaic.orbitalia.org\/pt-pt\/wp-json\/wp\/v2\/media\/10304"}],"wp:attachment":[{"href":"https:\/\/olemosaic.orbitalia.org\/pt-pt\/wp-json\/wp\/v2\/media?parent=37844"}],"wp:term":[{"taxonomy":"product_brand","embeddable":true,"href":"https:\/\/olemosaic.orbitalia.org\/pt-pt\/wp-json\/wp\/v2\/product_brand?post=37844"},{"taxonomy":"product_cat","embeddable":true,"href":"https:\/\/olemosaic.orbitalia.org\/pt-pt\/wp-json\/wp\/v2\/product_cat?post=37844"},{"taxonomy":"product_tag","embeddable":true,"href":"https:\/\/olemosaic.orbitalia.org\/pt-pt\/wp-json\/wp\/v2\/product_tag?post=37844"}],"curies":[{"name":"wp","href":"https:\/\/api.w.org\/{rel}","templated":true}]}}