{"id":37843,"date":"2025-02-20T22:30:00","date_gmt":"2025-02-20T22:30:00","guid":{"rendered":"https:\/\/olemosaic.orbitalia.org\/producto\/bol-de-coco-beige-flamenco\/"},"modified":"2025-07-25T20:44:49","modified_gmt":"2025-07-25T18:44:49","slug":"taca-de-coco-bege-flamingo-pt-pt","status":"publish","type":"product","link":"https:\/\/olemosaic.orbitalia.org\/pt-pt\/produto\/taca-de-coco-bege-flamingo-pt-pt\/","title":{"rendered":"Ta\u00e7a de coco bege. Flamingo."},"content":{"rendered":"<p>Esta ta\u00e7a de coco bege, adornada com um design encantador de flamingos, \u00e9 uma aut\u00eantica joia artesanal que captura a ess\u00eancia do ambiente mediterr\u00e2nico. Elaborada a partir de casca de coco, o seu acabamento brilhante real\u00e7a a beleza natural do material, enquanto os motivos de mosaico simulam a fluidez da \u00e1gua, conferindo um toque de frescura. No centro, dois flamingos apresentam-se numa postura rom\u00e2ntica, entrela\u00e7ando os seus pesco\u00e7os num gesto de amor, rodeados por um ambiente natural que evoca as praias quentes e serenas do sul de Espanha.<\/p>\n<p>Esta ta\u00e7a n\u00e3o \u00e9 apenas um objeto decorativo, mas tamb\u00e9m uma pe\u00e7a funcional que se destaca em qualquer lar, perfeita para arruma\u00e7\u00e3o ou como centro de mesa. O seu design elegante e a sua forma pr\u00e1tica tornam-na a recorda\u00e7\u00e3o ideal para os turistas que desejam levar para casa uma lembran\u00e7a representativa da cultura espanhola. O flamingo, emblema de gra\u00e7a e beleza, est\u00e1 intrinsecamente ligado \u00e0 tradi\u00e7\u00e3o e ao folclore do pa\u00eds, e esta pe\u00e7a \u00e9 um testemunho dessa liga\u00e7\u00e3o cultural.<\/p>\n<p>Na Ol\u00e9 Mosaic, especializamo-nos na distribui\u00e7\u00e3o de recorda\u00e7\u00f5es por grosso, e esta ta\u00e7a de coco \u00e9 uma excelente op\u00e7\u00e3o para as lojas de presentes tur\u00edsticos que procuram oferecer produtos de qualidade e com um significado cultural. Ao escolher esta ta\u00e7a, n\u00e3o opta apenas por um artigo decorativo, mas por uma recorda\u00e7\u00e3o aut\u00eantica que celebra a rica heran\u00e7a da regi\u00e3o.<\/p>\n","protected":false},"excerpt":{"rendered":"<p>Ta\u00e7a de coco bege decorada com um design de flamingos em tons de castanho. Esta elegante ta\u00e7a, elaborada a partir de casca de coco, apresenta um acabamento brilhante com motivos de mosaico que simulam a textura da \u00e1gua. A cena central destaca dois flamingos numa postura rom\u00e2ntica, rodeados por um ambiente natural que evoca o ambiente mediterr\u00e2nico. Perfeita como pe\u00e7a decorativa ou para guardar objetos, combina beleza e funcionalidade.<\/p>\n","protected":false},"featured_media":13516,"template":"","meta":{"_acf_changed":false},"product_brand":[],"product_cat":[513],"product_tag":[516],"class_list":{"0":"post-37843","1":"product","2":"type-product","3":"status-publish","4":"has-post-thumbnail","6":"product_cat-bols","7":"product_tag-animais","8":"pa_motivo-flamingos","10":"first","11":"instock","12":"shipping-taxable","13":"product-type-simple"},"acf":[],"_links":{"self":[{"href":"https:\/\/olemosaic.orbitalia.org\/pt-pt\/wp-json\/wp\/v2\/product\/37843","targetHints":{"allow":["GET"]}}],"collection":[{"href":"https:\/\/olemosaic.orbitalia.org\/pt-pt\/wp-json\/wp\/v2\/product"}],"about":[{"href":"https:\/\/olemosaic.orbitalia.org\/pt-pt\/wp-json\/wp\/v2\/types\/product"}],"wp:featuredmedia":[{"embeddable":true,"href":"https:\/\/olemosaic.orbitalia.org\/pt-pt\/wp-json\/wp\/v2\/media\/13516"}],"wp:attachment":[{"href":"https:\/\/olemosaic.orbitalia.org\/pt-pt\/wp-json\/wp\/v2\/media?parent=37843"}],"wp:term":[{"taxonomy":"product_brand","embeddable":true,"href":"https:\/\/olemosaic.orbitalia.org\/pt-pt\/wp-json\/wp\/v2\/product_brand?post=37843"},{"taxonomy":"product_cat","embeddable":true,"href":"https:\/\/olemosaic.orbitalia.org\/pt-pt\/wp-json\/wp\/v2\/product_cat?post=37843"},{"taxonomy":"product_tag","embeddable":true,"href":"https:\/\/olemosaic.orbitalia.org\/pt-pt\/wp-json\/wp\/v2\/product_tag?post=37843"}],"curies":[{"name":"wp","href":"https:\/\/api.w.org\/{rel}","templated":true}]}}