{"id":37840,"date":"2025-02-20T23:29:59","date_gmt":"2025-02-20T22:29:59","guid":{"rendered":"https:\/\/olemosaic.orbitalia.org\/producto\/bol-de-coco-azul-sardina-4\/"},"modified":"2025-07-25T17:52:51","modified_gmt":"2025-07-25T15:52:51","slug":"taca-de-coco-azul-sardinha-4-pt-pt","status":"publish","type":"product","link":"https:\/\/olemosaic.orbitalia.org\/pt-pt\/produto\/taca-de-coco-azul-sardinha-4-pt-pt\/","title":{"rendered":"Ta\u00e7a de coco azul. Sardinha. Portugal."},"content":{"rendered":"<p>Esta ta\u00e7a de coco azul, inspirada no folclore portugu\u00eas, \u00e9 uma pe\u00e7a encantadora que captura a ess\u00eancia da costa de Portugal. Decorada com um vibrante design de sardinhas, este produto artesanal apresenta um acabamento pintado \u00e0 m\u00e3o em atraentes tons azuis que evocam as \u00e1guas cristalinas do oceano Atl\u00e2ntico. A sua forma ovalada, com uma borda escura, confere-lhe um car\u00e1cter distintivo e elegante, perfeito para qualquer ambiente.<\/p>\n<p>Os detalhes art\u00edsticos da ta\u00e7a simulam um mosaico de c\u00edrculos em diversas tonalidades de azul, criando uma liga\u00e7\u00e3o visual com a tradi\u00e7\u00e3o piscat\u00f3ria da regi\u00e3o. As sardinhas, um s\u00edmbolo representativo da gastronomia portuguesa, n\u00e3o s\u00f3 embelezam o design, como tamb\u00e9m evocam o sabor da costa, servindo como lembran\u00e7a da rica cultura culin\u00e1ria do pa\u00eds. Esta ta\u00e7a \u00e9 mais do que um simples utens\u00edlio; torna-se uma bela recorda\u00e7\u00e3o que permite aos turistas levar um peda\u00e7o da heran\u00e7a portuguesa para as suas casas.<\/p>\n<p>Na Ol\u00e9 Mosaic, especializamo-nos na distribui\u00e7\u00e3o de recorda\u00e7\u00f5es por grosso, e esta ta\u00e7a de coco azul \u00e9 uma excelente op\u00e7\u00e3o para lojas de presentes tur\u00edsticos que procuram produtos aut\u00eanticos e de alta qualidade. A sua relevante liga\u00e7\u00e3o cultural e apelo visual tornam-na uma recorda\u00e7\u00e3o ideal da experi\u00eancia portuguesa.<\/p>\n","protected":false},"excerpt":{"rendered":"<p>Ta\u00e7a de coco azul inspirada no folclore portugu\u00eas, decorada com um design atraente de sardinhas. Esta ta\u00e7a original, com acabamento de design artesanal, pintada \u00e0 m\u00e3o, em tons azuis, apresenta uma borda escura que real\u00e7a a sua forma ovalada. Os detalhes art\u00edsticos simulam um mosaico com c\u00edrculos de diferentes tonalidades, evocando o mar e a tradi\u00e7\u00e3o piscat\u00f3ria portuguesa. Uma recorda\u00e7\u00e3o perfeita para levar um toque da costa lusa para o seu lar.<\/p>\n","protected":false},"featured_media":11984,"template":"","meta":{"_acf_changed":false},"product_brand":[],"product_cat":[513],"product_tag":[516],"class_list":{"0":"post-37840","1":"product","2":"type-product","3":"status-publish","4":"has-post-thumbnail","6":"product_cat-bols","7":"product_tag-animais","8":"pa_motivo-sardinhas","9":"pa_pais-portugal","11":"first","12":"instock","13":"shipping-taxable","14":"product-type-simple"},"acf":[],"_links":{"self":[{"href":"https:\/\/olemosaic.orbitalia.org\/pt-pt\/wp-json\/wp\/v2\/product\/37840","targetHints":{"allow":["GET"]}}],"collection":[{"href":"https:\/\/olemosaic.orbitalia.org\/pt-pt\/wp-json\/wp\/v2\/product"}],"about":[{"href":"https:\/\/olemosaic.orbitalia.org\/pt-pt\/wp-json\/wp\/v2\/types\/product"}],"wp:featuredmedia":[{"embeddable":true,"href":"https:\/\/olemosaic.orbitalia.org\/pt-pt\/wp-json\/wp\/v2\/media\/11984"}],"wp:attachment":[{"href":"https:\/\/olemosaic.orbitalia.org\/pt-pt\/wp-json\/wp\/v2\/media?parent=37840"}],"wp:term":[{"taxonomy":"product_brand","embeddable":true,"href":"https:\/\/olemosaic.orbitalia.org\/pt-pt\/wp-json\/wp\/v2\/product_brand?post=37840"},{"taxonomy":"product_cat","embeddable":true,"href":"https:\/\/olemosaic.orbitalia.org\/pt-pt\/wp-json\/wp\/v2\/product_cat?post=37840"},{"taxonomy":"product_tag","embeddable":true,"href":"https:\/\/olemosaic.orbitalia.org\/pt-pt\/wp-json\/wp\/v2\/product_tag?post=37840"}],"curies":[{"name":"wp","href":"https:\/\/api.w.org\/{rel}","templated":true}]}}